{"id":725822,"date":"2025-08-27T19:56:21","date_gmt":"2025-08-27T16:56:21","guid":{"rendered":"https:\/\/roveyayinevi.com.tr\/index.php\/urun\/osho-her-seye-sahipsiniz-kendiniz-haric\/"},"modified":"2026-04-16T02:33:38","modified_gmt":"2026-04-15T23:33:38","slug":"osho-her-seye-sahipsiniz-kendiniz-haric","status":"publish","type":"product","link":"https:\/\/roveyayinevi.com.tr\/index.php\/urun\/osho-her-seye-sahipsiniz-kendiniz-haric\/","title":{"rendered":"Osho \/ Her \u015eeye Sahipsiniz Kendiniz Hari\u00e7 !"},"content":{"rendered":"<p>\u201cHayat\u0131n kendi ba\u015f\u0131na bir anlam\u0131 yoktur. Hayat bir anlam olu\u015fturma f\u0131rsat\u0131d\u0131r. O, yaz\u0131lacak bir \u015fiir, s\u00f6ylenecek bir \u015fark\u0131, edilecek bir danst\u0131r. O senin kendinle m\u00fcnasebetine hast\u0131r.\u201dYa\u015fad\u0131\u011f\u0131m\u0131z y\u00fczy\u0131l\u0131n toplumsal ve bireysel sorunlar\u0131na dair yapt\u0131\u011f\u0131 tespitlerle milyonlarca mutsuz insan\u0131 pe\u015finden s\u00fcr\u00fcklemeyi ba\u015faran ve modern zaman gurusu olarak adland\u0131r\u0131lan s\u0131ra d\u0131\u015f\u0131 bir filozoftur Osho.Do\u011fu ve Bat\u0131\u2019n\u0131n mistik \u00f6\u011fretilerine ger\u00e7ek\u00e7i bir bak\u0131\u015f a\u00e7\u0131s\u0131yla yakla\u015fm\u0131\u015f, de\u011fi\u015fimin esas oldu\u011funu vurgulam\u0131\u015f ve ortaya \u00e7\u0131kard\u0131\u011f\u0131 harmanla g\u00fcn\u00fcm\u00fczde bile geni\u015f bir hayran kitlesine hitap etmeyi ba\u015farm\u0131\u015ft\u0131r.<\/p>\n","protected":false},"excerpt":{"rendered":"<p>\u201cHayat\u0131n kendi ba\u015f\u0131na bir anlam\u0131 yoktur. Hayat bir anlam olu\u015fturma f\u0131rsat\u0131d\u0131r. O, yaz\u0131lacak bir \u015fiir, s\u00f6ylenecek bir \u015fark\u0131, edilecek bir danst\u0131r. O senin kendinle m\u00fcnasebetine hast\u0131r.\u201dYa\u015fad\u0131\u011f\u0131m\u0131z<span class=\"excerpt-hellip\"> [\u2026]<\/span><\/p>\n","protected":false},"featured_media":0,"template":"","meta":{"_monsterinsights_skip_tracking":false,"_monsterinsights_sitenote_active":false,"_monsterinsights_sitenote_note":"","_monsterinsights_sitenote_category":0},"product_brand":[],"product_cat":[12388,13555],"product_tag":[],"class_list":{"0":"post-725822","1":"product","2":"type-product","3":"status-publish","5":"product_cat-felsefe","6":"product_cat-genel-felsefe","7":"pa_cilt-ciltsiz","8":"pa_tur-kitap","9":"pa_yayinevi-destek-yayinlari","10":"pa_yazar-tugba-sariunal","12":"first","13":"instock","14":"sale","15":"shipping-taxable","16":"purchasable","17":"product-type-simple"},"_links":{"self":[{"href":"https:\/\/roveyayinevi.com.tr\/index.php\/wp-json\/wp\/v2\/product\/725822","targetHints":{"allow":["GET"]}}],"collection":[{"href":"https:\/\/roveyayinevi.com.tr\/index.php\/wp-json\/wp\/v2\/product"}],"about":[{"href":"https:\/\/roveyayinevi.com.tr\/index.php\/wp-json\/wp\/v2\/types\/product"}],"wp:attachment":[{"href":"https:\/\/roveyayinevi.com.tr\/index.php\/wp-json\/wp\/v2\/media?parent=725822"}],"wp:term":[{"taxonomy":"product_brand","embeddable":true,"href":"https:\/\/roveyayinevi.com.tr\/index.php\/wp-json\/wp\/v2\/product_brand?post=725822"},{"taxonomy":"product_cat","embeddable":true,"href":"https:\/\/roveyayinevi.com.tr\/index.php\/wp-json\/wp\/v2\/product_cat?post=725822"},{"taxonomy":"product_tag","embeddable":true,"href":"https:\/\/roveyayinevi.com.tr\/index.php\/wp-json\/wp\/v2\/product_tag?post=725822"}],"curies":[{"name":"wp","href":"https:\/\/api.w.org\/{rel}","templated":true}]}}