{"id":725821,"date":"2025-08-27T19:56:20","date_gmt":"2025-08-27T16:56:20","guid":{"rendered":"https:\/\/roveyayinevi.com.tr\/index.php\/urun\/kurt-izi\/"},"modified":"2026-04-12T02:39:58","modified_gmt":"2026-04-11T23:39:58","slug":"kurt-izi","status":"publish","type":"product","link":"https:\/\/roveyayinevi.com.tr\/index.php\/urun\/kurt-izi\/","title":{"rendered":"Kurt \u0130zi"},"content":{"rendered":"<p>Do\u011fa, her zerresiyle sonsuz bir ya\u015fam ve bilgelik kayna\u011f\u0131d\u0131r. Do\u011fan\u0131n dilini anlayana ve duyana sonsuzlu\u011fun\/yarat\u0131m\u0131n bilgeli\u011fi kolayl\u0131kla, bollukla akar.Hayvanlar\u0131n ilhamla ve rehberlikle dolu ya\u015fam disiplinleri, \u00f6zellikle insan\u0131n hayat deneyimi a\u00e7\u0131s\u0131ndan de\u011ferli bilgiler f\u0131s\u0131ldar.\u201cUfkun \u00d6tesindekiler Serisi\u201d, hayvan do\u011fas\u0131n\u0131n insan ya\u015fam\u0131na katt\u0131\u011f\u0131 bilgeli\u011fi Kam k\u00fclt\u00fcr\u00fcn\u00fcn kadim \u00f6\u011fretileriyle aktarmas\u0131 a\u00e7\u0131s\u0131ndan, d\u00fcnya \u00e7ap\u0131nda referans g\u00f6sterilebilecek de\u011ferli bir kaynak olmas\u0131 amac\u0131yla haz\u0131rland\u0131.Serinin ilk ad\u0131m\u0131n\u0131 do\u011fan\u0131n en disiplinli ve sayg\u0131l\u0131 \u201c\u00f6\u011fretmeni\u201d olarak bilinen \u201cKurt\u201d att\u0131.Kurt, aile yap\u0131s\u0131, aile i\u00e7indeki hiyerar\u015fik d\u00fczeni, avlanmaktaki prensipleri, ya\u015fam ve \u00f6l\u00fcm olgusuna kar\u015f\u0131 duydu\u011fu sayg\u0131, \u00f6\u011frenmeye verdi\u011fi de\u011fer a\u00e7\u0131s\u0131ndan insan ya\u015fam\u0131na paha bi\u00e7ilemez bir bilgelik sunar.Kurdun do\u011fas\u0131n\u0131 anlad\u0131k\u00e7a, hem ya\u015fam sanat\u0131n\u0131n inceliklerini \u00f6\u011freneceksiniz hem de ya\u015fam yolculu\u011funuzda bilin\u00e7li ad\u0131mlarla ilerliyor olacaks\u0131n\u0131z.<\/p>\n","protected":false},"excerpt":{"rendered":"<p>Do\u011fa, her zerresiyle sonsuz bir ya\u015fam ve bilgelik kayna\u011f\u0131d\u0131r. Do\u011fan\u0131n dilini anlayana ve duyana sonsuzlu\u011fun\/yarat\u0131m\u0131n bilgeli\u011fi kolayl\u0131kla, bollukla akar.Hayvanlar\u0131n ilhamla ve rehberlikle dolu ya\u015fam disiplinleri, \u00f6zellikle<span class=\"excerpt-hellip\"> [\u2026]<\/span><\/p>\n","protected":false},"featured_media":0,"template":"","meta":{"_monsterinsights_skip_tracking":false,"_monsterinsights_sitenote_active":false,"_monsterinsights_sitenote_note":"","_monsterinsights_sitenote_category":0},"product_brand":[],"product_cat":[12364,12376],"product_tag":[],"class_list":{"0":"post-725821","1":"product","2":"type-product","3":"status-publish","5":"product_cat-genel-konular","6":"product_cat-kisisel-gelisim","7":"pa_cilt-ciltsiz","8":"pa_tur-kitap","9":"pa_yayinevi-destek-yayinlari","10":"pa_yazar-akagu-c-sertdemir","12":"first","13":"instock","14":"sale","15":"shipping-taxable","16":"purchasable","17":"product-type-simple"},"_links":{"self":[{"href":"https:\/\/roveyayinevi.com.tr\/index.php\/wp-json\/wp\/v2\/product\/725821","targetHints":{"allow":["GET"]}}],"collection":[{"href":"https:\/\/roveyayinevi.com.tr\/index.php\/wp-json\/wp\/v2\/product"}],"about":[{"href":"https:\/\/roveyayinevi.com.tr\/index.php\/wp-json\/wp\/v2\/types\/product"}],"wp:attachment":[{"href":"https:\/\/roveyayinevi.com.tr\/index.php\/wp-json\/wp\/v2\/media?parent=725821"}],"wp:term":[{"taxonomy":"product_brand","embeddable":true,"href":"https:\/\/roveyayinevi.com.tr\/index.php\/wp-json\/wp\/v2\/product_brand?post=725821"},{"taxonomy":"product_cat","embeddable":true,"href":"https:\/\/roveyayinevi.com.tr\/index.php\/wp-json\/wp\/v2\/product_cat?post=725821"},{"taxonomy":"product_tag","embeddable":true,"href":"https:\/\/roveyayinevi.com.tr\/index.php\/wp-json\/wp\/v2\/product_tag?post=725821"}],"curies":[{"name":"wp","href":"https:\/\/api.w.org\/{rel}","templated":true}]}}