{"id":725819,"date":"2025-08-27T19:56:19","date_gmt":"2025-08-27T16:56:19","guid":{"rendered":"https:\/\/roveyayinevi.com.tr\/index.php\/urun\/reform-serisi-ceza-hukuku-ii-ozel-hukumler\/"},"modified":"2026-04-16T02:33:38","modified_gmt":"2026-04-15T23:33:38","slug":"reform-serisi-ceza-hukuku-ii-ozel-hukumler","status":"publish","type":"product","link":"https:\/\/roveyayinevi.com.tr\/index.php\/urun\/reform-serisi-ceza-hukuku-ii-ozel-hukumler\/","title":{"rendered":"Reform Serisi Ceza Hukuku \u2013II (\u00d6zel H\u00fck\u00fcmler)"},"content":{"rendered":"<p>CEZA HUKUKU \u2013 II (\u00d6ZEL H\u00dcK\u00dcMLER) B\u0130R\u0130NC\u0130 B\u00d6L\u00dcM *KASTEN \u00d6LD\u00dcRME *Su\u00e7un Maddi Unsurlar\u0131*Su\u00e7un \u00d6zel G\u00f6r\u00fcn\u00fc\u015f Bi\u00e7imleri*TAKS\u0130RLE \u00d6LD\u00dcRME*Su\u00e7un Maddi Unsurlar\u0131*Fail, Su\u00e7un Konusu ve Ma\u011fdur *Kusurluluk \u0130K\u0130NC\u0130 B\u00d6L\u00dcM*KASTEN YARALAMA SU\u00c7U*NET\u0130CES\u0130 NEDEN\u0130YLE A\u011eIRLA\u015eMI\u015e YARALAMA*TAKS\u0130RLE YARALAMA  \u00dc\u00c7\u00dcNC\u00dc B\u00d6L\u00dcM*MALVARLI\u011eI ALEYH\u0130NE \u0130\u015eLENEN SU\u00c7LAR*HIRSIZLIK SU\u00c7U*YA\u011eMA SU\u00c7U*MALA ZARAR VERME*DOLANDIRICILIK*ORTAK H\u00dcK\u00dcMLER D\u00d6RD\u00dcNC\u00dc B\u00d6L\u00dcM*M\u0130LLETE VE DEVLETE KAR\u015eI SU\u00c7LAR*KAMU \u0130DARES\u0130N\u0130N G\u00dcVEN\u0130L\u0130RL\u0130\u011e\u0130NE VE \u0130\u015eLEY\u0130\u015e\u0130NE KAR\u015eI SU\u00c7LAR*Z\u0130MMET*\u0130RT\u0130KAP*R\u00dc\u015eVET CEZA HUKUKU \u2013 II SORULARI  ADL\u00ce H\u00c2K\u0130ML\u0130K SORULARI<\/p>\n","protected":false},"excerpt":{"rendered":"<p>CEZA HUKUKU \u2013 II (\u00d6ZEL H\u00dcK\u00dcMLER) B\u0130R\u0130NC\u0130 B\u00d6L\u00dcM *KASTEN \u00d6LD\u00dcRME *Su\u00e7un Maddi Unsurlar\u0131*Su\u00e7un \u00d6zel G\u00f6r\u00fcn\u00fc\u015f Bi\u00e7imleri*TAKS\u0130RLE \u00d6LD\u00dcRME*Su\u00e7un Maddi Unsurlar\u0131*Fail, Su\u00e7un Konusu ve Ma\u011fdur *Kusurluluk \u0130K\u0130NC\u0130 B\u00d6L\u00dcM*KASTEN<span class=\"excerpt-hellip\"> [\u2026]<\/span><\/p>\n","protected":false},"featured_media":0,"template":"","meta":{"_monsterinsights_skip_tracking":false,"_monsterinsights_sitenote_active":false,"_monsterinsights_sitenote_note":"","_monsterinsights_sitenote_category":0},"product_brand":[],"product_cat":[15350,17602],"product_tag":[],"class_list":{"0":"post-725819","1":"product","2":"type-product","3":"status-publish","5":"product_cat-hukuk","6":"product_cat-hukuk-uzerine","7":"pa_cilt-ciltsiz","8":"pa_tur-kitap","9":"pa_yayinevi-gazi-kitabevi","10":"pa_yazar-gazi-kolektif","12":"first","13":"instock","14":"sale","15":"shipping-taxable","16":"purchasable","17":"product-type-simple"},"_links":{"self":[{"href":"https:\/\/roveyayinevi.com.tr\/index.php\/wp-json\/wp\/v2\/product\/725819","targetHints":{"allow":["GET"]}}],"collection":[{"href":"https:\/\/roveyayinevi.com.tr\/index.php\/wp-json\/wp\/v2\/product"}],"about":[{"href":"https:\/\/roveyayinevi.com.tr\/index.php\/wp-json\/wp\/v2\/types\/product"}],"wp:attachment":[{"href":"https:\/\/roveyayinevi.com.tr\/index.php\/wp-json\/wp\/v2\/media?parent=725819"}],"wp:term":[{"taxonomy":"product_brand","embeddable":true,"href":"https:\/\/roveyayinevi.com.tr\/index.php\/wp-json\/wp\/v2\/product_brand?post=725819"},{"taxonomy":"product_cat","embeddable":true,"href":"https:\/\/roveyayinevi.com.tr\/index.php\/wp-json\/wp\/v2\/product_cat?post=725819"},{"taxonomy":"product_tag","embeddable":true,"href":"https:\/\/roveyayinevi.com.tr\/index.php\/wp-json\/wp\/v2\/product_tag?post=725819"}],"curies":[{"name":"wp","href":"https:\/\/api.w.org\/{rel}","templated":true}]}}