{"id":725816,"date":"2025-08-27T19:56:17","date_gmt":"2025-08-27T16:56:17","guid":{"rendered":"https:\/\/roveyayinevi.com.tr\/index.php\/urun\/icimdeki-mucize\/"},"modified":"2026-04-08T02:42:01","modified_gmt":"2026-04-07T23:42:01","slug":"icimdeki-mucize","status":"publish","type":"product","link":"https:\/\/roveyayinevi.com.tr\/index.php\/urun\/icimdeki-mucize\/","title":{"rendered":"\u0130\u00e7imdeki Mucize"},"content":{"rendered":"<p>Sadece hat\u0131rla.Sana senden daha yak\u0131n olana teslim ol.Seni a\u015fa\u011f\u0131ya itmek, yukar\u0131ya \u00e7ekmek, ileriye ya da geriye y\u00f6nlendirmek isteyenleri umursama, sadece kalbini takip et,en iyi y\u00f6n levhas\u0131 i\u00e7indedir.Kalbin, an\u2019da kald\u0131\u011f\u0131n m\u00fcddet\u00e7e b\u00fct\u00fcn yollar\u0131 g\u00f6sterecek sana, rehberin olacak. Senden t\u00fcm \u00e2lemlere ve zerrelere,t\u00fcm \u00e2lemlerden ve zerrelerden de yine sana akacak&#8230;Ruhsal yolculu\u011funun fark\u0131ndal\u0131k dura\u011f\u0131nda nefeslenmeyi se\u00e7en g\u00fczel insan, seyret\u2026Seyrin seni ruhunla yeniden bulu\u015fturacak.Sor kendine\u2026Bug\u00fcn sihirli bir g\u00fcnse ve diledi\u011fin her \u015fey ger\u00e7ekle\u015fecekse neyi arzu ederdin?Ya her g\u00fcn sihirliyse ya da ger\u00e7ek sihir sensen, peki o zaman neyi se\u00e7erdin?Haz\u0131r m\u0131s\u0131n?Yolculu\u011fumuz ba\u015fl\u0131yor\u2026\u0130\u00e7imdeki Mucize k\u00e2inat\u0131n en k\u0131ymetli m\u00fccevheri olan insana odaklan\u0131yor. \u0130nsan\u0131n i\u00e7indeki mucizevi enerjiyle \u00f6nce kendisini, sonra d\u00fcnyay\u0131 ve nihayetinde de Rabbini tan\u0131ma yolcu\u011funda elinden tutan bir dost oluyor Nalan \u015eahin\u2019in c\u00fcmleleri. \u201cAma\u201dlar\u0131n, \u201cKe\u015fke\u201dlerin karanl\u0131\u011f\u0131ndan \u00e7\u0131kar\u0131p, \u00fcmit ve hayallerin kalplerimizi s\u0131ms\u0131k\u0131 sard\u0131\u011f\u0131 bir g\u00f6z ayd\u0131nl\u0131\u011f\u0131na ta\u015f\u0131yor bizleri\u2026<\/p>\n","protected":false},"excerpt":{"rendered":"<p>Sadece hat\u0131rla.Sana senden daha yak\u0131n olana teslim ol.Seni a\u015fa\u011f\u0131ya itmek, yukar\u0131ya \u00e7ekmek, ileriye ya da geriye y\u00f6nlendirmek isteyenleri umursama, sadece kalbini takip et,en iyi y\u00f6n levhas\u0131<span class=\"excerpt-hellip\"> [\u2026]<\/span><\/p>\n","protected":false},"featured_media":0,"template":"","meta":{"_monsterinsights_skip_tracking":false,"_monsterinsights_sitenote_active":false,"_monsterinsights_sitenote_note":"","_monsterinsights_sitenote_category":0},"product_brand":[],"product_cat":[12364,12376],"product_tag":[],"class_list":{"0":"post-725816","1":"product","2":"type-product","3":"status-publish","5":"product_cat-genel-konular","6":"product_cat-kisisel-gelisim","7":"pa_cilt-ciltsiz","8":"pa_tur-kitap","9":"pa_yayinevi-sahi-kitap","10":"pa_yazar-nalan-sahin","12":"first","13":"instock","14":"sale","15":"shipping-taxable","16":"purchasable","17":"product-type-simple"},"_links":{"self":[{"href":"https:\/\/roveyayinevi.com.tr\/index.php\/wp-json\/wp\/v2\/product\/725816","targetHints":{"allow":["GET"]}}],"collection":[{"href":"https:\/\/roveyayinevi.com.tr\/index.php\/wp-json\/wp\/v2\/product"}],"about":[{"href":"https:\/\/roveyayinevi.com.tr\/index.php\/wp-json\/wp\/v2\/types\/product"}],"wp:attachment":[{"href":"https:\/\/roveyayinevi.com.tr\/index.php\/wp-json\/wp\/v2\/media?parent=725816"}],"wp:term":[{"taxonomy":"product_brand","embeddable":true,"href":"https:\/\/roveyayinevi.com.tr\/index.php\/wp-json\/wp\/v2\/product_brand?post=725816"},{"taxonomy":"product_cat","embeddable":true,"href":"https:\/\/roveyayinevi.com.tr\/index.php\/wp-json\/wp\/v2\/product_cat?post=725816"},{"taxonomy":"product_tag","embeddable":true,"href":"https:\/\/roveyayinevi.com.tr\/index.php\/wp-json\/wp\/v2\/product_tag?post=725816"}],"curies":[{"name":"wp","href":"https:\/\/api.w.org\/{rel}","templated":true}]}}