{"id":725815,"date":"2025-08-27T19:56:16","date_gmt":"2025-08-27T16:56:16","guid":{"rendered":"https:\/\/roveyayinevi.com.tr\/index.php\/urun\/savas-siirleri\/"},"modified":"2026-04-16T02:33:38","modified_gmt":"2026-04-15T23:33:38","slug":"savas-siirleri","status":"publish","type":"product","link":"https:\/\/roveyayinevi.com.tr\/index.php\/urun\/savas-siirleri\/","title":{"rendered":"Sava\u015f \u015eiirleri"},"content":{"rendered":"<p>Asker ve \u015fair Wilfred Owen\u2019\u0131n Sava\u015f \u015eiirleri, asker ve \u015fair Tamer G\u00fclbek\u2019in duru T\u00fcrk\u00e7esiyle tam y\u00fcz y\u0131l sonra dilimize kazand\u0131r\u0131l\u0131yor. Birinci D\u00fcnya Sava\u015f\u0131 edebiyat\u0131n\u0131n en \u00f6nemli isimlerinden biri olan Owen (1893-1918), sava\u015fta \u0130ngiltere ad\u0131na te\u011fmen r\u00fctbesiyle g\u00f6rev yapm\u0131\u015f ve sava\u015f\u0131n bitmesine \u00e7ok k\u0131sa bir s\u00fcre kala cephede hayat\u0131n\u0131 kaybetmi\u015ftir. Owen Birinci D\u00fcnya Sava\u015f\u0131n\u0131n ve genel olarak t\u00fcm sava\u015flar\u0131n yol a\u00e7t\u0131\u011f\u0131 b\u00fcy\u00fck ac\u0131lar\u0131, \u015fiir sanat\u0131n\u0131n en g\u00fczel \u00f6rneklerini verecek \u015fekilde dizelere d\u00f6km\u00fc\u015ft\u00fcr. \u00c7a\u011fda\u015f akademi d\u00fcnyas\u0131 Owen\u2019\u0131n eserlerini sava\u015f ko\u015fullar\u0131nda sava\u015fa dair yaz\u0131lm\u0131\u015f en \u00e7arp\u0131c\u0131 \u015fiirler olarak g\u00f6rmekte ve onun sonraki nesiller \u00fczerindeki derin etkisini teslim etmektedir.Yazar Hakk\u0131nda:18 Mart 1893&#8217;te do\u011fan \u0130ngiliz \u00f6\u011fretmen, asker ve \u015fair Wilfred Owen, Birinci D\u00fcnya Sava\u015f\u0131n\u0131n en \u00f6nemli seslerinden biri olarak kabul edilir. Bat\u0131 Cephesinde ya\u015fanan \u00e7arp\u0131\u015fmalar\u0131 insan odakl\u0131 bir bak\u0131\u015fla dile getiren \u015fiirler yazd\u0131\u011f\u0131 sava\u015fta, 4 Kas\u0131m 1918\u2019de, Ors\u2019daki Sambre-Oise kanal\u0131n\u0131 ge\u00e7mek i\u00e7in yap\u0131lan muharebede vurularak \u00f6ld\u00fcr\u00fclm\u00fc\u015ft\u00fcr. \u00d6l\u00fcm\u00fcn\u00fcn ard\u0131ndan kendisi hakk\u0131nda yaz\u0131lan eserler arac\u0131l\u0131\u011f\u0131yla geni\u015f \u00e7evrelerce tan\u0131n\u0131p okunmaya ba\u015flayan Owen, 20. y\u00fczy\u0131l \u0130ngiliz \u015fiirinin en sayg\u0131n isimlerinden biri olarak kabul g\u00f6rm\u00fc\u015f ve Birinci D\u00fcnya Sava\u015f\u0131n\u0131n y\u00fcz\u00fcnc\u00fc y\u0131ld\u00f6n\u00fcm\u00fcnde edebiyat \u00e7evrelerinde bir dizi etkinlikle an\u0131lm\u0131\u015ft\u0131r.<\/p>\n","protected":false},"excerpt":{"rendered":"<p>Asker ve \u015fair Wilfred Owen\u2019\u0131n Sava\u015f \u015eiirleri, asker ve \u015fair Tamer G\u00fclbek\u2019in duru T\u00fcrk\u00e7esiyle tam y\u00fcz y\u0131l sonra dilimize kazand\u0131r\u0131l\u0131yor. Birinci D\u00fcnya Sava\u015f\u0131 edebiyat\u0131n\u0131n en \u00f6nemli<span class=\"excerpt-hellip\"> [\u2026]<\/span><\/p>\n","protected":false},"featured_media":0,"template":"","meta":{"_monsterinsights_skip_tracking":false,"_monsterinsights_sitenote_active":false,"_monsterinsights_sitenote_note":"","_monsterinsights_sitenote_category":0},"product_brand":[],"product_cat":[12291,12509],"product_tag":[],"class_list":{"0":"post-725815","1":"product","2":"type-product","3":"status-publish","5":"product_cat-edebiyat","6":"product_cat-siir","7":"pa_cilt-ciltsiz","8":"pa_tur-kitap","9":"pa_yayinevi-vakifbank-kultur-yayinlari","10":"pa_yazar-wilfred-owen","12":"first","13":"instock","14":"sale","15":"shipping-taxable","16":"purchasable","17":"product-type-simple"},"_links":{"self":[{"href":"https:\/\/roveyayinevi.com.tr\/index.php\/wp-json\/wp\/v2\/product\/725815","targetHints":{"allow":["GET"]}}],"collection":[{"href":"https:\/\/roveyayinevi.com.tr\/index.php\/wp-json\/wp\/v2\/product"}],"about":[{"href":"https:\/\/roveyayinevi.com.tr\/index.php\/wp-json\/wp\/v2\/types\/product"}],"wp:attachment":[{"href":"https:\/\/roveyayinevi.com.tr\/index.php\/wp-json\/wp\/v2\/media?parent=725815"}],"wp:term":[{"taxonomy":"product_brand","embeddable":true,"href":"https:\/\/roveyayinevi.com.tr\/index.php\/wp-json\/wp\/v2\/product_brand?post=725815"},{"taxonomy":"product_cat","embeddable":true,"href":"https:\/\/roveyayinevi.com.tr\/index.php\/wp-json\/wp\/v2\/product_cat?post=725815"},{"taxonomy":"product_tag","embeddable":true,"href":"https:\/\/roveyayinevi.com.tr\/index.php\/wp-json\/wp\/v2\/product_tag?post=725815"}],"curies":[{"name":"wp","href":"https:\/\/api.w.org\/{rel}","templated":true}]}}