{"id":725814,"date":"2025-08-27T19:56:15","date_gmt":"2025-08-27T16:56:15","guid":{"rendered":"https:\/\/roveyayinevi.com.tr\/index.php\/urun\/kor-muzisyen\/"},"modified":"2026-04-16T02:33:37","modified_gmt":"2026-04-15T23:33:37","slug":"kor-muzisyen","status":"publish","type":"product","link":"https:\/\/roveyayinevi.com.tr\/index.php\/urun\/kor-muzisyen\/","title":{"rendered":"K\u00f6r M\u00fczisyen"},"content":{"rendered":"<p>On dokuzuncu y\u00fczy\u0131l Rus edebiyat\u0131n\u0131n son b\u00fcy\u00fck temsilcilerinden biri olan Vladimir Korolenko (1853-1921) Vak\u0131fBank K\u00fclt\u00fcr Yay\u0131nlar\u0131 arac\u0131l\u0131\u011f\u0131yla ilk defa T\u00fcrkiye\u2019deki okurlar\u0131yla bulu\u015fuyor. Rus edebiyat\u0131n\u0131n pedagojik ve psikolojik bak\u0131mdan en de\u011ferli klasiklerinden biri say\u0131lan ve bir\u00e7ok d\u00fcnya diline \u00e7evrilen K\u00f6r M\u00fczisyen, 1886\u2019da yay\u0131nland\u0131\u011f\u0131 ilk g\u00fcnden itibaren b\u00fcy\u00fck ilgiyle kar\u015f\u0131lanm\u0131\u015ft\u0131r. Korolenko\u2019nun, g\u00f6rme engelli k\u00fc\u00e7\u00fck bir \u00e7ocu\u011fun m\u00fczikle tan\u0131\u015fmas\u0131n\u0131n ard\u0131ndan de\u011fi\u015fen i\u00e7 d\u00fcnyas\u0131n\u0131 adeta kadife kalemle yaz\u0131ya d\u00f6kt\u00fc\u011f\u00fc bu aile hik\u00e2yesi, k\u0131rsal Rus ya\u015fam\u0131na dair bize b\u00fcy\u00fcleyici bir anlat\u0131m sunuyor. Levent \u00d6z\u00fcbek\u2019in duru bir T\u00fcrk\u00e7eyle dilimize kazand\u0131rd\u0131\u011f\u0131 K\u00f6r M\u00fczisyen\u2019in, okurlar\u0131na, klasiklere mahsus bir lezzet vaat etti\u011fini s\u00f6yleyebiliriz.Yazar Hakk\u0131nda:Rus edebiyat\u0131n\u0131n alt\u0131n \u00e7a\u011f\u0131n\u0131n son temsilcilerinden biri olan Vladimir Korolenko, 27 Temmuz 1853\u2019te Ukrayna\u2019da do\u011fdu. Ailesi Kossak ve Leh k\u00f6kenlidir. Turgenyev, \u015eev\u00e7enko ve Nekrasov\u2019un etkisiyle yaz\u0131 hayat\u0131na ba\u015flad\u0131. Uzun y\u0131llar gazetecilik yap\u0131p yoksul insanlar i\u00e7in yard\u0131m faaliyetlerinde \u00e7al\u0131\u015ft\u0131. Rus narodniklerine ilham veren pek \u00e7ok te\u015febb\u00fcste \u00f6nemli roller \u00fcstlendi. En \u00f6nemli eserleri aras\u0131nda, K\u00f6r M\u00fczisyen\u2019in yan\u0131 s\u0131ra, Sibirya\u2019daki s\u00fcrg\u00fcn d\u00f6neminden beslenen Makar\u2019\u0131n R\u00fcyas\u0131, Dilsiz, M\u0131r\u0131ldanan Orman gibi bir\u00e7ok k\u0131sa hik\u00e2ye ve novella bulunmaktad\u0131r. Korolenko, uzun y\u0131llar muhalefet etti\u011fi \u00e7arl\u0131k rejiminin y\u0131k\u0131ld\u0131\u011f\u0131n\u0131 g\u00f6rd\u00fckten sonra, 25 Aral\u0131k 1921\u2019de vefat etti.<\/p>\n","protected":false},"excerpt":{"rendered":"<p>On dokuzuncu y\u00fczy\u0131l Rus edebiyat\u0131n\u0131n son b\u00fcy\u00fck temsilcilerinden biri olan Vladimir Korolenko (1853-1921) Vak\u0131fBank K\u00fclt\u00fcr Yay\u0131nlar\u0131 arac\u0131l\u0131\u011f\u0131yla ilk defa T\u00fcrkiye\u2019deki okurlar\u0131yla bulu\u015fuyor. Rus edebiyat\u0131n\u0131n pedagojik ve<span class=\"excerpt-hellip\"> [\u2026]<\/span><\/p>\n","protected":false},"featured_media":0,"template":"","meta":{"_monsterinsights_skip_tracking":false,"_monsterinsights_sitenote_active":false,"_monsterinsights_sitenote_note":"","_monsterinsights_sitenote_category":0},"product_brand":[],"product_cat":[12291,12711],"product_tag":[],"class_list":{"0":"post-725814","1":"product","2":"type-product","3":"status-publish","5":"product_cat-edebiyat","6":"product_cat-roman-oyku","7":"pa_cilt-ciltsiz","8":"pa_tur-kitap","9":"pa_yayinevi-vakifbank-kultur-yayinlari","10":"pa_yazar-vladimir-korolenko","12":"first","13":"instock","14":"sale","15":"shipping-taxable","16":"purchasable","17":"product-type-simple"},"_links":{"self":[{"href":"https:\/\/roveyayinevi.com.tr\/index.php\/wp-json\/wp\/v2\/product\/725814","targetHints":{"allow":["GET"]}}],"collection":[{"href":"https:\/\/roveyayinevi.com.tr\/index.php\/wp-json\/wp\/v2\/product"}],"about":[{"href":"https:\/\/roveyayinevi.com.tr\/index.php\/wp-json\/wp\/v2\/types\/product"}],"wp:attachment":[{"href":"https:\/\/roveyayinevi.com.tr\/index.php\/wp-json\/wp\/v2\/media?parent=725814"}],"wp:term":[{"taxonomy":"product_brand","embeddable":true,"href":"https:\/\/roveyayinevi.com.tr\/index.php\/wp-json\/wp\/v2\/product_brand?post=725814"},{"taxonomy":"product_cat","embeddable":true,"href":"https:\/\/roveyayinevi.com.tr\/index.php\/wp-json\/wp\/v2\/product_cat?post=725814"},{"taxonomy":"product_tag","embeddable":true,"href":"https:\/\/roveyayinevi.com.tr\/index.php\/wp-json\/wp\/v2\/product_tag?post=725814"}],"curies":[{"name":"wp","href":"https:\/\/api.w.org\/{rel}","templated":true}]}}