{"id":725811,"date":"2025-08-27T19:56:13","date_gmt":"2025-08-27T16:56:13","guid":{"rendered":"https:\/\/roveyayinevi.com.tr\/index.php\/urun\/bir-polis-hafiyesinin-harikulade-maceralari\/"},"modified":"2026-04-16T02:33:37","modified_gmt":"2026-04-15T23:33:37","slug":"bir-polis-hafiyesinin-harikulade-maceralari","status":"publish","type":"product","link":"https:\/\/roveyayinevi.com.tr\/index.php\/urun\/bir-polis-hafiyesinin-harikulade-maceralari\/","title":{"rendered":"Bir Polis Hafiyesinin Harikulade Maceralar\u0131"},"content":{"rendered":"<p>\u201cBir\u00e7ok harikuladelikler, esrarengiz vakalar, a\u015fk, intikam, cinayet, intihar, takip gibi heyecanlarla dolu mill\u00ee romand\u0131r\u201d1928 y\u0131l\u0131nda ne\u015fredilmi\u015f iki kitaptan olu\u015fan \u201cBir Polis Hafiyesinin Harikulade Maceralar\u0131\u201d serisinin ana karakteri Raif Cenap Bey, t\u0131pk\u0131 Sherlock Holmes gibi, kendisine yard\u0131m eden Haydar Cemil Bey\u2019in deste\u011fiyle olaylar\u0131n geli\u015fimini dikkatlice ara\u015ft\u0131ran zeki ve \u00f6ng\u00f6r\u00fcl\u00fc bir polis dedektifidir.Bir intikam hik\u00e2yesi olan \u00dc\u00e7 El Tabanca\u2019da, olaylar\u0131n ak\u0131\u015f\u0131 ve deliller bizi bamba\u015fka sonu\u00e7lara s\u00fcr\u00fcklerken, Raif Cenap\u2019\u0131n \u015fa\u015f\u0131rt\u0131c\u0131 bak\u0131\u015f a\u00e7\u0131s\u0131 ve yazar\u0131n ustal\u0131kl\u0131 kurgusuyla y\u0131rt\u0131k bir banknotun pe\u015finde \u015fekillenip soluksuz okunacak polisiye maceran\u0131n tam ortas\u0131nda kalaca\u011f\u0131z. Zifaf Odas\u0131ndaki As\u0131l\u0131 Kad\u0131n\u2019da ise, Feridun Nafiz ve Nerime\u2019nin d\u00fc\u011f\u00fcn gecesi kar\u015f\u0131la\u015ft\u0131klar\u0131 deh\u015fetli manzara, \u00f6yk\u00fcn\u00fcn sonuna dek bizi ku\u015fatacak; biriken sorular okuru \u00e7\u0131kmaza soktu\u011fu anda, Raif Cenap Bey\u2019in hakl\u0131 ku\u015fkular\u0131yla muamman\u0131n t\u00fcm unsurlar\u0131 teker teker \u00e7\u00f6z\u00fclecek. \u201cGe\u00e7mi\u015ften G\u00fcn\u00fcm\u00fcze Polisiye\u201d serisi, \u201cT\u00fcrkiye\u2019de Polisiye Roman\u0131n Tarihsel Geli\u015fimi (1884-1928)\u201d ba\u015fl\u0131kl\u0131 bir T\u00dcB\u0130TAK projesinin par\u00e7as\u0131 olarak eski harfli edebiyat\u0131m\u0131z\u0131n en maceral\u0131 hik\u00e2yelerini okurla bulu\u015ftururken, daha sonraki d\u00f6nemlere ait metinleri de b\u00fcnyesine katarak geni\u015flemeye devam edecek<\/p>\n","protected":false},"excerpt":{"rendered":"<p>\u201cBir\u00e7ok harikuladelikler, esrarengiz vakalar, a\u015fk, intikam, cinayet, intihar, takip gibi heyecanlarla dolu mill\u00ee romand\u0131r\u201d1928 y\u0131l\u0131nda ne\u015fredilmi\u015f iki kitaptan olu\u015fan \u201cBir Polis Hafiyesinin Harikulade Maceralar\u0131\u201d serisinin ana<span class=\"excerpt-hellip\"> [\u2026]<\/span><\/p>\n","protected":false},"featured_media":0,"template":"","meta":{"_monsterinsights_skip_tracking":false,"_monsterinsights_sitenote_active":false,"_monsterinsights_sitenote_note":"","_monsterinsights_sitenote_category":0},"product_brand":[],"product_cat":[12291,15445],"product_tag":[],"class_list":{"0":"post-725811","1":"product","2":"type-product","3":"status-publish","5":"product_cat-edebiyat","6":"product_cat-polisiye","7":"pa_cilt-ciltsiz","8":"pa_tur-kitap","9":"pa_yayinevi-otuken-nesriyat","10":"pa_yazar-alev-can","12":"first","13":"instock","14":"sale","15":"shipping-taxable","16":"purchasable","17":"product-type-simple"},"_links":{"self":[{"href":"https:\/\/roveyayinevi.com.tr\/index.php\/wp-json\/wp\/v2\/product\/725811","targetHints":{"allow":["GET"]}}],"collection":[{"href":"https:\/\/roveyayinevi.com.tr\/index.php\/wp-json\/wp\/v2\/product"}],"about":[{"href":"https:\/\/roveyayinevi.com.tr\/index.php\/wp-json\/wp\/v2\/types\/product"}],"wp:attachment":[{"href":"https:\/\/roveyayinevi.com.tr\/index.php\/wp-json\/wp\/v2\/media?parent=725811"}],"wp:term":[{"taxonomy":"product_brand","embeddable":true,"href":"https:\/\/roveyayinevi.com.tr\/index.php\/wp-json\/wp\/v2\/product_brand?post=725811"},{"taxonomy":"product_cat","embeddable":true,"href":"https:\/\/roveyayinevi.com.tr\/index.php\/wp-json\/wp\/v2\/product_cat?post=725811"},{"taxonomy":"product_tag","embeddable":true,"href":"https:\/\/roveyayinevi.com.tr\/index.php\/wp-json\/wp\/v2\/product_tag?post=725811"}],"curies":[{"name":"wp","href":"https:\/\/api.w.org\/{rel}","templated":true}]}}