{"id":725809,"date":"2025-08-27T19:56:11","date_gmt":"2025-08-27T16:56:11","guid":{"rendered":"https:\/\/roveyayinevi.com.tr\/index.php\/urun\/ayet-ul-insan\/"},"modified":"2026-04-16T02:33:37","modified_gmt":"2026-04-15T23:33:37","slug":"ayet-ul-insan","status":"publish","type":"product","link":"https:\/\/roveyayinevi.com.tr\/index.php\/urun\/ayet-ul-insan\/","title":{"rendered":"Ayet-\u00fcl \u0130nsan"},"content":{"rendered":"<p>Ve insandan bahsediyoruz her \u00e7a\u011fda. \u0130NSAN. en m\u00fckemmel yarat\u0131.bu in\u015f\u00e2y\u0131 \u00e7\u00f6zebilmenin derdinde de\u011fil miyiz, \u00e2dem\u2019den beri?temeli sevgi, merhamet, sayg\u0131, kalb\u00ee bak\u0131\u015f ve hi\u00e7bir dilde kar\u015f\u0131l\u0131\u011f\u0131 bulunmayan, g\u00f6n\u00fcl. \u00e7ok karma\u015f\u0131k g\u00f6r\u00fcnse de insan hep bir yol arad\u0131. ya\u015farkenki b\u00fcy\u00fcy\u00fc\u015f\u00fcnde, darmada\u011f\u0131n etti yolunu kar\u0131\u015ft\u0131rd\u0131&#8230;asl\u0131nda bu yol kendisine, kalbine gidecek yoldur. ak\u0131l denen, hay\u00e2t trafi\u011fini y\u00f6nlendirirken, sinyalizasyonda b\u00e2z\u0131 hat\u00e2lar oluyor elbette. ak\u0131l, insan\u0131 diledi\u011fi adrese kadar g\u00f6t\u00fcr\u00fcr. fakat i\u00e7indeki ses, adresin dev\u00e2m\u0131na yarar.bu kitap, bir il\u00e2hi kitap de\u011fil. tasavv\u00fbf\u00ee derinlikle yaz\u0131lm\u0131\u015ft\u0131r. bu kitap, yaln\u0131zl\u0131\u011f\u0131n\u0131z\u0131n, \u00e7\u00e2resizli\u011finizin, bilmecelerin, sorular\u0131n 99 t\u00e2ne ismi olacakt\u0131r. kalbinizin ve g\u00f6nl\u00fcn\u00fcz\u00fcn elinden tutacak ve en do\u011frusunun yan\u0131na okudu\u011funuz cevapla ula\u015ft\u0131racakt\u0131r.bu bir mektup. kendime yazd\u0131m say\u0131n. ve sizin de okuman\u0131z\u0131 arz\u00fb etti\u011fim bu mektup, fazlaca i\u015finize yarayacak d\u00fc\u015f\u00fcncesindeyim.1 ile 99 aras\u0131 bir say\u0131 se\u00e7in elinizi kalbinize g\u00f6t\u00fcrerek. tertemizleyip, en saf h\u00e2linizle se\u00e7in say\u0131y\u0131. ve se\u00e7ti\u011finiz say\u0131n\u0131n \u00e2yetini okuyun.okudu\u011funuzda, kendinize \u00e7ok \u015fa\u015f\u0131racaks\u0131n\u0131z.bu \u00f6m\u00fcr yolculu\u011funuzdaki seyir, h\u00e2rika ge\u00e7sin&#8230;geceninmelon\u015fapkas\u0131<\/p>\n","protected":false},"excerpt":{"rendered":"<p>Ve insandan bahsediyoruz her \u00e7a\u011fda. \u0130NSAN. en m\u00fckemmel yarat\u0131.bu in\u015f\u00e2y\u0131 \u00e7\u00f6zebilmenin derdinde de\u011fil miyiz, \u00e2dem\u2019den beri?temeli sevgi, merhamet, sayg\u0131, kalb\u00ee bak\u0131\u015f ve hi\u00e7bir dilde kar\u015f\u0131l\u0131\u011f\u0131 bulunmayan,<span class=\"excerpt-hellip\"> [\u2026]<\/span><\/p>\n","protected":false},"featured_media":0,"template":"","meta":{"_monsterinsights_skip_tracking":false,"_monsterinsights_sitenote_active":false,"_monsterinsights_sitenote_note":"","_monsterinsights_sitenote_category":0},"product_brand":[],"product_cat":[12718,12719,15238],"product_tag":[],"class_list":{"0":"post-725809","1":"product","2":"type-product","3":"status-publish","5":"product_cat-din","6":"product_cat-islam","7":"product_cat-tasavvuf","8":"pa_cilt-ciltsiz","9":"pa_tur-kitap","10":"pa_yayinevi-destek-yayinlari","11":"pa_yazar-melon-sapka","13":"first","14":"instock","15":"sale","16":"shipping-taxable","17":"purchasable","18":"product-type-simple"},"_links":{"self":[{"href":"https:\/\/roveyayinevi.com.tr\/index.php\/wp-json\/wp\/v2\/product\/725809","targetHints":{"allow":["GET"]}}],"collection":[{"href":"https:\/\/roveyayinevi.com.tr\/index.php\/wp-json\/wp\/v2\/product"}],"about":[{"href":"https:\/\/roveyayinevi.com.tr\/index.php\/wp-json\/wp\/v2\/types\/product"}],"wp:attachment":[{"href":"https:\/\/roveyayinevi.com.tr\/index.php\/wp-json\/wp\/v2\/media?parent=725809"}],"wp:term":[{"taxonomy":"product_brand","embeddable":true,"href":"https:\/\/roveyayinevi.com.tr\/index.php\/wp-json\/wp\/v2\/product_brand?post=725809"},{"taxonomy":"product_cat","embeddable":true,"href":"https:\/\/roveyayinevi.com.tr\/index.php\/wp-json\/wp\/v2\/product_cat?post=725809"},{"taxonomy":"product_tag","embeddable":true,"href":"https:\/\/roveyayinevi.com.tr\/index.php\/wp-json\/wp\/v2\/product_tag?post=725809"}],"curies":[{"name":"wp","href":"https:\/\/api.w.org\/{rel}","templated":true}]}}