{"id":725808,"date":"2025-08-27T19:56:10","date_gmt":"2025-08-27T16:56:10","guid":{"rendered":"https:\/\/roveyayinevi.com.tr\/index.php\/urun\/abidin-dino-ezeli-surgun\/"},"modified":"2026-04-16T02:33:37","modified_gmt":"2026-04-15T23:33:37","slug":"abidin-dino-ezeli-surgun","status":"publish","type":"product","link":"https:\/\/roveyayinevi.com.tr\/index.php\/urun\/abidin-dino-ezeli-surgun\/","title":{"rendered":"Abidin Dino \/ Ezeli S\u00fcrg\u00fcn"},"content":{"rendered":"<p>\u201cYery\u00fcz\u00fcnde garip bir saklamba\u00e7 oyunu oynam\u0131\u015ft\u0131k, hep beraber, tela\u015flar i\u00e7inde ayr\u0131l\u0131p bulu\u015fmu\u015ftuk tekrar ayr\u0131lmak \u00fczere. D\u00f6n dola\u015f T\u00fcrkiye vard\u0131 i\u00e7imizde, i\u00e7inde ya da d\u0131\u015f\u0131nda T\u00fcrkiye\u2019nin, T\u00fcrkiye vard\u0131.\u201d\u2013 Abidin DinoGazetecidir, karikat\u00fcristtir, senaristtir, yazard\u0131r, \u015fairdir ama en \u00e7ok da ressamd\u0131r Abidin&#8230; Kara kuru, kavruk bir o\u011flan gibi g\u00f6r\u00fcn\u00fcr ama siyasi g\u00f6r\u00fc\u015f\u00fcyle fazlas\u0131yla kom\u00fcnist, hayranl\u0131k uyand\u0131ran elleri muazzam yetenekli, cesur, zarif, \u00f6zg\u00fcn bir adam&#8230; \u00dcstelik sevdi\u011fine y\u00fcrekten ba\u011fl\u0131 bir \u00e2\u015f\u0131k&#8230;Abidin Dino\u2019nun \u015fairlerle, yazarlarla, ayd\u0131nlarla, sanatla, s\u00fcrg\u00fcnle, a\u015fkla, umutla ama ne yaz\u0131k ki siyasi bask\u0131larla dolu ya\u015fam\u0131n\u0131 soluksuz okuyacaks\u0131n\u0131z&#8230;<\/p>\n","protected":false},"excerpt":{"rendered":"<p>\u201cYery\u00fcz\u00fcnde garip bir saklamba\u00e7 oyunu oynam\u0131\u015ft\u0131k, hep beraber, tela\u015flar i\u00e7inde ayr\u0131l\u0131p bulu\u015fmu\u015ftuk tekrar ayr\u0131lmak \u00fczere. D\u00f6n dola\u015f T\u00fcrkiye vard\u0131 i\u00e7imizde, i\u00e7inde ya da d\u0131\u015f\u0131nda T\u00fcrkiye\u2019nin, T\u00fcrkiye<span class=\"excerpt-hellip\"> [\u2026]<\/span><\/p>\n","protected":false},"featured_media":0,"template":"","meta":{"_monsterinsights_skip_tracking":false,"_monsterinsights_sitenote_active":false,"_monsterinsights_sitenote_note":"","_monsterinsights_sitenote_category":0},"product_brand":[],"product_cat":[14009,12291],"product_tag":[],"class_list":{"0":"post-725808","1":"product","2":"type-product","3":"status-publish","5":"product_cat-biyografi-otobiyografi-edebiyat","6":"product_cat-edebiyat","7":"pa_cilt-ciltsiz","8":"pa_tur-kitap","9":"pa_yayinevi-destek-yayinlari","10":"pa_yazar-ece-sozkesen","12":"first","13":"instock","14":"sale","15":"shipping-taxable","16":"purchasable","17":"product-type-simple"},"_links":{"self":[{"href":"https:\/\/roveyayinevi.com.tr\/index.php\/wp-json\/wp\/v2\/product\/725808","targetHints":{"allow":["GET"]}}],"collection":[{"href":"https:\/\/roveyayinevi.com.tr\/index.php\/wp-json\/wp\/v2\/product"}],"about":[{"href":"https:\/\/roveyayinevi.com.tr\/index.php\/wp-json\/wp\/v2\/types\/product"}],"wp:attachment":[{"href":"https:\/\/roveyayinevi.com.tr\/index.php\/wp-json\/wp\/v2\/media?parent=725808"}],"wp:term":[{"taxonomy":"product_brand","embeddable":true,"href":"https:\/\/roveyayinevi.com.tr\/index.php\/wp-json\/wp\/v2\/product_brand?post=725808"},{"taxonomy":"product_cat","embeddable":true,"href":"https:\/\/roveyayinevi.com.tr\/index.php\/wp-json\/wp\/v2\/product_cat?post=725808"},{"taxonomy":"product_tag","embeddable":true,"href":"https:\/\/roveyayinevi.com.tr\/index.php\/wp-json\/wp\/v2\/product_tag?post=725808"}],"curies":[{"name":"wp","href":"https:\/\/api.w.org\/{rel}","templated":true}]}}