{"id":725806,"date":"2025-08-27T19:56:08","date_gmt":"2025-08-27T16:56:08","guid":{"rendered":"https:\/\/roveyayinevi.com.tr\/index.php\/urun\/icimdeki-yilki-atlari\/"},"modified":"2026-04-16T02:33:37","modified_gmt":"2026-04-15T23:33:37","slug":"icimdeki-yilki-atlari","status":"publish","type":"product","link":"https:\/\/roveyayinevi.com.tr\/index.php\/urun\/icimdeki-yilki-atlari\/","title":{"rendered":"\u0130\u00e7imdeki Y\u0131lk\u0131 Atlar\u0131"},"content":{"rendered":"<p>\u201cD\u0131\u015f\u0131mdan kendi kendime konu\u015fursam deli, i\u00e7imden konu\u015fursam belki de \u201cBir \u015fey biliyor ki susuyor\u201d deyip ak\u0131ll\u0131 bileceklerdi beni. Ben, kendi kendime yapt\u0131\u011f\u0131m konu\u015fmalar\u0131m\u0131 yazarsam ne derler diye \u00e7ok d\u00fc\u015f\u00fcnd\u00fcm. G\u00f6nl\u00fcmdekileri, gece uykumu b\u00f6len d\u00fc\u015f\u00fcnceleri, yolda akl\u0131ma gelenleri, kendi kendime sordu\u011fum ama cevaplar\u0131n\u0131 bulamad\u0131\u011f\u0131m sorular\u0131m\u0131 buraya d\u00f6kmeye \u00e7al\u0131\u015ft\u0131m\u201d diyorProf. Dr. Ay\u015fe Filiz Yavuz. Ve ekliyor:\u201cHayalleri olmadan, insan ne i\u015fe yarar? En fakir insan, bir \u015feyi olmayan de\u011fil hayalleri olmayand\u0131r.\u201d diyen d\u00fc\u015f\u00fcn\u00fcrleri hat\u0131rl\u0131yorum. Hayallerimi, yani y\u0131lk\u0131ya sald\u0131\u011f\u0131m atlar\u0131 geri \u00e7a\u011f\u0131rmay\u0131 istiyorum. O atlar gibi, hayalleri de kendi ba\u015flar\u0131na da\u011flarda, bay\u0131rlarda \u00f6lmeye terk etmemeli. Benim bah\u00e7emde ya\u015fay\u0131p vakti gelince \u00f6lmeli. Ama geri \u00e7a\u011f\u0131rsam da d\u00f6nm\u00fcyor hepsi y\u0131lk\u0131dan. \u201cVakit ge\u00e7ti.\u201d diyor kimisi. \u201cArt\u0131k kalan \u00f6mr\u00fcn beni ger\u00e7ekle\u015ftirmeye yetmez.\u201d diyor. Kimisi de \u201cK\u00f6pr\u00fcn\u00fcn alt\u0131ndan \u00e7ok sular akt\u0131. Vakit art\u0131k o hayallerin vakti de\u011fil, d\u00fcnya de\u011fi\u015fti.\u201d diye cevap veriyor.Y\u0131lk\u0131dan d\u00f6nmeyen atlar&#8230; Vazge\u00e7ti\u011fim hayallerim benim.\u201d<\/p>\n","protected":false},"excerpt":{"rendered":"<p>\u201cD\u0131\u015f\u0131mdan kendi kendime konu\u015fursam deli, i\u00e7imden konu\u015fursam belki de \u201cBir \u015fey biliyor ki susuyor\u201d deyip ak\u0131ll\u0131 bileceklerdi beni. Ben, kendi kendime yapt\u0131\u011f\u0131m konu\u015fmalar\u0131m\u0131 yazarsam ne derler<span class=\"excerpt-hellip\"> [\u2026]<\/span><\/p>\n","protected":false},"featured_media":0,"template":"","meta":{"_monsterinsights_skip_tracking":false,"_monsterinsights_sitenote_active":false,"_monsterinsights_sitenote_note":"","_monsterinsights_sitenote_category":0},"product_brand":[],"product_cat":[12291,12711],"product_tag":[],"class_list":{"0":"post-725806","1":"product","2":"type-product","3":"status-publish","5":"product_cat-edebiyat","6":"product_cat-roman-oyku","7":"pa_cilt-ciltsiz","8":"pa_tur-kitap","9":"pa_yayinevi-otuken-nesriyat","10":"pa_yazar-ayse-filiz-yavuz","12":"first","13":"instock","14":"sale","15":"shipping-taxable","16":"purchasable","17":"product-type-simple"},"_links":{"self":[{"href":"https:\/\/roveyayinevi.com.tr\/index.php\/wp-json\/wp\/v2\/product\/725806","targetHints":{"allow":["GET"]}}],"collection":[{"href":"https:\/\/roveyayinevi.com.tr\/index.php\/wp-json\/wp\/v2\/product"}],"about":[{"href":"https:\/\/roveyayinevi.com.tr\/index.php\/wp-json\/wp\/v2\/types\/product"}],"wp:attachment":[{"href":"https:\/\/roveyayinevi.com.tr\/index.php\/wp-json\/wp\/v2\/media?parent=725806"}],"wp:term":[{"taxonomy":"product_brand","embeddable":true,"href":"https:\/\/roveyayinevi.com.tr\/index.php\/wp-json\/wp\/v2\/product_brand?post=725806"},{"taxonomy":"product_cat","embeddable":true,"href":"https:\/\/roveyayinevi.com.tr\/index.php\/wp-json\/wp\/v2\/product_cat?post=725806"},{"taxonomy":"product_tag","embeddable":true,"href":"https:\/\/roveyayinevi.com.tr\/index.php\/wp-json\/wp\/v2\/product_tag?post=725806"}],"curies":[{"name":"wp","href":"https:\/\/api.w.org\/{rel}","templated":true}]}}