{"id":725805,"date":"2025-08-27T19:56:08","date_gmt":"2025-08-27T16:56:08","guid":{"rendered":"https:\/\/roveyayinevi.com.tr\/index.php\/urun\/kuantum-gecesi\/"},"modified":"2026-04-16T02:33:37","modified_gmt":"2026-04-15T23:33:37","slug":"kuantum-gecesi","status":"publish","type":"product","link":"https:\/\/roveyayinevi.com.tr\/index.php\/urun\/kuantum-gecesi\/","title":{"rendered":"Kuantum Gecesi"},"content":{"rendered":"<p>Flashforward, Neanderthal Parallax ve WWW \u00dc\u00e7lemelerinin Hugo, Nebula ve John W. Campbell \u00f6d\u00fcll\u00fc yazar\u0131 \u015fimdi de her insan\u0131n a\u015fabilece\u011fi &#8216;iyi&#8217; ile &#8216;k\u00f6t\u00fc&#8217; aras\u0131ndaki ince \u00e7izgi \u00fczerine bir roman olan &#8216;Kuantum Gecesi\u2019yle okurlar\u0131n\u0131n kar\u015f\u0131s\u0131na \u00e7\u0131k\u0131yor.Bir deneysel psikolog olan James toplumun i\u00e7inde var olan ama fark edilmeyen psikopatlar\u0131 saptayacak yeni ve kusursuz bir y\u00f6ntem geli\u015ftirmi\u015ftir. Ancak bilirki\u015fi oldu\u011fu mahkemede \u00e7\u0131\u011f\u0131r a\u00e7\u0131c\u0131 y\u00f6ntemi konusunda sorgulanan James, yirmi y\u0131l \u00f6ncesinde hayat\u0131n\u0131n alt\u0131 ayl\u0131k bir b\u00f6l\u00fcm\u00fcne ili\u015fkin hi\u00e7bir an\u0131s\u0131n\u0131n olmad\u0131\u011f\u0131n\u0131 ke\u015ffedince sars\u0131l\u0131r. Bu alt\u0131 ayl\u0131k d\u00f6nem i\u011fren\u00e7 \u015feyler yapt\u0131\u011f\u0131 bir d\u00f6nemdir de ayn\u0131 zamanda.Belle\u011finin kay\u0131p alt\u0131 ay\u0131ndaki d\u00f6neminde k\u0131z arkada\u015f\u0131 olan Kayla Heron&#8217;la yeniden bir araya gelir James. Kayla art\u0131k insan bilincinin do\u011fas\u0131 konusunda \u015fa\u015f\u0131rt\u0131c\u0131 bir bulu\u015f yapm\u0131\u015f bir kuantum fizik\u00e7isidir. D\u00fcnya gittik\u00e7e b\u00fcy\u00fcyen bir \u015fiddet ve nefret dalgas\u0131n\u0131n etkisi alt\u0131ndayken psikolog ile fizik\u00e7i d\u00fcnya t\u00fcmden karanl\u0131\u011fa g\u00f6m\u00fclmeden \u00f6nce olanaks\u0131z\u0131 -insan do\u011fas\u0131n\u0131 de\u011fi\u015ftirmek- ger\u00e7ekle\u015ftirmek i\u00e7in zamana kar\u015f\u0131 bir yar\u0131\u015fa girerler.<\/p>\n","protected":false},"excerpt":{"rendered":"<p>Flashforward, Neanderthal Parallax ve WWW \u00dc\u00e7lemelerinin Hugo, Nebula ve John W. Campbell \u00f6d\u00fcll\u00fc yazar\u0131 \u015fimdi de her insan\u0131n a\u015fabilece\u011fi &#8216;iyi&#8217; ile &#8216;k\u00f6t\u00fc&#8217; aras\u0131ndaki ince \u00e7izgi \u00fczerine<span class=\"excerpt-hellip\"> [\u2026]<\/span><\/p>\n","protected":false},"featured_media":0,"template":"","meta":{"_monsterinsights_skip_tracking":false,"_monsterinsights_sitenote_active":false,"_monsterinsights_sitenote_note":"","_monsterinsights_sitenote_category":0},"product_brand":[],"product_cat":[12291,12711],"product_tag":[],"class_list":{"0":"post-725805","1":"product","2":"type-product","3":"status-publish","5":"product_cat-edebiyat","6":"product_cat-roman-oyku","7":"pa_cilt-ciltsiz","8":"pa_tur-kitap","9":"pa_yayinevi-abis-yayincilik","10":"pa_yazar-robert-j-sawyer","12":"first","13":"instock","14":"sale","15":"shipping-taxable","16":"purchasable","17":"product-type-simple"},"_links":{"self":[{"href":"https:\/\/roveyayinevi.com.tr\/index.php\/wp-json\/wp\/v2\/product\/725805","targetHints":{"allow":["GET"]}}],"collection":[{"href":"https:\/\/roveyayinevi.com.tr\/index.php\/wp-json\/wp\/v2\/product"}],"about":[{"href":"https:\/\/roveyayinevi.com.tr\/index.php\/wp-json\/wp\/v2\/types\/product"}],"wp:attachment":[{"href":"https:\/\/roveyayinevi.com.tr\/index.php\/wp-json\/wp\/v2\/media?parent=725805"}],"wp:term":[{"taxonomy":"product_brand","embeddable":true,"href":"https:\/\/roveyayinevi.com.tr\/index.php\/wp-json\/wp\/v2\/product_brand?post=725805"},{"taxonomy":"product_cat","embeddable":true,"href":"https:\/\/roveyayinevi.com.tr\/index.php\/wp-json\/wp\/v2\/product_cat?post=725805"},{"taxonomy":"product_tag","embeddable":true,"href":"https:\/\/roveyayinevi.com.tr\/index.php\/wp-json\/wp\/v2\/product_tag?post=725805"}],"curies":[{"name":"wp","href":"https:\/\/api.w.org\/{rel}","templated":true}]}}