{"id":725804,"date":"2025-08-27T19:56:07","date_gmt":"2025-08-27T16:56:07","guid":{"rendered":"https:\/\/roveyayinevi.com.tr\/index.php\/urun\/hukuk-teorisi\/"},"modified":"2026-04-16T02:33:37","modified_gmt":"2026-04-15T23:33:37","slug":"hukuk-teorisi","status":"publish","type":"product","link":"https:\/\/roveyayinevi.com.tr\/index.php\/urun\/hukuk-teorisi\/","title":{"rendered":"Hukuk Teorisi"},"content":{"rendered":"<p>Hukuk bir y\u00f6n\u00fcyle tarihsel s\u00fcre\u00e7 i\u00e7indeki de\u011fi\u015fimdir. Uygulamadaki hukuk ilmi ve adalet anlay\u0131\u015f\u0131 temel anlam\u0131n\u0131 arka plandaki hukukun b\u00fcy\u00fck \u00f6l\u00e7\u00fcde Avrupal\u0131la\u015fmas\u0131ndan ve hukuk d\u00fczenlemelerinin k\u00fcreselle\u015fmesinden al\u0131r. Almanya ve Avrupa \u00f6rne\u011finde hukuk devletinden yarg\u0131\u00e7lar devletine evrilme y\u00f6n\u00fcnde bir geli\u015fim g\u00f6ze \u00e7arpmaktad\u0131r. Bu geli\u015fmenin ard\u0131nda Avrupa\u2019da ge\u00e7mi\u015fte ya\u015fanan anayasa ihlallerinin \u00f6nemi yads\u0131namaz. Bu kitapta Almanya ve Avrupa \u00e7ap\u0131nda a\u015fa\u011f\u0131daki konular etrafl\u0131ca ele al\u0131nmaktad\u0131r:Hukuk Nedir?Hukuk Ni\u00e7in Ba\u011flay\u0131c\u0131d\u0131r?Hukukun i\u00e7eri\u011fini ger\u00e7ekte kim belirler?Yarg\u0131\u00e7 hukuku nas\u0131l do\u011fru uygular?Bu sorulara do\u011fru cevaplar bulabilmek ancak hukuk ve hukuk metodolojisi tarihi bilgisine egemen olmay\u0131 ve hukuk e\u011fitiminde yeterince \u00f6nem verilmeyen hukuk teorisinin \u00e7ok y\u00f6nl\u00fc \u00f6\u011frenilmesiyle m\u00fcmk\u00fcn olabilir. Hukuk\u00e7uluk \u00e7o\u011funlukla &#8220;siyasal\u201d sonu\u00e7lara da yol a\u00e7an ve bu nedenle b\u00fcy\u00fck sorumluluk gerektiren bir meslektir. Bu tarz temel sorulara cevap bulmadan yarg\u0131n\u0131n bir nevi &#8220;hukuk hizmetlisi\u201d ve iktidar\u0131n &#8220;oyunca\u011f\u0131\u201d olmaktan kurtulmas\u0131 m\u00fcmk\u00fcn de\u011fildir. Hukuk teorisi ve hukuk metodolojisi alan\u0131nda ba\u015fyap\u0131t olan bu kitab\u0131n mercek alt\u0131na ald\u0131\u011f\u0131 ana mesele budur! B. R\u00fcthers.<\/p>\n","protected":false},"excerpt":{"rendered":"<p>Hukuk bir y\u00f6n\u00fcyle tarihsel s\u00fcre\u00e7 i\u00e7indeki de\u011fi\u015fimdir. Uygulamadaki hukuk ilmi ve adalet anlay\u0131\u015f\u0131 temel anlam\u0131n\u0131 arka plandaki hukukun b\u00fcy\u00fck \u00f6l\u00e7\u00fcde Avrupal\u0131la\u015fmas\u0131ndan ve hukuk d\u00fczenlemelerinin k\u00fcreselle\u015fmesinden al\u0131r.<span class=\"excerpt-hellip\"> [\u2026]<\/span><\/p>\n","protected":false},"featured_media":0,"template":"","meta":{"_monsterinsights_skip_tracking":false,"_monsterinsights_sitenote_active":false,"_monsterinsights_sitenote_note":"","_monsterinsights_sitenote_category":0},"product_brand":[],"product_cat":[12389,12388],"product_tag":[],"class_list":{"0":"post-725804","1":"product","2":"type-product","3":"status-publish","5":"product_cat-diger-felsefe","6":"product_cat-felsefe","7":"pa_cilt-ciltsiz","8":"pa_tur-kitap","9":"pa_yayinevi-astana-yayinlari","10":"pa_yazar-astana-kolektif","12":"first","13":"instock","14":"sale","15":"shipping-taxable","16":"purchasable","17":"product-type-simple"},"_links":{"self":[{"href":"https:\/\/roveyayinevi.com.tr\/index.php\/wp-json\/wp\/v2\/product\/725804","targetHints":{"allow":["GET"]}}],"collection":[{"href":"https:\/\/roveyayinevi.com.tr\/index.php\/wp-json\/wp\/v2\/product"}],"about":[{"href":"https:\/\/roveyayinevi.com.tr\/index.php\/wp-json\/wp\/v2\/types\/product"}],"wp:attachment":[{"href":"https:\/\/roveyayinevi.com.tr\/index.php\/wp-json\/wp\/v2\/media?parent=725804"}],"wp:term":[{"taxonomy":"product_brand","embeddable":true,"href":"https:\/\/roveyayinevi.com.tr\/index.php\/wp-json\/wp\/v2\/product_brand?post=725804"},{"taxonomy":"product_cat","embeddable":true,"href":"https:\/\/roveyayinevi.com.tr\/index.php\/wp-json\/wp\/v2\/product_cat?post=725804"},{"taxonomy":"product_tag","embeddable":true,"href":"https:\/\/roveyayinevi.com.tr\/index.php\/wp-json\/wp\/v2\/product_tag?post=725804"}],"curies":[{"name":"wp","href":"https:\/\/api.w.org\/{rel}","templated":true}]}}