{"id":725801,"date":"2025-08-27T19:56:05","date_gmt":"2025-08-27T16:56:05","guid":{"rendered":"https:\/\/roveyayinevi.com.tr\/index.php\/urun\/dogu-avrupa-turk-tarihi-ciltli\/"},"modified":"2026-04-16T02:33:37","modified_gmt":"2026-04-15T23:33:37","slug":"dogu-avrupa-turk-tarihi-ciltli","status":"publish","type":"product","link":"https:\/\/roveyayinevi.com.tr\/index.php\/urun\/dogu-avrupa-turk-tarihi-ciltli\/","title":{"rendered":"Do\u011fu Avrupa T\u00fcrk Tarihi (Ciltli)"},"content":{"rendered":"<p>DO\u011eU AVRUPA\u2019DA H\u00dcK\u00dcM S\u00dcRM\u00dc\u015eT\u00dcRK DEVLETLER\u0130N\u0130N TAR\u0130H\u0130\u2026T\u00fcrk tarihini ba\u015fka milletlerin tarihinden ay\u0131ran en b\u00fcy\u00fck \u00f6zellik, T\u00fcrklerin maziden bu yana d\u00fcnyan\u0131n muhtelif b\u00f6lgelerinde devletler kurmak suretiyle, bir\u00e7ok halkla yo\u011fun bir \u015fekilde temasa ge\u00e7ip etkile\u015fimde bulunmu\u015f olmalar\u0131d\u0131r. \u00c7in\u2019den Do\u011fu Avrupa\u2019ya, Sibirya\u2019dan Hindistan\u2019a, \u0130ran\u2019dan Kuzey Afrika\u2019ya kadar uzanan muazzam bir co\u011frafyada talihlerini arayan \u00e7e\u015fitli T\u00fcrk topluluklar\u0131n\u0131n mukadderatlar\u0131 da do\u011fal olarak farkl\u0131 \u015fekillerde tecelli etmi\u015ftir. Eski T\u00fcrk Yaz\u0131tlar\u0131\u2019nda a\u00e7\u0131k\u00e7a ifade edilen y\u00fcksek bir h\u00e2kimiyet iddias\u0131yla giri\u015filen siyas\u00ee ve asker\u00ee te\u015febb\u00fcsler sonucunda isimlerini and\u0131\u011f\u0131m\u0131z b\u00f6lgelerde pek \u00e7ok devletler kurulmu\u015f ve bu durum T\u00fcrk tarihinin kaynaklar\u0131na inan\u0131lmaz bir \u00e7e\u015fitlilik kazand\u0131rm\u0131\u015ft\u0131r.Edit\u00f6rl\u00fc\u011f\u00fcn\u00fc Osman Karatay ile Serkan Acar\u2019\u0131n \u00fcstlendi\u011fi elinizdeki eserin tamam\u0131 alan\u0131n\u0131n en \u00f6nemli uzman\u0131 olan tarih\u00e7ilerimizin katk\u0131lar\u0131yla meydana gelmi\u015f olup, \u0130skit ve Sarmat \u00e7a\u011f\u0131ndan ba\u015flayarak, Hunlar, Bulgarlar, O\u011furlar, Avarlar, Hazarlar, Macarlar, Pe\u00e7enekler, O\u011fuzlar, Kumanlar, Tatarlar ve Nogaylar gibi topluluklar\u0131n tarihlerini i\u00e7ermektedir. Geni\u015f bir hacme ve son derece zengin bir kaynak\u00e7aya sahip olan bu \u00e7al\u0131\u015fma pek \u00e7ok \u00fcniversitede ders kitab\u0131 olarak okutulmaktad\u0131r. \u0130skitlerden ba\u015flayarak Avrasya bozk\u0131rlar\u0131nda h\u00fck\u00fcm s\u00fcrm\u00fc\u015f T\u00fcrk devletlerinin tarihini t\u00fcm teferruat\u0131yla anlatan \u201cDo\u011fu Avrupa T\u00fcrk Tarihi\u201d yurdumuzda bu alanda yaz\u0131lm\u0131\u015f en kapsaml\u0131 eser olma \u00f6zelli\u011fini ta\u015f\u0131makta ve geni\u015f kitlelere hitap etmeyi hedeflemektedir.<\/p>\n","protected":false},"excerpt":{"rendered":"<p>DO\u011eU AVRUPA\u2019DA H\u00dcK\u00dcM S\u00dcRM\u00dc\u015eT\u00dcRK DEVLETLER\u0130N\u0130N TAR\u0130H\u0130\u2026T\u00fcrk tarihini ba\u015fka milletlerin tarihinden ay\u0131ran en b\u00fcy\u00fck \u00f6zellik, T\u00fcrklerin maziden bu yana d\u00fcnyan\u0131n muhtelif b\u00f6lgelerinde devletler kurmak suretiyle, bir\u00e7ok halkla<span class=\"excerpt-hellip\"> [\u2026]<\/span><\/p>\n","protected":false},"featured_media":0,"template":"","meta":{"_monsterinsights_skip_tracking":false,"_monsterinsights_sitenote_active":false,"_monsterinsights_sitenote_note":"","_monsterinsights_sitenote_category":0},"product_brand":[],"product_cat":[12305,12304],"product_tag":[],"class_list":{"0":"post-725801","1":"product","2":"type-product","3":"status-publish","5":"product_cat-dunya-tarihi","6":"product_cat-tarih","7":"pa_cilt-ciltli","8":"pa_tur-kitap","9":"pa_yayinevi-kronik-kitap","10":"pa_yazar-osman-karatay-serkan-acar","12":"first","13":"instock","14":"sale","15":"shipping-taxable","16":"purchasable","17":"product-type-simple"},"_links":{"self":[{"href":"https:\/\/roveyayinevi.com.tr\/index.php\/wp-json\/wp\/v2\/product\/725801","targetHints":{"allow":["GET"]}}],"collection":[{"href":"https:\/\/roveyayinevi.com.tr\/index.php\/wp-json\/wp\/v2\/product"}],"about":[{"href":"https:\/\/roveyayinevi.com.tr\/index.php\/wp-json\/wp\/v2\/types\/product"}],"wp:attachment":[{"href":"https:\/\/roveyayinevi.com.tr\/index.php\/wp-json\/wp\/v2\/media?parent=725801"}],"wp:term":[{"taxonomy":"product_brand","embeddable":true,"href":"https:\/\/roveyayinevi.com.tr\/index.php\/wp-json\/wp\/v2\/product_brand?post=725801"},{"taxonomy":"product_cat","embeddable":true,"href":"https:\/\/roveyayinevi.com.tr\/index.php\/wp-json\/wp\/v2\/product_cat?post=725801"},{"taxonomy":"product_tag","embeddable":true,"href":"https:\/\/roveyayinevi.com.tr\/index.php\/wp-json\/wp\/v2\/product_tag?post=725801"}],"curies":[{"name":"wp","href":"https:\/\/api.w.org\/{rel}","templated":true}]}}