{"id":725799,"date":"2025-08-27T19:56:04","date_gmt":"2025-08-27T16:56:04","guid":{"rendered":"https:\/\/roveyayinevi.com.tr\/index.php\/urun\/salgin-ekonomisi\/"},"modified":"2026-04-16T02:33:37","modified_gmt":"2026-04-15T23:33:37","slug":"salgin-ekonomisi","status":"publish","type":"product","link":"https:\/\/roveyayinevi.com.tr\/index.php\/urun\/salgin-ekonomisi\/","title":{"rendered":"Salg\u0131n Ekonomisi"},"content":{"rendered":"<p>D\u00fcnya hen\u00fcz 2008 Krizi\u2019nin etkisinden \u00e7\u0131kamam\u0131\u015fken, farkl\u0131 bir kriz t\u00fcm ekonomileri derinden sarst\u0131. \u00c7in\u2019in Wuhan kentinde ortaya \u00e7\u0131kan Co*vid 19, bir seri ihmal ve vurdumduymazl\u0131\u011f\u0131n da etkisiyle k\u0131sa s\u00fcre i\u00e7erisinde t\u00fcm d\u00fcnyaya yay\u0131ld\u0131. K\u00fcresel \u00f6l\u00e7ekte karantina \u00f6nlemleri al\u0131nd\u0131, \u00fclke ekonomileri \u00e7\u00f6kme noktas\u0131na geldi. \u00dclkeler, salg\u0131nla sava\u015f\u0131rken farkl\u0131 y\u00f6ntemler kulland\u0131. Baz\u0131lar\u0131 kulland\u0131\u011f\u0131 y\u00f6ntemlerle salg\u0131n\u0131 derinden k\u00f6r\u00fckledi, baz\u0131lar\u0131 ise bu felaketi \u00e7ok fazla b\u00fcy\u00fcmeden kontrol alt\u0131na ald\u0131.Salg\u0131nla birlikte d\u00fcnya ekonomisi \u00f6nce talep, ard\u0131ndan da arz y\u00f6nl\u00fc \u015foklara maruz kald\u0131. Salg\u0131nla m\u00fccadelenin finansman\u0131n\u0131 sa\u011flamak i\u00e7in \u00fclkeler, iktisadi teorilerin s\u0131n\u0131rlar\u0131n\u0131 a\u015ft\u0131; yeni aray\u0131\u015flara y\u00f6neldiler. Co*vid 19 salg\u0131n\u0131yla birlikte iktisadi, siyasi, \u00e7evresel vb. bir\u00e7ok sorun g\u00fcn y\u00fcz\u00fcne \u00e7\u0131kt\u0131.Salg\u0131n Ekonomisi kitab\u0131, 13 farkl\u0131 \u00fcniversiteden 24 akademisyenle birlikte bu \u00e7ok boyutlu krizi farkl\u0131 \u00e7er\u00e7evelerden irdeliyor. Tarih boyunca ya\u015fanan b\u00fcy\u00fck \u00f6l\u00e7ekli salg\u0131nlar\u0131n analizinden, toplumsal yap\u0131 ve kentle\u015fmenin salg\u0131n \u00fczerine yaratt\u0131\u011f\u0131 etkilere; k\u00fcresel \u00fcretim zincirlerinin i\u015fleyi\u015finin aksamas\u0131ndan, i\u015fsizli\u011fe; k\u00fcresel iklim de\u011fi\u015fiminden, g\u0131da g\u00fcvenli\u011fine vir\u00fcs\u00fcn bula\u015ft\u0131\u011f\u0131 her alan, uzman akademisyenler taraf\u0131ndan detayl\u0131 olarak tart\u0131\u015f\u0131l\u0131yor. Kitap, alanda y\u00fcr\u00fct\u00fclecek \u00e7al\u0131\u015fmalara rehber olacak nitelikte bir i\u00e7erikle okuyucuya sunuluyor.<\/p>\n","protected":false},"excerpt":{"rendered":"<p>D\u00fcnya hen\u00fcz 2008 Krizi\u2019nin etkisinden \u00e7\u0131kamam\u0131\u015fken, farkl\u0131 bir kriz t\u00fcm ekonomileri derinden sarst\u0131. \u00c7in\u2019in Wuhan kentinde ortaya \u00e7\u0131kan Co*vid 19, bir seri ihmal ve vurdumduymazl\u0131\u011f\u0131n da<span class=\"excerpt-hellip\"> [\u2026]<\/span><\/p>\n","protected":false},"featured_media":0,"template":"","meta":{"_monsterinsights_skip_tracking":false,"_monsterinsights_sitenote_active":false,"_monsterinsights_sitenote_note":"","_monsterinsights_sitenote_category":0},"product_brand":[],"product_cat":[13366,13365],"product_tag":[],"class_list":{"0":"post-725799","1":"product","2":"type-product","3":"status-publish","5":"product_cat-diger-saglik","6":"product_cat-saglik","7":"pa_cilt-ciltsiz","8":"pa_tur-kitap","9":"pa_yayinevi-efil-yayinevi","10":"pa_yazar-efil-kolektif","12":"first","13":"instock","14":"sale","15":"shipping-taxable","16":"purchasable","17":"product-type-simple"},"_links":{"self":[{"href":"https:\/\/roveyayinevi.com.tr\/index.php\/wp-json\/wp\/v2\/product\/725799","targetHints":{"allow":["GET"]}}],"collection":[{"href":"https:\/\/roveyayinevi.com.tr\/index.php\/wp-json\/wp\/v2\/product"}],"about":[{"href":"https:\/\/roveyayinevi.com.tr\/index.php\/wp-json\/wp\/v2\/types\/product"}],"wp:attachment":[{"href":"https:\/\/roveyayinevi.com.tr\/index.php\/wp-json\/wp\/v2\/media?parent=725799"}],"wp:term":[{"taxonomy":"product_brand","embeddable":true,"href":"https:\/\/roveyayinevi.com.tr\/index.php\/wp-json\/wp\/v2\/product_brand?post=725799"},{"taxonomy":"product_cat","embeddable":true,"href":"https:\/\/roveyayinevi.com.tr\/index.php\/wp-json\/wp\/v2\/product_cat?post=725799"},{"taxonomy":"product_tag","embeddable":true,"href":"https:\/\/roveyayinevi.com.tr\/index.php\/wp-json\/wp\/v2\/product_tag?post=725799"}],"curies":[{"name":"wp","href":"https:\/\/api.w.org\/{rel}","templated":true}]}}