{"id":725797,"date":"2025-08-27T19:56:02","date_gmt":"2025-08-27T16:56:02","guid":{"rendered":"https:\/\/roveyayinevi.com.tr\/index.php\/urun\/hatirlamak-uzatiyor-omru\/"},"modified":"2026-04-16T02:33:37","modified_gmt":"2026-04-15T23:33:37","slug":"hatirlamak-uzatiyor-omru","status":"publish","type":"product","link":"https:\/\/roveyayinevi.com.tr\/index.php\/urun\/hatirlamak-uzatiyor-omru\/","title":{"rendered":"Hat\u0131rlamak Uzat\u0131yor \u00d6mr\u00fc"},"content":{"rendered":"<p>Naz\u0131m Payam, edebiyat u\u011fra\u015f\u0131 esnas\u0131nda kendine ses yolda\u015fl\u0131\u011f\u0131 eden de\u011ferli \u015fairlerin dizeleriyle \u015fiirden foto\u011fraflar \u00e7ekiyor. Bu karelerin hat\u0131rlatt\u0131\u011f\u0131n\u0131, sezdirdi\u011fini, d\u00fc\u015f\u00fcnd\u00fcrd\u00fc\u011f\u00fcn\u00fc ve kurdurdu\u011fu d\u00fc\u015f\u00fc zaman zaman denemenin s\u0131n\u0131rlar\u0131n\u0131 ihlal ederek okura iletiyor. \u0130\u00e7inde ya\u015fad\u0131\u011f\u0131 topluma insan\u0131n k\u0131ymetli varl\u0131\u011f\u0131n\u0131 ve ona kapanan yollar\u0131n a\u00e7\u0131lma imk\u00e2nlar\u0131n\u0131 sunuyor. Hat\u0131rlamak Uzat\u0131yor \u00d6mr\u00fc, T\u00fcrk \u015fiirinden durulmu\u015f ve durdurulmu\u015f anlar alb\u00fcm\u00fc\u2026 \u015eahitlik etmek ve foto\u011frafa kendini katmak isteyenler i\u00e7in<\/p>\n","protected":false},"excerpt":{"rendered":"<p>Naz\u0131m Payam, edebiyat u\u011fra\u015f\u0131 esnas\u0131nda kendine ses yolda\u015fl\u0131\u011f\u0131 eden de\u011ferli \u015fairlerin dizeleriyle \u015fiirden foto\u011fraflar \u00e7ekiyor. Bu karelerin hat\u0131rlatt\u0131\u011f\u0131n\u0131, sezdirdi\u011fini, d\u00fc\u015f\u00fcnd\u00fcrd\u00fc\u011f\u00fcn\u00fc ve kurdurdu\u011fu d\u00fc\u015f\u00fc zaman zaman denemenin<span class=\"excerpt-hellip\"> [\u2026]<\/span><\/p>\n","protected":false},"featured_media":0,"template":"","meta":{"_monsterinsights_skip_tracking":false,"_monsterinsights_sitenote_active":false,"_monsterinsights_sitenote_note":"","_monsterinsights_sitenote_category":0},"product_brand":[],"product_cat":[12777,12291],"product_tag":[],"class_list":{"0":"post-725797","1":"product","2":"type-product","3":"status-publish","5":"product_cat-deneme","6":"product_cat-edebiyat","7":"pa_cilt-ciltsiz","8":"pa_tur-kitap","9":"pa_yayinevi-otuken-nesriyat","10":"pa_yazar-nazim-payam","12":"first","13":"instock","14":"sale","15":"shipping-taxable","16":"purchasable","17":"product-type-simple"},"_links":{"self":[{"href":"https:\/\/roveyayinevi.com.tr\/index.php\/wp-json\/wp\/v2\/product\/725797","targetHints":{"allow":["GET"]}}],"collection":[{"href":"https:\/\/roveyayinevi.com.tr\/index.php\/wp-json\/wp\/v2\/product"}],"about":[{"href":"https:\/\/roveyayinevi.com.tr\/index.php\/wp-json\/wp\/v2\/types\/product"}],"wp:attachment":[{"href":"https:\/\/roveyayinevi.com.tr\/index.php\/wp-json\/wp\/v2\/media?parent=725797"}],"wp:term":[{"taxonomy":"product_brand","embeddable":true,"href":"https:\/\/roveyayinevi.com.tr\/index.php\/wp-json\/wp\/v2\/product_brand?post=725797"},{"taxonomy":"product_cat","embeddable":true,"href":"https:\/\/roveyayinevi.com.tr\/index.php\/wp-json\/wp\/v2\/product_cat?post=725797"},{"taxonomy":"product_tag","embeddable":true,"href":"https:\/\/roveyayinevi.com.tr\/index.php\/wp-json\/wp\/v2\/product_tag?post=725797"}],"curies":[{"name":"wp","href":"https:\/\/api.w.org\/{rel}","templated":true}]}}