{"id":725795,"date":"2025-08-27T19:56:00","date_gmt":"2025-08-27T16:56:00","guid":{"rendered":"https:\/\/roveyayinevi.com.tr\/index.php\/urun\/hancerin-bekcisi\/"},"modified":"2026-04-16T02:33:37","modified_gmt":"2026-04-15T23:33:37","slug":"hancerin-bekcisi","status":"publish","type":"product","link":"https:\/\/roveyayinevi.com.tr\/index.php\/urun\/hancerin-bekcisi\/","title":{"rendered":"Han\u00e7erin Bek\u00e7isi"},"content":{"rendered":"<p>Co\u011frafyan\u0131n tarihi ile i\u00e7 i\u00e7e ge\u00e7mi\u015f bir roman Han\u00e7erin Bek\u00e7isi. 1500 y\u0131ll\u0131k bir hikayenin, bir s\u0131rr\u0131n, g\u00fcn\u00fcm\u00fcze dek s\u00fcren ve pek \u00e7ok insan\u0131 girdab\u0131na \u00e7eken maceral\u0131 yolculu\u011fu. Art\u0131k adlar\u0131 efsanelerle an\u0131lan ki\u015fi ve olaylar\u0131n, canlanarak g\u00fcn\u00fcm\u00fcze ta\u015f\u0131nmas\u0131yla \u00e7\u0131k\u0131lan bir yolculuk.Roman, okuru Ekber \u015eah\u2019tan Ma\u011fusal\u0131 Bragadino\u2019ya; Hindistan\u2019dan Makedonya\u2019ya; Tap\u0131nak \u015e\u00f6valyeleri\u2019nden Masonlar\u0131n gizli toplant\u0131lar\u0131na s\u00fcr\u00fckl\u00fcyor. Tarihi ve k\u00fclt\u00fcrel bilgilerle bezenmi\u015f olan bu fantastik kurgu, a\u015fk ve erotizmle harmanlanm\u0131\u015f.Surlar \u0130\u00e7i\u2019ndeki atadan kalma evlerine ta\u015f\u0131nan dara d\u00fc\u015fm\u00fc\u015f bir aile. Gelin g\u00f6r\u00fcn ki evin bir odas\u0131nda kime ait oldu\u011fu bilinmeyen bir yat\u0131r mezar\u0131 ve mezar\u0131n i\u00e7inde kutsal say\u0131lan bir han\u00e7er\u2026Yat\u0131r mahallenin koruyucusu say\u0131lmakta, bilge ve bir o kadar da g\u00fc\u00e7l\u00fc ve gizemli g\u00fc\u00e7leri oldu\u011funa inan\u0131lmaktad\u0131r\u2026<\/p>\n","protected":false},"excerpt":{"rendered":"<p>Co\u011frafyan\u0131n tarihi ile i\u00e7 i\u00e7e ge\u00e7mi\u015f bir roman Han\u00e7erin Bek\u00e7isi. 1500 y\u0131ll\u0131k bir hikayenin, bir s\u0131rr\u0131n, g\u00fcn\u00fcm\u00fcze dek s\u00fcren ve pek \u00e7ok insan\u0131 girdab\u0131na \u00e7eken maceral\u0131<span class=\"excerpt-hellip\"> [\u2026]<\/span><\/p>\n","protected":false},"featured_media":0,"template":"","meta":{"_monsterinsights_skip_tracking":false,"_monsterinsights_sitenote_active":false,"_monsterinsights_sitenote_note":"","_monsterinsights_sitenote_category":0},"product_brand":[],"product_cat":[12291,12711],"product_tag":[],"class_list":{"0":"post-725795","1":"product","2":"type-product","3":"status-publish","5":"product_cat-edebiyat","6":"product_cat-roman-oyku","7":"pa_cilt-ciltsiz","8":"pa_tur-kitap","9":"pa_yayinevi-kalkedon-yayincilik","10":"pa_yazar-bulent-dizdarli","12":"first","13":"instock","14":"sale","15":"shipping-taxable","16":"purchasable","17":"product-type-simple"},"_links":{"self":[{"href":"https:\/\/roveyayinevi.com.tr\/index.php\/wp-json\/wp\/v2\/product\/725795","targetHints":{"allow":["GET"]}}],"collection":[{"href":"https:\/\/roveyayinevi.com.tr\/index.php\/wp-json\/wp\/v2\/product"}],"about":[{"href":"https:\/\/roveyayinevi.com.tr\/index.php\/wp-json\/wp\/v2\/types\/product"}],"wp:attachment":[{"href":"https:\/\/roveyayinevi.com.tr\/index.php\/wp-json\/wp\/v2\/media?parent=725795"}],"wp:term":[{"taxonomy":"product_brand","embeddable":true,"href":"https:\/\/roveyayinevi.com.tr\/index.php\/wp-json\/wp\/v2\/product_brand?post=725795"},{"taxonomy":"product_cat","embeddable":true,"href":"https:\/\/roveyayinevi.com.tr\/index.php\/wp-json\/wp\/v2\/product_cat?post=725795"},{"taxonomy":"product_tag","embeddable":true,"href":"https:\/\/roveyayinevi.com.tr\/index.php\/wp-json\/wp\/v2\/product_tag?post=725795"}],"curies":[{"name":"wp","href":"https:\/\/api.w.org\/{rel}","templated":true}]}}