{"id":725793,"date":"2025-08-27T19:55:59","date_gmt":"2025-08-27T16:55:59","guid":{"rendered":"https:\/\/roveyayinevi.com.tr\/index.php\/urun\/biz-devrime-cok-inanmistik\/"},"modified":"2026-04-16T02:33:37","modified_gmt":"2026-04-15T23:33:37","slug":"biz-devrime-cok-inanmistik","status":"publish","type":"product","link":"https:\/\/roveyayinevi.com.tr\/index.php\/urun\/biz-devrime-cok-inanmistik\/","title":{"rendered":"Biz Devrime \u00c7ok \u0130nanm\u0131\u015ft\u0131k"},"content":{"rendered":"<p>\u201cBiz Devrime \u00c7ok \u0130nanm\u0131\u015ft\u0131k\u201d T\u00fcrkiye\u2019deki devrimci m\u00fccadeleye sadece tan\u0131kl\u0131k etmemi\u015f, y\u00fcksek \u00f6\u011frenimi s\u00fcresince bir par\u00e7as\u0131 da olmu\u015f K\u0131br\u0131sl\u0131 T\u00fcrk gen\u00e7lerden birinin, Halil Pa\u015fa\u2019n\u0131n hikayesidir. 1975 y\u0131l\u0131nda \u0130zmir\u2019de Ege \u00dcniversitesi\u2019nde ba\u015flayan, sonra ODT\u00dc\u2019ye uzanan, 1980 darbesinin olu\u015fturdu\u011f\u0131 karanl\u0131\u011fa kadar s\u00fcren ve sonu Mamak Cezaevi\u2019ne \u00e7\u0131kan \u00e7\u0131kan bir hikaye\u2026<\/p>\n","protected":false},"excerpt":{"rendered":"<p>\u201cBiz Devrime \u00c7ok \u0130nanm\u0131\u015ft\u0131k\u201d T\u00fcrkiye\u2019deki devrimci m\u00fccadeleye sadece tan\u0131kl\u0131k etmemi\u015f, y\u00fcksek \u00f6\u011frenimi s\u00fcresince bir par\u00e7as\u0131 da olmu\u015f K\u0131br\u0131sl\u0131 T\u00fcrk gen\u00e7lerden birinin, Halil Pa\u015fa\u2019n\u0131n hikayesidir. 1975 y\u0131l\u0131nda<span class=\"excerpt-hellip\"> [\u2026]<\/span><\/p>\n","protected":false},"featured_media":0,"template":"","meta":{"_monsterinsights_skip_tracking":false,"_monsterinsights_sitenote_active":false,"_monsterinsights_sitenote_note":"","_monsterinsights_sitenote_category":0},"product_brand":[],"product_cat":[12337,14543],"product_tag":[],"class_list":{"0":"post-725793","1":"product","2":"type-product","3":"status-publish","5":"product_cat-politika-siyaset","6":"product_cat-turkiye-siyaseti-ve-politikasi","7":"pa_cilt-ciltsiz","8":"pa_tur-kitap","9":"pa_yayinevi-kalkedon-yayincilik","10":"pa_yazar-halil-pasa","12":"first","13":"instock","14":"sale","15":"shipping-taxable","16":"purchasable","17":"product-type-simple"},"_links":{"self":[{"href":"https:\/\/roveyayinevi.com.tr\/index.php\/wp-json\/wp\/v2\/product\/725793","targetHints":{"allow":["GET"]}}],"collection":[{"href":"https:\/\/roveyayinevi.com.tr\/index.php\/wp-json\/wp\/v2\/product"}],"about":[{"href":"https:\/\/roveyayinevi.com.tr\/index.php\/wp-json\/wp\/v2\/types\/product"}],"wp:attachment":[{"href":"https:\/\/roveyayinevi.com.tr\/index.php\/wp-json\/wp\/v2\/media?parent=725793"}],"wp:term":[{"taxonomy":"product_brand","embeddable":true,"href":"https:\/\/roveyayinevi.com.tr\/index.php\/wp-json\/wp\/v2\/product_brand?post=725793"},{"taxonomy":"product_cat","embeddable":true,"href":"https:\/\/roveyayinevi.com.tr\/index.php\/wp-json\/wp\/v2\/product_cat?post=725793"},{"taxonomy":"product_tag","embeddable":true,"href":"https:\/\/roveyayinevi.com.tr\/index.php\/wp-json\/wp\/v2\/product_tag?post=725793"}],"curies":[{"name":"wp","href":"https:\/\/api.w.org\/{rel}","templated":true}]}}