{"id":725786,"date":"2025-08-27T19:55:53","date_gmt":"2025-08-27T16:55:53","guid":{"rendered":"https:\/\/roveyayinevi.com.tr\/index.php\/urun\/buzullar-cevre-icin-neden-onemli-merak-ediyorum-da\/"},"modified":"2026-04-16T02:33:37","modified_gmt":"2026-04-15T23:33:37","slug":"buzullar-cevre-icin-neden-onemli-merak-ediyorum-da","status":"publish","type":"product","link":"https:\/\/roveyayinevi.com.tr\/index.php\/urun\/buzullar-cevre-icin-neden-onemli-merak-ediyorum-da\/","title":{"rendered":"Buzullar \u00c7evre \u0130\u00e7in Neden \u00d6nemli? &#8211; Merak Ediyorum da"},"content":{"rendered":"<p>Merak Ediyorum da Buzullar \u00c7evre \u0130\u00e7in Neden \u00d6nemli?Ve \u00e7evreyle ilgili di\u011fer sorular\u0131n yan\u0131tlar\u0131Gen\u00e7 zihinleri me\u015fgul eden binlerce soru, renkli \u00e7izimler, karikat\u00fcrler ve sade anlat\u0131mlarla\u00abMerak Ediyorum da\u00bb serisinin kitaplar\u0131nda yan\u0131tlan\u0131yor.\u00c7\u00f6pler \u00e7evreye nas\u0131l zarar verir? Neden baz\u0131 ampuller a\u00e7g\u00f6zl\u00fcd\u00fcr?Evimi nas\u0131l do\u011fa dostu yapabilirim? \u00abYiyece\u011fin yolculu\u011fu\u00bb ne demektir?Neden u\u00e7aklara veda etmeliyiz?K\u00fcresel \u0131s\u0131nma, hava kirlili\u011fi, su kirlili\u011fi ve \u00e7evreyle ilgili merak etti\u011finiz konular, bu kitapta.<\/p>\n","protected":false},"excerpt":{"rendered":"<p>Merak Ediyorum da Buzullar \u00c7evre \u0130\u00e7in Neden \u00d6nemli?Ve \u00e7evreyle ilgili di\u011fer sorular\u0131n yan\u0131tlar\u0131Gen\u00e7 zihinleri me\u015fgul eden binlerce soru, renkli \u00e7izimler, karikat\u00fcrler ve sade anlat\u0131mlarla\u00abMerak Ediyorum da\u00bb<span class=\"excerpt-hellip\"> [\u2026]<\/span><\/p>\n","protected":false},"featured_media":0,"template":"","meta":{"_monsterinsights_skip_tracking":false,"_monsterinsights_sitenote_active":false,"_monsterinsights_sitenote_note":"","_monsterinsights_sitenote_category":0},"product_brand":[],"product_cat":[13829,12274],"product_tag":[],"class_list":{"0":"post-725786","1":"product","2":"type-product","3":"status-publish","5":"product_cat-bilimsel-kitaplar","6":"product_cat-cocuk-ve-genclik-kitaplari","7":"pa_cilt-ciltli","8":"pa_tur-kitap","9":"pa_yayinevi-beyaz-balina-yayinlari","10":"pa_yazar-sean-callery","12":"first","13":"instock","14":"sale","15":"shipping-taxable","16":"purchasable","17":"product-type-simple"},"_links":{"self":[{"href":"https:\/\/roveyayinevi.com.tr\/index.php\/wp-json\/wp\/v2\/product\/725786","targetHints":{"allow":["GET"]}}],"collection":[{"href":"https:\/\/roveyayinevi.com.tr\/index.php\/wp-json\/wp\/v2\/product"}],"about":[{"href":"https:\/\/roveyayinevi.com.tr\/index.php\/wp-json\/wp\/v2\/types\/product"}],"wp:attachment":[{"href":"https:\/\/roveyayinevi.com.tr\/index.php\/wp-json\/wp\/v2\/media?parent=725786"}],"wp:term":[{"taxonomy":"product_brand","embeddable":true,"href":"https:\/\/roveyayinevi.com.tr\/index.php\/wp-json\/wp\/v2\/product_brand?post=725786"},{"taxonomy":"product_cat","embeddable":true,"href":"https:\/\/roveyayinevi.com.tr\/index.php\/wp-json\/wp\/v2\/product_cat?post=725786"},{"taxonomy":"product_tag","embeddable":true,"href":"https:\/\/roveyayinevi.com.tr\/index.php\/wp-json\/wp\/v2\/product_tag?post=725786"}],"curies":[{"name":"wp","href":"https:\/\/api.w.org\/{rel}","templated":true}]}}