{"id":725785,"date":"2025-08-27T19:55:53","date_gmt":"2025-08-27T16:55:53","guid":{"rendered":"https:\/\/roveyayinevi.com.tr\/index.php\/urun\/merak-ediyorum-da-korsan-kime-denir\/"},"modified":"2026-04-16T02:33:37","modified_gmt":"2026-04-15T23:33:37","slug":"merak-ediyorum-da-korsan-kime-denir","status":"publish","type":"product","link":"https:\/\/roveyayinevi.com.tr\/index.php\/urun\/merak-ediyorum-da-korsan-kime-denir\/","title":{"rendered":"Merak Ediyorum da &#8211; Korsan Kime Denir?"},"content":{"rendered":"<p>Merak Ediyorum da Korsan Kime Denir?Ve korsanlarla ilgili di\u011fer sorular\u0131n yan\u0131tlar\u0131Gen\u00e7 zihinleri me\u015fgul eden binlerce soru, renkli \u00e7izimler, karikat\u00fcrler ve sade anlat\u0131mlarla\u00abMerak Ediyorum da\u00bb serisinin kitaplar\u0131nda yan\u0131tlan\u0131yor.\u0130nsanlar nas\u0131l korsan oluyorlard\u0131?Vikingler korsan m\u0131yd\u0131? Korsanlar neden k\u00fcpe takarlard\u0131?Karasakal kimdi ve nas\u0131l \u00f6ld\u00fc ?Korsanlar hakk\u0131nda merak etti\u011finiz sorular\u0131n yan\u0131tlar\u0131n\u0131 bu kitapta bulabilirsiniz.<\/p>\n","protected":false},"excerpt":{"rendered":"<p>Merak Ediyorum da Korsan Kime Denir?Ve korsanlarla ilgili di\u011fer sorular\u0131n yan\u0131tlar\u0131Gen\u00e7 zihinleri me\u015fgul eden binlerce soru, renkli \u00e7izimler, karikat\u00fcrler ve sade anlat\u0131mlarla\u00abMerak Ediyorum da\u00bb serisinin kitaplar\u0131nda<span class=\"excerpt-hellip\"> [\u2026]<\/span><\/p>\n","protected":false},"featured_media":0,"template":"","meta":{"_monsterinsights_skip_tracking":false,"_monsterinsights_sitenote_active":false,"_monsterinsights_sitenote_note":"","_monsterinsights_sitenote_category":0},"product_brand":[],"product_cat":[13829,12274],"product_tag":[],"class_list":{"0":"post-725785","1":"product","2":"type-product","3":"status-publish","5":"product_cat-bilimsel-kitaplar","6":"product_cat-cocuk-ve-genclik-kitaplari","7":"pa_cilt-ciltli","8":"pa_tur-kitap","9":"pa_yayinevi-beyaz-balina-yayinlari","10":"pa_yazar-pat-jacobs","12":"first","13":"instock","14":"sale","15":"shipping-taxable","16":"purchasable","17":"product-type-simple"},"_links":{"self":[{"href":"https:\/\/roveyayinevi.com.tr\/index.php\/wp-json\/wp\/v2\/product\/725785","targetHints":{"allow":["GET"]}}],"collection":[{"href":"https:\/\/roveyayinevi.com.tr\/index.php\/wp-json\/wp\/v2\/product"}],"about":[{"href":"https:\/\/roveyayinevi.com.tr\/index.php\/wp-json\/wp\/v2\/types\/product"}],"wp:attachment":[{"href":"https:\/\/roveyayinevi.com.tr\/index.php\/wp-json\/wp\/v2\/media?parent=725785"}],"wp:term":[{"taxonomy":"product_brand","embeddable":true,"href":"https:\/\/roveyayinevi.com.tr\/index.php\/wp-json\/wp\/v2\/product_brand?post=725785"},{"taxonomy":"product_cat","embeddable":true,"href":"https:\/\/roveyayinevi.com.tr\/index.php\/wp-json\/wp\/v2\/product_cat?post=725785"},{"taxonomy":"product_tag","embeddable":true,"href":"https:\/\/roveyayinevi.com.tr\/index.php\/wp-json\/wp\/v2\/product_tag?post=725785"}],"curies":[{"name":"wp","href":"https:\/\/api.w.org\/{rel}","templated":true}]}}