{"id":725784,"date":"2025-08-27T19:55:52","date_gmt":"2025-08-27T16:55:52","guid":{"rendered":"https:\/\/roveyayinevi.com.tr\/index.php\/urun\/merak-ediyorum-da-canlilar-ve-yasam\/"},"modified":"2026-04-16T02:33:37","modified_gmt":"2026-04-15T23:33:37","slug":"merak-ediyorum-da-canlilar-ve-yasam","status":"publish","type":"product","link":"https:\/\/roveyayinevi.com.tr\/index.php\/urun\/merak-ediyorum-da-canlilar-ve-yasam\/","title":{"rendered":"Merak Ediyorum da &#8211; Canl\u0131lar ve Ya\u015fam"},"content":{"rendered":"<p>Merak Ediyorum da Canl\u0131lar ve Ya\u015famVe ya\u015fam d\u00f6ng\u00fcs\u00fcyle ilgili di\u011fer sorular\u0131n yan\u0131tlar\u0131Gen\u00e7 zihinleri me\u015fgul eden binlerce soru, renkli \u00e7izimler, karikat\u00fcrler ve sade anlat\u0131mlarlaMerak Ediyorum da serisinin kitaplar\u0131nda yan\u0131tlan\u0131yor.Kaplumba\u011falar\u0131n neden bu kadar \u00e7ok yavrusu olur?Ate\u015f b\u00f6ce\u011fi neden \u0131\u015f\u0131k sa\u00e7ar? \u00d6r\u00fcmcekler keselerinde ne saklar?Timsahlar yavrular\u0131n\u0131 yer mi? Kaplanlardan iyi baba olur mu?Do\u011fumdan \u00f6l\u00fcme kadar canl\u0131lalar\u0131n ya\u015famlar\u0131 hakk\u0131nda merak etti\u011finiz bir\u00e7ok konuyu, bu kitapta bulabilirsiniz.<\/p>\n","protected":false},"excerpt":{"rendered":"<p>Merak Ediyorum da Canl\u0131lar ve Ya\u015famVe ya\u015fam d\u00f6ng\u00fcs\u00fcyle ilgili di\u011fer sorular\u0131n yan\u0131tlar\u0131Gen\u00e7 zihinleri me\u015fgul eden binlerce soru, renkli \u00e7izimler, karikat\u00fcrler ve sade anlat\u0131mlarlaMerak Ediyorum da serisinin<span class=\"excerpt-hellip\"> [\u2026]<\/span><\/p>\n","protected":false},"featured_media":0,"template":"","meta":{"_monsterinsights_skip_tracking":false,"_monsterinsights_sitenote_active":false,"_monsterinsights_sitenote_note":"","_monsterinsights_sitenote_category":0},"product_brand":[],"product_cat":[13829,12274],"product_tag":[],"class_list":{"0":"post-725784","1":"product","2":"type-product","3":"status-publish","5":"product_cat-bilimsel-kitaplar","6":"product_cat-cocuk-ve-genclik-kitaplari","7":"pa_cilt-ciltli","8":"pa_tur-kitap","9":"pa_yayinevi-beyaz-balina-yayinlari","10":"pa_yazar-belinda-weber","12":"first","13":"instock","14":"sale","15":"shipping-taxable","16":"purchasable","17":"product-type-simple"},"_links":{"self":[{"href":"https:\/\/roveyayinevi.com.tr\/index.php\/wp-json\/wp\/v2\/product\/725784","targetHints":{"allow":["GET"]}}],"collection":[{"href":"https:\/\/roveyayinevi.com.tr\/index.php\/wp-json\/wp\/v2\/product"}],"about":[{"href":"https:\/\/roveyayinevi.com.tr\/index.php\/wp-json\/wp\/v2\/types\/product"}],"wp:attachment":[{"href":"https:\/\/roveyayinevi.com.tr\/index.php\/wp-json\/wp\/v2\/media?parent=725784"}],"wp:term":[{"taxonomy":"product_brand","embeddable":true,"href":"https:\/\/roveyayinevi.com.tr\/index.php\/wp-json\/wp\/v2\/product_brand?post=725784"},{"taxonomy":"product_cat","embeddable":true,"href":"https:\/\/roveyayinevi.com.tr\/index.php\/wp-json\/wp\/v2\/product_cat?post=725784"},{"taxonomy":"product_tag","embeddable":true,"href":"https:\/\/roveyayinevi.com.tr\/index.php\/wp-json\/wp\/v2\/product_tag?post=725784"}],"curies":[{"name":"wp","href":"https:\/\/api.w.org\/{rel}","templated":true}]}}