{"id":725783,"date":"2025-08-27T19:55:51","date_gmt":"2025-08-27T16:55:51","guid":{"rendered":"https:\/\/roveyayinevi.com.tr\/index.php\/urun\/aztek-mitolojisi\/"},"modified":"2026-04-16T02:33:37","modified_gmt":"2026-04-15T23:33:37","slug":"aztek-mitolojisi","status":"publish","type":"product","link":"https:\/\/roveyayinevi.com.tr\/index.php\/urun\/aztek-mitolojisi\/","title":{"rendered":"Aztek Mitolojisi"},"content":{"rendered":"<p>Mimari tasar\u0131mlar\u0131, astronomi bilgileri ve yaz\u0131 sistemleriyle ihti\u015faml\u0131 bir medeniyet.Halk bilimci Lewis Spence, Aztek medeniyetinin kal\u0131nt\u0131lar\u0131 \u00fczerinden yapt\u0131\u011f\u0131 ara\u015ft\u0131rmalarla derin bir tarih ve k\u00fclt\u00fcr ili\u015fkisi kuruyor. Aztek Mitolojisi, Azteklerin idari yap\u0131lanmalar\u0131, ya\u015fam bi\u00e7imleri, \u00fcretim-t\u00fcketim ili\u015fkileri, konu\u015ftuklar\u0131 dil, \u00fcrettikleri bilim, in\u015fa ettikleri mimari yap\u0131lar, sanat eserleri gibi pek \u00e7ok alanda bilgi verirken zengin mitolojileri, ilgi \u00e7ekici efsaneleri ve g\u00fcn\u00fcm\u00fcz insan\u0131n\u0131n kabullerini zorlayacak rit\u00fcelleri ya\u015fad\u0131\u011f\u0131m\u0131z y\u00fczy\u0131la aktar\u0131yor.<\/p>\n","protected":false},"excerpt":{"rendered":"<p>Mimari tasar\u0131mlar\u0131, astronomi bilgileri ve yaz\u0131 sistemleriyle ihti\u015faml\u0131 bir medeniyet.Halk bilimci Lewis Spence, Aztek medeniyetinin kal\u0131nt\u0131lar\u0131 \u00fczerinden yapt\u0131\u011f\u0131 ara\u015ft\u0131rmalarla derin bir tarih ve k\u00fclt\u00fcr ili\u015fkisi kuruyor.<span class=\"excerpt-hellip\"> [\u2026]<\/span><\/p>\n","protected":false},"featured_media":0,"template":"","meta":{"_monsterinsights_skip_tracking":false,"_monsterinsights_sitenote_active":false,"_monsterinsights_sitenote_note":"","_monsterinsights_sitenote_category":0},"product_brand":[],"product_cat":[12718,12858],"product_tag":[],"class_list":{"0":"post-725783","1":"product","2":"type-product","3":"status-publish","5":"product_cat-din","6":"product_cat-mitolojiler","7":"pa_cilt-ciltsiz","8":"pa_tur-kitap","9":"pa_yayinevi-kara-karga-yayinlari","10":"pa_yazar-lewis-spence","12":"first","13":"instock","14":"sale","15":"shipping-taxable","16":"purchasable","17":"product-type-simple"},"_links":{"self":[{"href":"https:\/\/roveyayinevi.com.tr\/index.php\/wp-json\/wp\/v2\/product\/725783","targetHints":{"allow":["GET"]}}],"collection":[{"href":"https:\/\/roveyayinevi.com.tr\/index.php\/wp-json\/wp\/v2\/product"}],"about":[{"href":"https:\/\/roveyayinevi.com.tr\/index.php\/wp-json\/wp\/v2\/types\/product"}],"wp:attachment":[{"href":"https:\/\/roveyayinevi.com.tr\/index.php\/wp-json\/wp\/v2\/media?parent=725783"}],"wp:term":[{"taxonomy":"product_brand","embeddable":true,"href":"https:\/\/roveyayinevi.com.tr\/index.php\/wp-json\/wp\/v2\/product_brand?post=725783"},{"taxonomy":"product_cat","embeddable":true,"href":"https:\/\/roveyayinevi.com.tr\/index.php\/wp-json\/wp\/v2\/product_cat?post=725783"},{"taxonomy":"product_tag","embeddable":true,"href":"https:\/\/roveyayinevi.com.tr\/index.php\/wp-json\/wp\/v2\/product_tag?post=725783"}],"curies":[{"name":"wp","href":"https:\/\/api.w.org\/{rel}","templated":true}]}}