{"id":725782,"date":"2025-08-27T19:55:51","date_gmt":"2025-08-27T16:55:51","guid":{"rendered":"https:\/\/roveyayinevi.com.tr\/index.php\/urun\/saglik-kurumlarinda-maliyet-yonetimi-ve-maliyetleme\/"},"modified":"2026-04-16T02:33:37","modified_gmt":"2026-04-15T23:33:37","slug":"saglik-kurumlarinda-maliyet-yonetimi-ve-maliyetleme","status":"publish","type":"product","link":"https:\/\/roveyayinevi.com.tr\/index.php\/urun\/saglik-kurumlarinda-maliyet-yonetimi-ve-maliyetleme\/","title":{"rendered":"Sa\u011fl\u0131k Kurumlar\u0131nda Maliyet Y\u00f6netimi ve Maliyetleme"},"content":{"rendered":"<p>Prof. Dr. \u0130smail A\u011f\u0131rba\u015f, 1966 Ovac\u0131k do\u011fumludur. \u0130lk ve orta \u00f6\u011frenimini Ovac\u0131k Temel E\u011fitim Yat\u0131l\u0131 B\u00f6lge Okulunda tamamlay\u0131p Ovac\u0131k Lisesini bitirmi\u015ftir. Hacettepe \u00dcniversitesi Sa\u011fl\u0131k \u0130daresi Y\u00fcksek Okulundan 1989 y\u0131l\u0131nda mezun olmu\u015f, Hacettepe \u00dcniversitesinde Sa\u011fl\u0131k Y\u00f6netimi alan\u0131nda y\u00fcksek lisans ve doktora yapm\u0131\u015ft\u0131r. Y\u00f6netim ve Organizasyon alan\u0131nda do\u00e7ent olup halen Ankara \u00dcniversitesi Sa\u011fl\u0131k Bilimleri Fak\u00fcltesi Sa\u011fl\u0131k Y\u00f6netimi Anabilim Dal\u0131nda g\u00f6rev yapmaktad\u0131r.   Sa\u011fl\u0131k Kurumlar\u0131nda Finansal Y\u00f6netim ve Maliyet Analizi ile Hastane Y\u00f6netimi ve Organizasyon kitaplar\u0131n\u0131n yazar\u0131 olup lisans ve lisans\u00fcst\u00fc d\u00fczeyde, Hastane \u00d6rg\u00fct ve Y\u00f6netimi, Sa\u011fl\u0131k Ekonomisi, Sa\u011fl\u0131k Kurumlar\u0131nda Finansal Y\u00f6netim ve Sa\u011fl\u0131k Kurumlar\u0131nda Y\u00f6netim Muhasebesi derslerini vermektedir. <\/p>\n","protected":false},"excerpt":{"rendered":"<p>Prof. Dr. \u0130smail A\u011f\u0131rba\u015f, 1966 Ovac\u0131k do\u011fumludur. \u0130lk ve orta \u00f6\u011frenimini Ovac\u0131k Temel E\u011fitim Yat\u0131l\u0131 B\u00f6lge Okulunda tamamlay\u0131p Ovac\u0131k Lisesini bitirmi\u015ftir. Hacettepe \u00dcniversitesi Sa\u011fl\u0131k \u0130daresi Y\u00fcksek<span class=\"excerpt-hellip\"> [\u2026]<\/span><\/p>\n","protected":false},"featured_media":0,"template":"","meta":{"_monsterinsights_skip_tracking":false,"_monsterinsights_sitenote_active":false,"_monsterinsights_sitenote_note":"","_monsterinsights_sitenote_category":0},"product_brand":[],"product_cat":[20313,13365],"product_tag":[],"class_list":{"0":"post-725782","1":"product","2":"type-product","3":"status-publish","5":"product_cat-basvuru-kitaplari-saglik","6":"product_cat-saglik","7":"pa_cilt-ciltsiz","8":"pa_tur-kitap","9":"pa_yayinevi-siyasal-kitabevi-akademik-kitaplar","10":"pa_yazar-ismail-agirbas","12":"first","13":"instock","14":"sale","15":"shipping-taxable","16":"purchasable","17":"product-type-simple"},"_links":{"self":[{"href":"https:\/\/roveyayinevi.com.tr\/index.php\/wp-json\/wp\/v2\/product\/725782","targetHints":{"allow":["GET"]}}],"collection":[{"href":"https:\/\/roveyayinevi.com.tr\/index.php\/wp-json\/wp\/v2\/product"}],"about":[{"href":"https:\/\/roveyayinevi.com.tr\/index.php\/wp-json\/wp\/v2\/types\/product"}],"wp:attachment":[{"href":"https:\/\/roveyayinevi.com.tr\/index.php\/wp-json\/wp\/v2\/media?parent=725782"}],"wp:term":[{"taxonomy":"product_brand","embeddable":true,"href":"https:\/\/roveyayinevi.com.tr\/index.php\/wp-json\/wp\/v2\/product_brand?post=725782"},{"taxonomy":"product_cat","embeddable":true,"href":"https:\/\/roveyayinevi.com.tr\/index.php\/wp-json\/wp\/v2\/product_cat?post=725782"},{"taxonomy":"product_tag","embeddable":true,"href":"https:\/\/roveyayinevi.com.tr\/index.php\/wp-json\/wp\/v2\/product_tag?post=725782"}],"curies":[{"name":"wp","href":"https:\/\/api.w.org\/{rel}","templated":true}]}}