{"id":725781,"date":"2025-08-27T19:55:50","date_gmt":"2025-08-27T16:55:50","guid":{"rendered":"https:\/\/roveyayinevi.com.tr\/index.php\/urun\/balik-bubbalo-ve-yedinci-kita-macerasi\/"},"modified":"2026-04-16T02:33:37","modified_gmt":"2026-04-15T23:33:37","slug":"balik-bubbalo-ve-yedinci-kita-macerasi","status":"publish","type":"product","link":"https:\/\/roveyayinevi.com.tr\/index.php\/urun\/balik-bubbalo-ve-yedinci-kita-macerasi\/","title":{"rendered":"Bal\u0131k Bubbalo ve Yedinci K\u0131ta Maceras\u0131"},"content":{"rendered":"<p>\u00c7ocuklar\u0131n karakter geli\u015fiminin % 80&#8217;inin tamamland\u0131\u011f\u0131 0-8 ya\u015f aras\u0131 &#8220;erken \u00e7ocukluk d\u00f6nemi&#8221; olarak bilinir. Akademik ve sosyal hayattaki ba\u015far\u0131 i\u00e7in \u00f6nemli olan dil becerilerinin temelinin at\u0131ld\u0131\u011f\u0131 bu d\u00f6nemde sosyal ve ahlaki de\u011ferler de yerle\u015fmeye ba\u015flar. Geli\u015fimin olduk\u00e7a h\u0131zl\u0131 oldu\u011fu bu d\u00f6nemde \u00e7ocuklara sunulacak her t\u00fcrl\u00fc e\u011fitim kritik \u00f6neme sahiptir. Sab\u0131rs\u0131zl\u0131k, t\u00fcketim, rekabet, \u015fiddet ve bencilli\u011fin yo\u011funla\u015ft\u0131\u011f\u0131 g\u00fcn\u00fcm\u00fczde ho\u015fg\u00f6r\u00fc, sayg\u0131, sevgi, sorumluluk, d\u00fcr\u00fcstl\u00fck, fedak\u00e2rl\u0131k, sab\u0131r, sadelik, \u00f6zg\u00fcven, yard\u0131mla\u015fma gibi temel de\u011ferlerin bu d\u00f6nemde verilmesi ki\u015fili\u011fin olu\u015fmas\u0131na \u00f6nemli katk\u0131 sa\u011flar. \u00c7ocuklar iyi-k\u00f6t\u00fc, do\u011fru-yanl\u0131\u015f gibi davran\u0131\u015f \u015fekillerini hik\u00e2ye kitaplar\u0131ndan \u00f6\u011frenebilir. Hik\u00e2yeler farkl\u0131 ya\u015fam deneyimleri ile \u00f6rnek alabilecekleri \u00e7e\u015fitli karakterler sunarak empati, sorun \u00e7\u00f6zme, hayal kurma, yarat\u0131c\u0131l\u0131k yeteneklerini geli\u015ftirir ve daha donan\u0131ml\u0131 bireyler yeti\u015fmesini sa\u011flar. \u00c7ocuklara kendi k\u00fclt\u00fcrlerini tan\u0131t\u0131rken farkl\u0131 k\u00fclt\u00fcrleri k\u0131yaslama imk\u00e2n\u0131 da vererek \u00e7oklu bak\u0131\u015f a\u00e7\u0131s\u0131n\u0131n geli\u015fmesine ve bu sayede farkl\u0131l\u0131klara sayg\u0131l\u0131, anlay\u0131\u015fl\u0131 bireyler olarak b\u00fcy\u00fcmesine katk\u0131da bulunur. Karakter ve de\u011ferler e\u011fitimi uzman\u0131 Song\u00fcl \u00dcng\u00fct Ta\u015fk\u0131n\u2019\u0131n yazd\u0131\u011f\u0131 bu hik\u00e2yeyi t\u00fcm ebeveynlerimize tavsiye ederim. Dr. \u00d6\u011fretim \u00dcyesi Uzman Klinik Psikolog Burak U\u011eUZ<\/p>\n","protected":false},"excerpt":{"rendered":"<p>\u00c7ocuklar\u0131n karakter geli\u015fiminin % 80&#8217;inin tamamland\u0131\u011f\u0131 0-8 ya\u015f aras\u0131 &#8220;erken \u00e7ocukluk d\u00f6nemi&#8221; olarak bilinir. Akademik ve sosyal hayattaki ba\u015far\u0131 i\u00e7in \u00f6nemli olan dil becerilerinin temelinin at\u0131ld\u0131\u011f\u0131<span class=\"excerpt-hellip\"> [\u2026]<\/span><\/p>\n","protected":false},"featured_media":0,"template":"","meta":{"_monsterinsights_skip_tracking":false,"_monsterinsights_sitenote_active":false,"_monsterinsights_sitenote_note":"","_monsterinsights_sitenote_category":0},"product_brand":[],"product_cat":[12274,12284],"product_tag":[],"class_list":{"0":"post-725781","1":"product","2":"type-product","3":"status-publish","5":"product_cat-cocuk-ve-genclik-kitaplari","6":"product_cat-hikayeler","7":"pa_cilt-ciltsiz","8":"pa_tur-kitap","9":"pa_yayinevi-luna-yayinlari","10":"pa_yazar-songul-ungut-taskin","12":"first","13":"instock","14":"sale","15":"shipping-taxable","16":"purchasable","17":"product-type-simple"},"_links":{"self":[{"href":"https:\/\/roveyayinevi.com.tr\/index.php\/wp-json\/wp\/v2\/product\/725781","targetHints":{"allow":["GET"]}}],"collection":[{"href":"https:\/\/roveyayinevi.com.tr\/index.php\/wp-json\/wp\/v2\/product"}],"about":[{"href":"https:\/\/roveyayinevi.com.tr\/index.php\/wp-json\/wp\/v2\/types\/product"}],"wp:attachment":[{"href":"https:\/\/roveyayinevi.com.tr\/index.php\/wp-json\/wp\/v2\/media?parent=725781"}],"wp:term":[{"taxonomy":"product_brand","embeddable":true,"href":"https:\/\/roveyayinevi.com.tr\/index.php\/wp-json\/wp\/v2\/product_brand?post=725781"},{"taxonomy":"product_cat","embeddable":true,"href":"https:\/\/roveyayinevi.com.tr\/index.php\/wp-json\/wp\/v2\/product_cat?post=725781"},{"taxonomy":"product_tag","embeddable":true,"href":"https:\/\/roveyayinevi.com.tr\/index.php\/wp-json\/wp\/v2\/product_tag?post=725781"}],"curies":[{"name":"wp","href":"https:\/\/api.w.org\/{rel}","templated":true}]}}