{"id":725780,"date":"2025-08-27T19:55:49","date_gmt":"2025-08-27T16:55:49","guid":{"rendered":"https:\/\/roveyayinevi.com.tr\/index.php\/urun\/hos-geldin-ilk-iki-yasin-sihri\/"},"modified":"2026-04-16T02:33:37","modified_gmt":"2026-04-15T23:33:37","slug":"hos-geldin-ilk-iki-yasin-sihri","status":"publish","type":"product","link":"https:\/\/roveyayinevi.com.tr\/index.php\/urun\/hos-geldin-ilk-iki-yasin-sihri\/","title":{"rendered":"Ho\u015f Geldin : \u0130lk \u0130ki Ya\u015f\u0131n Sihri"},"content":{"rendered":"<p>\u201dBiz bildi\u011fim en muhte\u015fem kelime. Bir aile olmak biz olmak demek.\u201dHayat\u0131n ilk y\u0131llar\u0131 sevgiyi b\u00fcy\u00fctmek i\u00e7indir. Di\u011fer her \u015fey bundan sonra gelir. O sizin \u00e7ocu\u011funuz. Sizin mucizeniz.\u015eimdi kollar\u0131n\u0131z\u0131n aras\u0131ndaki bu varl\u0131k bir g\u00fcn kendi ayaklar\u0131 \u00fczerinde y\u00fcr\u00fcyecek&#8230; O g\u00fcne kadar birlikte bir ritim yakalamal\u0131, beraber olmaktan mutlu olaca\u011f\u0131n\u0131z bir aile yaratmal\u0131, \u00e7ocu\u011funuzun kabul g\u00f6rd\u00fc\u011f\u00fc ve ihtiya\u00e7 duydu\u011fu her an d\u00f6nebilece\u011fini bildi\u011fi bir alan in\u015fa etmelisiniz: Bir yuva. \u00dcnl\u00fc psikolog ve aile terapisti Hedvig Montgomery, 23 dilde yay\u0131mlan\u0131p b\u00fcy\u00fck be\u011feni toplayan Anne Baba Sihri serisinin ikinci kitab\u0131nda bebeklik d\u00f6nemine, o b\u00fcy\u00fcl\u00fc ve f\u0131rt\u0131nal\u0131 24 aya odaklan\u0131yor. Bebe\u011fi nas\u0131l uyutaca\u011f\u0131m\u0131z, a\u011flad\u0131\u011f\u0131nda nas\u0131l sakinle\u015ftirece\u011fimiz, emzirme, dil becerisi, bak\u0131c\u0131l\u0131 hayat gibi anne baban\u0131n kar\u015f\u0131la\u015fmas\u0131 muhtemel g\u00fcndelik sorunlar ve \u00f6nemli e\u015fikler i\u00e7in anla\u015f\u0131l\u0131r ve somut \u00e7\u00f6z\u00fcmler \u00f6neren Montgomery, ayn\u0131 zamanda \u00e7ocu\u011fumuzla aram\u0131zdaki o e\u015fsiz ba\u011f\u0131 nas\u0131l kuraca\u011f\u0131m\u0131z\u0131, duygular\u0131n ve sevginin k\u00f6kenine inmenin inceliklerini, ge\u00e7mi\u015fimize dair unuttu\u011fumuz her \u015feyi \u00e7ocu\u011fumuzla birlikte hat\u0131rlamay\u0131, hayat boyu ona e\u015flik edecek g\u00fcven duygusunu kazand\u0131rman\u0131n yollar\u0131n\u0131 anlat\u0131yor.<\/p>\n","protected":false},"excerpt":{"rendered":"<p>\u201dBiz bildi\u011fim en muhte\u015fem kelime. Bir aile olmak biz olmak demek.\u201dHayat\u0131n ilk y\u0131llar\u0131 sevgiyi b\u00fcy\u00fctmek i\u00e7indir. Di\u011fer her \u015fey bundan sonra gelir. O sizin \u00e7ocu\u011funuz. Sizin<span class=\"excerpt-hellip\"> [\u2026]<\/span><\/p>\n","protected":false},"featured_media":0,"template":"","meta":{"_monsterinsights_skip_tracking":false,"_monsterinsights_sitenote_active":false,"_monsterinsights_sitenote_note":"","_monsterinsights_sitenote_category":0},"product_brand":[],"product_cat":[17996,12364],"product_tag":[],"class_list":{"0":"post-725780","1":"product","2":"type-product","3":"status-publish","5":"product_cat-ebeveyn-kitaplari","6":"product_cat-genel-konular","7":"pa_cilt-ciltsiz","8":"pa_tur-kitap","9":"pa_yayinevi-domingo-yayinevi","10":"pa_yazar-hedvig-montgomery","12":"first","13":"instock","14":"sale","15":"shipping-taxable","16":"purchasable","17":"product-type-simple"},"_links":{"self":[{"href":"https:\/\/roveyayinevi.com.tr\/index.php\/wp-json\/wp\/v2\/product\/725780","targetHints":{"allow":["GET"]}}],"collection":[{"href":"https:\/\/roveyayinevi.com.tr\/index.php\/wp-json\/wp\/v2\/product"}],"about":[{"href":"https:\/\/roveyayinevi.com.tr\/index.php\/wp-json\/wp\/v2\/types\/product"}],"wp:attachment":[{"href":"https:\/\/roveyayinevi.com.tr\/index.php\/wp-json\/wp\/v2\/media?parent=725780"}],"wp:term":[{"taxonomy":"product_brand","embeddable":true,"href":"https:\/\/roveyayinevi.com.tr\/index.php\/wp-json\/wp\/v2\/product_brand?post=725780"},{"taxonomy":"product_cat","embeddable":true,"href":"https:\/\/roveyayinevi.com.tr\/index.php\/wp-json\/wp\/v2\/product_cat?post=725780"},{"taxonomy":"product_tag","embeddable":true,"href":"https:\/\/roveyayinevi.com.tr\/index.php\/wp-json\/wp\/v2\/product_tag?post=725780"}],"curies":[{"name":"wp","href":"https:\/\/api.w.org\/{rel}","templated":true}]}}