{"id":725779,"date":"2025-08-27T19:55:48","date_gmt":"2025-08-27T16:55:48","guid":{"rendered":"https:\/\/roveyayinevi.com.tr\/index.php\/urun\/i-harfinin-durumu\/"},"modified":"2026-04-16T02:33:37","modified_gmt":"2026-04-15T23:33:37","slug":"i-harfinin-durumu","status":"publish","type":"product","link":"https:\/\/roveyayinevi.com.tr\/index.php\/urun\/i-harfinin-durumu\/","title":{"rendered":"I Harfinin Durumu"},"content":{"rendered":"<p>\u201cSeni g\u00f6r\u00fcnce ay\u0131n ald\u0131\u011f\u0131 yeni hal beni irkitemez \u00e7\u00fcnk\u00fc yaln\u0131zl\u0131\u011f\u0131mla kavlanm\u0131\u015f ac\u0131 dolu bir g\u00fczelli\u011fi var ya\u015faman\u0131n k\u00e2\u011f\u0131t kesi\u011fi gibi bir duygudan sonra gelen gidi\u015fine tarih d\u00fc\u015f\u00fcren baz\u0131 kad\u0131nlar tozunu ald\u0131k\u00e7a \u00f6ks\u00fcrten an\u0131lar<\/p>\n","protected":false},"excerpt":{"rendered":"<p>\u201cSeni g\u00f6r\u00fcnce ay\u0131n ald\u0131\u011f\u0131 yeni hal beni irkitemez \u00e7\u00fcnk\u00fc yaln\u0131zl\u0131\u011f\u0131mla kavlanm\u0131\u015f ac\u0131 dolu bir g\u00fczelli\u011fi var ya\u015faman\u0131n k\u00e2\u011f\u0131t kesi\u011fi gibi bir duygudan sonra gelen gidi\u015fine tarih<span class=\"excerpt-hellip\"> [\u2026]<\/span><\/p>\n","protected":false},"featured_media":0,"template":"","meta":{"_monsterinsights_skip_tracking":false,"_monsterinsights_sitenote_active":false,"_monsterinsights_sitenote_note":"","_monsterinsights_sitenote_category":0},"product_brand":[],"product_cat":[12291,12509],"product_tag":[],"class_list":{"0":"post-725779","1":"product","2":"type-product","3":"status-publish","5":"product_cat-edebiyat","6":"product_cat-siir","7":"pa_cilt-ciltsiz","8":"pa_tur-kitap","9":"pa_yayinevi-ketebe-yayinlari","10":"pa_yazar-abdussamed-bilgili","12":"first","13":"instock","14":"sale","15":"shipping-taxable","16":"purchasable","17":"product-type-simple"},"_links":{"self":[{"href":"https:\/\/roveyayinevi.com.tr\/index.php\/wp-json\/wp\/v2\/product\/725779","targetHints":{"allow":["GET"]}}],"collection":[{"href":"https:\/\/roveyayinevi.com.tr\/index.php\/wp-json\/wp\/v2\/product"}],"about":[{"href":"https:\/\/roveyayinevi.com.tr\/index.php\/wp-json\/wp\/v2\/types\/product"}],"wp:attachment":[{"href":"https:\/\/roveyayinevi.com.tr\/index.php\/wp-json\/wp\/v2\/media?parent=725779"}],"wp:term":[{"taxonomy":"product_brand","embeddable":true,"href":"https:\/\/roveyayinevi.com.tr\/index.php\/wp-json\/wp\/v2\/product_brand?post=725779"},{"taxonomy":"product_cat","embeddable":true,"href":"https:\/\/roveyayinevi.com.tr\/index.php\/wp-json\/wp\/v2\/product_cat?post=725779"},{"taxonomy":"product_tag","embeddable":true,"href":"https:\/\/roveyayinevi.com.tr\/index.php\/wp-json\/wp\/v2\/product_tag?post=725779"}],"curies":[{"name":"wp","href":"https:\/\/api.w.org\/{rel}","templated":true}]}}