{"id":725778,"date":"2025-08-27T19:55:48","date_gmt":"2025-08-27T16:55:48","guid":{"rendered":"https:\/\/roveyayinevi.com.tr\/index.php\/urun\/covid-19-bir-virusten-otesi\/"},"modified":"2026-04-16T02:33:37","modified_gmt":"2026-04-15T23:33:37","slug":"covid-19-bir-virusten-otesi","status":"publish","type":"product","link":"https:\/\/roveyayinevi.com.tr\/index.php\/urun\/covid-19-bir-virusten-otesi\/","title":{"rendered":"Covid-19: Bir Vir\u00fcsten \u00d6tesi"},"content":{"rendered":"<p>D\u00fc\u015f\u00fcnce d\u00fcnyam\u0131z\u0131n nitelikli kalemleri aras\u0131nda \u00e7oktand\u0131r hak etti\u011fi yeri alan H\u00fcseyin Vodinal\u0131 bu kez kar\u015f\u0131m\u0131za bir kitapla \u00e7\u0131k\u0131yor.Covid-19: Bir Vir\u00fcsten \u00d6tesi isimli bu kitapla Vodinal\u0131, d\u00fcnya tarihinde bir d\u00f6n\u00fcm noktas\u0131 olan Covid-19 pandemisine farkl\u0131 bir pencereden bakman\u0131n se\u00e7eneklerini okuyucuya sunuyor. Jeopolitik \u00e7eki\u015fmelerin biyolojik alandaki hesapla\u015fmalar\u0131ndan finans kapitalin para h\u0131rs\u0131n\u0131n sa\u011fl\u0131k sekt\u00f6r\u00fcndeki yans\u0131malar\u0131na; Birle\u015fmi\u015f Milletler te\u015fkilatlar\u0131na uzanan sivil toplum \u00f6rg\u00fctlerinin \u00f6r\u00fcmcek a\u011flar\u0131ndan devlet d\u0131\u015f\u0131 kurumlar aras\u0131ndaki gizli ili\u015fkilere kadar pek \u00e7ok alanda kaynaklara dayal\u0131 bilgiyi g\u00f6z \u00f6n\u00fcne seriyor. T\u00fcrkiye\u2019de, bir salg\u0131n\u0131n jeopolitik perspektifte incelendi\u011fi nadir kitaplardan birisini d\u00fc\u015f\u00fcnce d\u00fcnyam\u0131za kazand\u0131rd\u0131\u011f\u0131 i\u00e7in Say\u0131n H\u00fcseyin Vodinal\u0131\u2019y\u0131 kutluyorum.<\/p>\n","protected":false},"excerpt":{"rendered":"<p>D\u00fc\u015f\u00fcnce d\u00fcnyam\u0131z\u0131n nitelikli kalemleri aras\u0131nda \u00e7oktand\u0131r hak etti\u011fi yeri alan H\u00fcseyin Vodinal\u0131 bu kez kar\u015f\u0131m\u0131za bir kitapla \u00e7\u0131k\u0131yor.Covid-19: Bir Vir\u00fcsten \u00d6tesi isimli bu kitapla Vodinal\u0131, d\u00fcnya<span class=\"excerpt-hellip\"> [\u2026]<\/span><\/p>\n","protected":false},"featured_media":0,"template":"","meta":{"_monsterinsights_skip_tracking":false,"_monsterinsights_sitenote_active":false,"_monsterinsights_sitenote_note":"","_monsterinsights_sitenote_category":0},"product_brand":[],"product_cat":[13005,38128],"product_tag":[],"class_list":{"0":"post-725778","1":"product","2":"type-product","3":"status-publish","5":"product_cat-bilim-muhendislik","6":"product_cat-tip-bilimleri","7":"pa_cilt-ciltsiz","8":"pa_tur-kitap","9":"pa_yayinevi-pankus-yayinlari","10":"pa_yazar-huseyin-vodinali","12":"first","13":"instock","14":"sale","15":"shipping-taxable","16":"purchasable","17":"product-type-simple"},"_links":{"self":[{"href":"https:\/\/roveyayinevi.com.tr\/index.php\/wp-json\/wp\/v2\/product\/725778","targetHints":{"allow":["GET"]}}],"collection":[{"href":"https:\/\/roveyayinevi.com.tr\/index.php\/wp-json\/wp\/v2\/product"}],"about":[{"href":"https:\/\/roveyayinevi.com.tr\/index.php\/wp-json\/wp\/v2\/types\/product"}],"wp:attachment":[{"href":"https:\/\/roveyayinevi.com.tr\/index.php\/wp-json\/wp\/v2\/media?parent=725778"}],"wp:term":[{"taxonomy":"product_brand","embeddable":true,"href":"https:\/\/roveyayinevi.com.tr\/index.php\/wp-json\/wp\/v2\/product_brand?post=725778"},{"taxonomy":"product_cat","embeddable":true,"href":"https:\/\/roveyayinevi.com.tr\/index.php\/wp-json\/wp\/v2\/product_cat?post=725778"},{"taxonomy":"product_tag","embeddable":true,"href":"https:\/\/roveyayinevi.com.tr\/index.php\/wp-json\/wp\/v2\/product_tag?post=725778"}],"curies":[{"name":"wp","href":"https:\/\/api.w.org\/{rel}","templated":true}]}}