{"id":725776,"date":"2025-08-27T19:55:47","date_gmt":"2025-08-27T16:55:47","guid":{"rendered":"https:\/\/roveyayinevi.com.tr\/index.php\/urun\/sosyoloji-yazilari-3\/"},"modified":"2026-04-16T02:33:37","modified_gmt":"2026-04-15T23:33:37","slug":"sosyoloji-yazilari-3","status":"publish","type":"product","link":"https:\/\/roveyayinevi.com.tr\/index.php\/urun\/sosyoloji-yazilari-3\/","title":{"rendered":"Sosyoloji Yaz\u0131lar\u0131"},"content":{"rendered":"<p>Sosyolojide Frans\u0131z ekol\u00fcn\u00fcn ilk temsilcilerinden olan Marcel Mauss ve Paul Fauconnet, bu derleme \u00e7al\u0131\u015fmada sosyolojinin bilim haline gelme a\u015famas\u0131nda i\u015fledi\u011fi konular\u0131, uygulad\u0131\u011f\u0131 y\u00f6ntemleri ve b\u00f6l\u00fcmlemeleri sunarlar. Sosyolojinin bug\u00fcnk\u00fc konumuna gelmesi hususunda tarihsel de\u011feri de olan bu makaleler, antropoloji ve di\u011fer bilimlerle kurulan ili\u015fkileri de \u00f6rneklendirir.<\/p>\n","protected":false},"excerpt":{"rendered":"<p>Sosyolojide Frans\u0131z ekol\u00fcn\u00fcn ilk temsilcilerinden olan Marcel Mauss ve Paul Fauconnet, bu derleme \u00e7al\u0131\u015fmada sosyolojinin bilim haline gelme a\u015famas\u0131nda i\u015fledi\u011fi konular\u0131, uygulad\u0131\u011f\u0131 y\u00f6ntemleri ve b\u00f6l\u00fcmlemeleri sunarlar.<span class=\"excerpt-hellip\"> [\u2026]<\/span><\/p>\n","protected":false},"featured_media":0,"template":"","meta":{"_monsterinsights_skip_tracking":false,"_monsterinsights_sitenote_active":false,"_monsterinsights_sitenote_note":"","_monsterinsights_sitenote_category":0},"product_brand":[],"product_cat":[12325,12324],"product_tag":[],"class_list":{"0":"post-725776","1":"product","2":"type-product","3":"status-publish","5":"product_cat-diger-sosyoloji","6":"product_cat-sosyoloji","7":"pa_cilt-ciltsiz","8":"pa_tur-kitap","9":"pa_yayinevi-pinhan-yayincilik","10":"pa_yazar-marcel-mauss","11":"pa_yazar-paul-fauconnet","13":"first","14":"instock","15":"sale","16":"shipping-taxable","17":"purchasable","18":"product-type-simple"},"_links":{"self":[{"href":"https:\/\/roveyayinevi.com.tr\/index.php\/wp-json\/wp\/v2\/product\/725776","targetHints":{"allow":["GET"]}}],"collection":[{"href":"https:\/\/roveyayinevi.com.tr\/index.php\/wp-json\/wp\/v2\/product"}],"about":[{"href":"https:\/\/roveyayinevi.com.tr\/index.php\/wp-json\/wp\/v2\/types\/product"}],"wp:attachment":[{"href":"https:\/\/roveyayinevi.com.tr\/index.php\/wp-json\/wp\/v2\/media?parent=725776"}],"wp:term":[{"taxonomy":"product_brand","embeddable":true,"href":"https:\/\/roveyayinevi.com.tr\/index.php\/wp-json\/wp\/v2\/product_brand?post=725776"},{"taxonomy":"product_cat","embeddable":true,"href":"https:\/\/roveyayinevi.com.tr\/index.php\/wp-json\/wp\/v2\/product_cat?post=725776"},{"taxonomy":"product_tag","embeddable":true,"href":"https:\/\/roveyayinevi.com.tr\/index.php\/wp-json\/wp\/v2\/product_tag?post=725776"}],"curies":[{"name":"wp","href":"https:\/\/api.w.org\/{rel}","templated":true}]}}