{"id":725775,"date":"2025-08-27T19:55:46","date_gmt":"2025-08-27T16:55:46","guid":{"rendered":"https:\/\/roveyayinevi.com.tr\/index.php\/urun\/egemen-virus\/"},"modified":"2026-04-16T02:33:37","modified_gmt":"2026-04-15T23:33:37","slug":"egemen-virus","status":"publish","type":"product","link":"https:\/\/roveyayinevi.com.tr\/index.php\/urun\/egemen-virus\/","title":{"rendered":"Egemen Vir\u00fcs"},"content":{"rendered":"<p>Yirmi birinci y\u00fczy\u0131la damgas\u0131n\u0131 vuran, d\u00f6n\u00fcm noktas\u0131 bir olay\u0131n \u00e7arp\u0131c\u0131 tasviri. Ekolojik sorunlardan uzmanlar\u0131n y\u00f6netimine, istisna h\u00e2linden ba\u011f\u0131\u015f\u0131kl\u0131k demokrasisine, korkunun egemenli\u011finden komplo teorilerinin yayg\u0131nl\u0131\u011f\u0131na, mecburi mesafelerden dijital kontrole kadar varolu\u015fun nas\u0131l de\u011fi\u015fti\u011fine ve gelecekte bunun politik etkilerinin neler olaca\u011f\u0131na dair bir sorgulama.Koronavir\u00fcs, devletlerin kibirli s\u0131n\u0131rlar\u0131n\u0131, vatansever duvarlar\u0131n\u0131 a\u015fan egemen bir vir\u00fcst\u00fcr ve t\u00fcm korkun\u00e7 gaddarl\u0131\u011f\u0131yla en zay\u0131f olan\u0131 d\u0131\u015flayan ba\u011f\u0131\u015f\u0131kl\u0131k mant\u0131\u011f\u0131n\u0131 if\u015fa etmektedir. Her t\u00fcrl\u00fc adalet fikrine meydan okuyan, savunmas\u0131z ile korunan aras\u0131ndaki e\u015fitsizlik ise hi\u00e7 bu kadar a\u00e7\u0131k olmam\u0131\u015ft\u0131. Vir\u00fcs, kapitalizmin ac\u0131mas\u0131zl\u0131\u011f\u0131n\u0131 ortaya \u00e7\u0131kard\u0131. Ama sadece bu de\u011fil, dayan\u0131\u015fma i\u00e7inde bulunmadan kurtulu\u015fun m\u00fcmk\u00fcn olmad\u0131\u011f\u0131n\u0131 da g\u00f6steriyor ve bizi birlikte ya\u015faman\u0131n yeni bir yolunu d\u00fc\u015f\u00fcnmeye zorluyor.<\/p>\n","protected":false},"excerpt":{"rendered":"<p>Yirmi birinci y\u00fczy\u0131la damgas\u0131n\u0131 vuran, d\u00f6n\u00fcm noktas\u0131 bir olay\u0131n \u00e7arp\u0131c\u0131 tasviri. Ekolojik sorunlardan uzmanlar\u0131n y\u00f6netimine, istisna h\u00e2linden ba\u011f\u0131\u015f\u0131kl\u0131k demokrasisine, korkunun egemenli\u011finden komplo teorilerinin yayg\u0131nl\u0131\u011f\u0131na, mecburi mesafelerden<span class=\"excerpt-hellip\"> [\u2026]<\/span><\/p>\n","protected":false},"featured_media":0,"template":"","meta":{"_monsterinsights_skip_tracking":false,"_monsterinsights_sitenote_active":false,"_monsterinsights_sitenote_note":"","_monsterinsights_sitenote_category":0},"product_brand":[],"product_cat":[13366,13365],"product_tag":[],"class_list":{"0":"post-725775","1":"product","2":"type-product","3":"status-publish","5":"product_cat-diger-saglik","6":"product_cat-saglik","7":"pa_cilt-ciltsiz","8":"pa_tur-kitap","9":"pa_yayinevi-pinhan-yayincilik","10":"pa_yazar-donatella-di-cesare","12":"first","13":"instock","14":"sale","15":"shipping-taxable","16":"purchasable","17":"product-type-simple"},"_links":{"self":[{"href":"https:\/\/roveyayinevi.com.tr\/index.php\/wp-json\/wp\/v2\/product\/725775","targetHints":{"allow":["GET"]}}],"collection":[{"href":"https:\/\/roveyayinevi.com.tr\/index.php\/wp-json\/wp\/v2\/product"}],"about":[{"href":"https:\/\/roveyayinevi.com.tr\/index.php\/wp-json\/wp\/v2\/types\/product"}],"wp:attachment":[{"href":"https:\/\/roveyayinevi.com.tr\/index.php\/wp-json\/wp\/v2\/media?parent=725775"}],"wp:term":[{"taxonomy":"product_brand","embeddable":true,"href":"https:\/\/roveyayinevi.com.tr\/index.php\/wp-json\/wp\/v2\/product_brand?post=725775"},{"taxonomy":"product_cat","embeddable":true,"href":"https:\/\/roveyayinevi.com.tr\/index.php\/wp-json\/wp\/v2\/product_cat?post=725775"},{"taxonomy":"product_tag","embeddable":true,"href":"https:\/\/roveyayinevi.com.tr\/index.php\/wp-json\/wp\/v2\/product_tag?post=725775"}],"curies":[{"name":"wp","href":"https:\/\/api.w.org\/{rel}","templated":true}]}}