{"id":725765,"date":"2025-08-27T19:55:38","date_gmt":"2025-08-27T16:55:38","guid":{"rendered":"https:\/\/roveyayinevi.com.tr\/index.php\/urun\/sevme-sanati-modern-kapak\/"},"modified":"2026-04-16T02:33:36","modified_gmt":"2026-04-15T23:33:36","slug":"sevme-sanati-modern-kapak","status":"publish","type":"product","link":"https:\/\/roveyayinevi.com.tr\/index.php\/urun\/sevme-sanati-modern-kapak\/","title":{"rendered":"Sevme Sanat\u0131 (Modern Kapak)"},"content":{"rendered":"<p>\u201cSevgi, ki\u015fiyi di\u011fer insanlardan ay\u0131ran duvarlar\u0131 y\u0131kan, onu di\u011ferleriyle birle\u015ftiren, insan\u0131n i\u00e7indeki etkin gu\u0308\u00e7tu\u0308r.\u201d   \u201cPsikoloji alan\u0131ndaki en \u00f6nemli \u00e7al\u0131\u015fmalardan biri.\u201d \u2014The New York Times   Her sanat dal\u0131 disiplin, odaklanma ve sab\u0131r gerektirir. Sanatta ustala\u015fma, bir \u00e7ocu\u011fun yeni yu\u0308ru\u0308meye ba\u015flad\u0131\u011f\u0131 evredeki gibi du\u0308\u015fe kalka ama denemekten vazge\u00e7memekle elde edilir. Sevmek de i\u00e7inde sevme ve sevilme eylemini birlikte muhafaza eden bir sanatt\u0131r. Hatta di\u011fer sanat dallar\u0131ndan daha fazla i\u00e7g\u00f6ru\u0308ye ve anlay\u0131\u015fa sahip olmaya ihtiya\u00e7 duyar. Bir ustas\u0131, bir k\u0131lavuzu yoktur; ki\u015finin salt kendisi i\u00e7in ve tek ba\u015f\u0131na edinebilece\u011fi bireysel bir deneyimdir.   Sevme Sanat\u0131, bu sanat\u0131n nas\u0131l ve hangi ara\u00e7larla icra edilece\u011finin anlat\u0131ld\u0131\u011f\u0131 bir re\u00e7ete ya da sevginin ne oldu\u011fu konusunda binlercesi bulunan bir ki\u015fisel geli\u015fim kitab\u0131 de\u011fildir. Bunun \u00e7ok \u00f6tesinde, art\u0131k bir klasik say\u0131lan, hemen hemen tu\u0308m du\u0308nya dillerine \u00e7evrilen, yay\u0131mland\u0131\u011f\u0131 u\u0308lkelerde milyonlarca satan bu kitap, insanl\u0131\u011f\u0131n gelece\u011fi i\u00e7in hu\u0308manist bir yakla\u015f\u0131m, sevme hakk\u0131nda kusursuz bir felsefi manifestodur.   Sevme Sanat\u0131, \u201csevmek\u201d eyleminin ana hatlar\u0131n\u0131 belirleyen ve bunu felsefe ve psikoloji temelinde ele alan, incitmeyen, ele\u015ftirmeyen, dili ve i\u00e7eri\u011fi asla eskimeyen bir kitap. <\/p>\n","protected":false},"excerpt":{"rendered":"<p>\u201cSevgi, ki\u015fiyi di\u011fer insanlardan ay\u0131ran duvarlar\u0131 y\u0131kan, onu di\u011ferleriyle birle\u015ftiren, insan\u0131n i\u00e7indeki etkin gu\u0308\u00e7tu\u0308r.\u201d \u201cPsikoloji alan\u0131ndaki en \u00f6nemli \u00e7al\u0131\u015fmalardan biri.\u201d \u2014The New York Times Her sanat<span class=\"excerpt-hellip\"> [\u2026]<\/span><\/p>\n","protected":false},"featured_media":0,"template":"","meta":{"_monsterinsights_skip_tracking":false,"_monsterinsights_sitenote_active":false,"_monsterinsights_sitenote_note":"","_monsterinsights_sitenote_category":0},"product_brand":[],"product_cat":[12358,12357],"product_tag":[],"class_list":{"0":"post-725765","1":"product","2":"type-product","3":"status-publish","5":"product_cat-genel-psikoloji","6":"product_cat-psikoloji","7":"pa_cilt-ciltsiz","8":"pa_tur-kitap","9":"pa_yayinevi-say-yayinlari","10":"pa_yazar-erich-fromm","12":"first","13":"instock","14":"sale","15":"shipping-taxable","16":"purchasable","17":"product-type-simple"},"_links":{"self":[{"href":"https:\/\/roveyayinevi.com.tr\/index.php\/wp-json\/wp\/v2\/product\/725765","targetHints":{"allow":["GET"]}}],"collection":[{"href":"https:\/\/roveyayinevi.com.tr\/index.php\/wp-json\/wp\/v2\/product"}],"about":[{"href":"https:\/\/roveyayinevi.com.tr\/index.php\/wp-json\/wp\/v2\/types\/product"}],"wp:attachment":[{"href":"https:\/\/roveyayinevi.com.tr\/index.php\/wp-json\/wp\/v2\/media?parent=725765"}],"wp:term":[{"taxonomy":"product_brand","embeddable":true,"href":"https:\/\/roveyayinevi.com.tr\/index.php\/wp-json\/wp\/v2\/product_brand?post=725765"},{"taxonomy":"product_cat","embeddable":true,"href":"https:\/\/roveyayinevi.com.tr\/index.php\/wp-json\/wp\/v2\/product_cat?post=725765"},{"taxonomy":"product_tag","embeddable":true,"href":"https:\/\/roveyayinevi.com.tr\/index.php\/wp-json\/wp\/v2\/product_tag?post=725765"}],"curies":[{"name":"wp","href":"https:\/\/api.w.org\/{rel}","templated":true}]}}