{"id":725764,"date":"2025-08-27T19:55:37","date_gmt":"2025-08-27T16:55:37","guid":{"rendered":"https:\/\/roveyayinevi.com.tr\/index.php\/urun\/toprak-abla\/"},"modified":"2026-04-16T02:33:36","modified_gmt":"2026-04-15T23:33:36","slug":"toprak-abla","status":"publish","type":"product","link":"https:\/\/roveyayinevi.com.tr\/index.php\/urun\/toprak-abla\/","title":{"rendered":"Toprak Abla"},"content":{"rendered":"<p>Renkli giysileri ve arkas\u0131nda s\u00fcr\u00fckledi\u011fi tahta arabas\u0131yla bir sabah \u00e7\u0131kagelen ve ormanda bir karavana yerle\u015fen Toprak Abla, kasaba \u00e7ocuklar\u0131n\u0131n hayat\u0131n\u0131 de\u011fi\u015ftirir. Ya\u011fmurun sevincini, bitkilerin dilini, gecenin ninnisini \u00f6\u011fretir onlara. Ama Toprak Abla&#8217;n\u0131n geli\u015fi birilerini huzursuz etmi\u015ftir. \u00c7ocuklar birer usta dedektif gibi bu d\u00fc\u015fmanl\u0131\u011f\u0131n alt\u0131nda yatan nedeni bulmaya \u00e7al\u0131\u015f\u0131r. Bu s\u0131rr\u0131 \u00e7\u00f6zerken \u00f6\u011frendikleri \u00e7ok \u00f6nemli bir \u015fey daha vard\u0131r: Orman\u0131, suyu, iyili\u011fi ve en yal\u0131n haliyle ya\u015fam\u0131 savunmak. Kumpanya Nula, R\u00fcya Tamirhanesi ve Karpuz Mevsimi adl\u0131 kitaplar\u0131yla tan\u0131d\u0131\u011f\u0131m\u0131z Kadriye Bak\u015fi\u2019nin yeni roman\u0131, Nejla G\u00fcr\u2019\u00fcn \u00e7izimleriyle okurla bulu\u015fuyor. <\/p>\n","protected":false},"excerpt":{"rendered":"<p>Renkli giysileri ve arkas\u0131nda s\u00fcr\u00fckledi\u011fi tahta arabas\u0131yla bir sabah \u00e7\u0131kagelen ve ormanda bir karavana yerle\u015fen Toprak Abla, kasaba \u00e7ocuklar\u0131n\u0131n hayat\u0131n\u0131 de\u011fi\u015ftirir. Ya\u011fmurun sevincini, bitkilerin dilini, gecenin<span class=\"excerpt-hellip\"> [\u2026]<\/span><\/p>\n","protected":false},"featured_media":0,"template":"","meta":{"_monsterinsights_skip_tracking":false,"_monsterinsights_sitenote_active":false,"_monsterinsights_sitenote_note":"","_monsterinsights_sitenote_category":0},"product_brand":[],"product_cat":[12275,12274],"product_tag":[],"class_list":{"0":"post-725764","1":"product","2":"type-product","3":"status-publish","5":"product_cat-6-12-yas-kitaplari","6":"product_cat-cocuk-ve-genclik-kitaplari","7":"pa_cilt-ciltsiz","8":"pa_tur-kitap","9":"pa_yayinevi-nesin-yayinlari","10":"pa_yazar-kadriye-baksi","12":"first","13":"instock","14":"sale","15":"shipping-taxable","16":"purchasable","17":"product-type-simple"},"_links":{"self":[{"href":"https:\/\/roveyayinevi.com.tr\/index.php\/wp-json\/wp\/v2\/product\/725764","targetHints":{"allow":["GET"]}}],"collection":[{"href":"https:\/\/roveyayinevi.com.tr\/index.php\/wp-json\/wp\/v2\/product"}],"about":[{"href":"https:\/\/roveyayinevi.com.tr\/index.php\/wp-json\/wp\/v2\/types\/product"}],"wp:attachment":[{"href":"https:\/\/roveyayinevi.com.tr\/index.php\/wp-json\/wp\/v2\/media?parent=725764"}],"wp:term":[{"taxonomy":"product_brand","embeddable":true,"href":"https:\/\/roveyayinevi.com.tr\/index.php\/wp-json\/wp\/v2\/product_brand?post=725764"},{"taxonomy":"product_cat","embeddable":true,"href":"https:\/\/roveyayinevi.com.tr\/index.php\/wp-json\/wp\/v2\/product_cat?post=725764"},{"taxonomy":"product_tag","embeddable":true,"href":"https:\/\/roveyayinevi.com.tr\/index.php\/wp-json\/wp\/v2\/product_tag?post=725764"}],"curies":[{"name":"wp","href":"https:\/\/api.w.org\/{rel}","templated":true}]}}