{"id":725763,"date":"2025-08-27T19:55:37","date_gmt":"2025-08-27T16:55:37","guid":{"rendered":"https:\/\/roveyayinevi.com.tr\/index.php\/urun\/ressam-kedi-pablo-ve-diger-oykuler\/"},"modified":"2026-04-16T02:33:36","modified_gmt":"2026-04-15T23:33:36","slug":"ressam-kedi-pablo-ve-diger-oykuler","status":"publish","type":"product","link":"https:\/\/roveyayinevi.com.tr\/index.php\/urun\/ressam-kedi-pablo-ve-diger-oykuler\/","title":{"rendered":"Ressam Kedi Pablo ve Di\u011fer \u00d6yk\u00fcler"},"content":{"rendered":"<p>\u00c7ok sevilen \u00e7ocuk kitaplar\u0131 yazar\u0131 Zeynep Alpaslan\u2019dan, ba\u015fkarakterlerini birbirinden sevimli kedilerin olu\u015fturdu\u011fu, nefis bir \u00f6yk\u00fc kitab\u0131\u2026\u0130\u00e7inde bulunan sekiz \u00f6yk\u00fcn\u00fcn her birinde farkl\u0131 bir patili dostumuzla tan\u0131\u015facak, ressam kedi Pablo\u2019nun, yazar kedi K\u00f6m\u00fcr\u2019\u00fcn, robot kedi Yuki\u2019nin, \u00e7\u00f6p kedisi Misket\u2019in ve di\u011ferlerinin s\u0131ms\u0131cak hik\u00e2yelerine ortak olaca\u011f\u0131z.Burcu G\u00fcd\u00fcc\u00fc\u2019n\u00fcn sevimli resimlerinin e\u015flik etti\u011fi, kediler d\u00fcnyas\u0131nda ge\u00e7en ve sevginin, dostlu\u011fun, hayal kurman\u0131n, hayallerin pe\u015finden ko\u015fman\u0131n \u00f6nemini hat\u0131rlatan her bir \u00f6yk\u00fc, y\u00fcz\u00fcn\u00fczde umut dolu bir g\u00fcl\u00fcmseme b\u0131rakacak.<\/p>\n","protected":false},"excerpt":{"rendered":"<p>\u00c7ok sevilen \u00e7ocuk kitaplar\u0131 yazar\u0131 Zeynep Alpaslan\u2019dan, ba\u015fkarakterlerini birbirinden sevimli kedilerin olu\u015fturdu\u011fu, nefis bir \u00f6yk\u00fc kitab\u0131\u2026\u0130\u00e7inde bulunan sekiz \u00f6yk\u00fcn\u00fcn her birinde farkl\u0131 bir patili dostumuzla tan\u0131\u015facak,<span class=\"excerpt-hellip\"> [\u2026]<\/span><\/p>\n","protected":false},"featured_media":0,"template":"","meta":{"_monsterinsights_skip_tracking":false,"_monsterinsights_sitenote_active":false,"_monsterinsights_sitenote_note":"","_monsterinsights_sitenote_category":0},"product_brand":[],"product_cat":[12275,12274],"product_tag":[],"class_list":{"0":"post-725763","1":"product","2":"type-product","3":"status-publish","5":"product_cat-6-12-yas-kitaplari","6":"product_cat-cocuk-ve-genclik-kitaplari","7":"pa_cilt-ciltsiz","8":"pa_tur-kitap","9":"pa_yayinevi-ithaki-yayinlari","10":"pa_yazar-zeynep-alpaslan","12":"first","13":"instock","14":"sale","15":"shipping-taxable","16":"purchasable","17":"product-type-simple"},"_links":{"self":[{"href":"https:\/\/roveyayinevi.com.tr\/index.php\/wp-json\/wp\/v2\/product\/725763","targetHints":{"allow":["GET"]}}],"collection":[{"href":"https:\/\/roveyayinevi.com.tr\/index.php\/wp-json\/wp\/v2\/product"}],"about":[{"href":"https:\/\/roveyayinevi.com.tr\/index.php\/wp-json\/wp\/v2\/types\/product"}],"wp:attachment":[{"href":"https:\/\/roveyayinevi.com.tr\/index.php\/wp-json\/wp\/v2\/media?parent=725763"}],"wp:term":[{"taxonomy":"product_brand","embeddable":true,"href":"https:\/\/roveyayinevi.com.tr\/index.php\/wp-json\/wp\/v2\/product_brand?post=725763"},{"taxonomy":"product_cat","embeddable":true,"href":"https:\/\/roveyayinevi.com.tr\/index.php\/wp-json\/wp\/v2\/product_cat?post=725763"},{"taxonomy":"product_tag","embeddable":true,"href":"https:\/\/roveyayinevi.com.tr\/index.php\/wp-json\/wp\/v2\/product_tag?post=725763"}],"curies":[{"name":"wp","href":"https:\/\/api.w.org\/{rel}","templated":true}]}}