{"id":725761,"date":"2025-08-27T19:55:35","date_gmt":"2025-08-27T16:55:35","guid":{"rendered":"https:\/\/roveyayinevi.com.tr\/index.php\/urun\/lodosla-gelen\/"},"modified":"2026-04-16T02:33:36","modified_gmt":"2026-04-15T23:33:36","slug":"lodosla-gelen","status":"publish","type":"product","link":"https:\/\/roveyayinevi.com.tr\/index.php\/urun\/lodosla-gelen\/","title":{"rendered":"Lodosla Gelen"},"content":{"rendered":"<p>Karanl\u0131\u011f\u0131n ka\u00e7 dil bildi\u011fini \u00f6\u011frenmeye, kedilere ve delilere yetmiyor akl\u0131m\u0131z. Bir \u015fark\u0131 t\u0131rnaklar\u0131n\u0131 tam da sa\u011fal\u0131r diye umdu\u011fumuz o yaraya ge\u00e7iriyor. Bu sefer kar bizi k\u00fcr\u00fcyor, \u015fehvet etimizle \u00e7o\u011fal\u0131yor, babalar \u00f6lmeyi herkesten daha iyi biliyor. Yeniden ba\u015flamak istiyoruz karanl\u0131\u011fa, sonra kedilere ve delilere. Bir \u015fark\u0131 daha s\u00f6ylesek diyoruz, bir mevsim daha ge\u00e7se. Olmuyor. \u00d6l\u00fcm, dayam\u0131\u015f a\u011fz\u0131n\u0131 sol mememize, s\u00fctten kesilmemizi bekliyor.Jale Sancak, Lodosla Gelen&#8217;deki \u00f6yk\u00fclerle hep oralarda olsalar da art\u0131k g\u00f6rmeye g\u00fcc\u00fcm\u00fcz\u00fcn yetmediklerini anlat\u0131yor bize. K\u0131zmadan, ba\u011f\u0131rmadan, parmak sallamadan yap\u0131yor bunu \u00fcstelik. Zengin ve bereketli bir \u00fcslupla s\u00f6yl\u00fcyor her \u015feyi.&#8221;Mor yelkovan\u0131n ard\u0131ndan giden kad\u0131n\u0131n hik\u00e2yesini hat\u0131rlad\u0131 birden, i\u00e7i s\u0131zlad\u0131, hanidir y\u00fcre\u011fine u\u011framayan bir duyguyla sars\u0131larak dokundu dalgalar\u0131n getirip b\u0131rakt\u0131\u011f\u0131 k\u0131p\u0131rt\u0131s\u0131z, yaral\u0131 bedene. Kad\u0131n g\u00f6zlerini aralad\u0131, k\u00e2bustan s\u0131yr\u0131ld\u0131, \u00fczerine e\u011filen Hatice\u2019ye \u015fa\u015fk\u0131nl\u0131kla bakt\u0131. Lodostan kalan koku, klarnetin k\u0131vrak gezini\u015fi, r\u00fczg\u00e2r\u0131n oralara dek ta\u015f\u0131d\u0131\u011f\u0131 bir vapur d\u00fcd\u00fc\u011f\u00fc, mart\u0131 sesleri akt\u0131 aralar\u0131ndan, ya\u015fanacak nice \u00e2n\u0131n s\u00f6zleri&#8230; Kanca Cemil as\u0131l\u0131 kald\u0131\u011f\u0131 bo\u015flukta, kad\u0131n\u0131 kucaklamaya \u00e7al\u0131\u015fan k\u0131z\u0131na k\u0131van\u00e7la g\u00fcl\u00fcmsedi. Besbelli sa\u011faltacakt\u0131 Hatice onu. Lodosun hediyesini sar\u0131p sarmalayacakt\u0131r.<\/p>\n","protected":false},"excerpt":{"rendered":"<p>Karanl\u0131\u011f\u0131n ka\u00e7 dil bildi\u011fini \u00f6\u011frenmeye, kedilere ve delilere yetmiyor akl\u0131m\u0131z. Bir \u015fark\u0131 t\u0131rnaklar\u0131n\u0131 tam da sa\u011fal\u0131r diye umdu\u011fumuz o yaraya ge\u00e7iriyor. Bu sefer kar bizi k\u00fcr\u00fcyor,<span class=\"excerpt-hellip\"> [\u2026]<\/span><\/p>\n","protected":false},"featured_media":0,"template":"","meta":{"_monsterinsights_skip_tracking":false,"_monsterinsights_sitenote_active":false,"_monsterinsights_sitenote_note":"","_monsterinsights_sitenote_category":0},"product_brand":[],"product_cat":[12291,12711],"product_tag":[],"class_list":{"0":"post-725761","1":"product","2":"type-product","3":"status-publish","5":"product_cat-edebiyat","6":"product_cat-roman-oyku","7":"pa_cilt-ciltsiz","8":"pa_tur-kitap","9":"pa_yayinevi-ithaki-yayinlari","10":"pa_yazar-jale-sancak","12":"first","13":"instock","14":"sale","15":"shipping-taxable","16":"purchasable","17":"product-type-simple"},"_links":{"self":[{"href":"https:\/\/roveyayinevi.com.tr\/index.php\/wp-json\/wp\/v2\/product\/725761","targetHints":{"allow":["GET"]}}],"collection":[{"href":"https:\/\/roveyayinevi.com.tr\/index.php\/wp-json\/wp\/v2\/product"}],"about":[{"href":"https:\/\/roveyayinevi.com.tr\/index.php\/wp-json\/wp\/v2\/types\/product"}],"wp:attachment":[{"href":"https:\/\/roveyayinevi.com.tr\/index.php\/wp-json\/wp\/v2\/media?parent=725761"}],"wp:term":[{"taxonomy":"product_brand","embeddable":true,"href":"https:\/\/roveyayinevi.com.tr\/index.php\/wp-json\/wp\/v2\/product_brand?post=725761"},{"taxonomy":"product_cat","embeddable":true,"href":"https:\/\/roveyayinevi.com.tr\/index.php\/wp-json\/wp\/v2\/product_cat?post=725761"},{"taxonomy":"product_tag","embeddable":true,"href":"https:\/\/roveyayinevi.com.tr\/index.php\/wp-json\/wp\/v2\/product_tag?post=725761"}],"curies":[{"name":"wp","href":"https:\/\/api.w.org\/{rel}","templated":true}]}}