{"id":725760,"date":"2025-08-27T19:55:34","date_gmt":"2025-08-27T16:55:34","guid":{"rendered":"https:\/\/roveyayinevi.com.tr\/index.php\/urun\/ottomania\/"},"modified":"2026-04-16T02:33:36","modified_gmt":"2026-04-15T23:33:36","slug":"ottomania","status":"publish","type":"product","link":"https:\/\/roveyayinevi.com.tr\/index.php\/urun\/ottomania\/","title":{"rendered":"Ottomania"},"content":{"rendered":"<p>Zehirli sular, y\u0131k\u0131k binalar ve kirli havayla puslanm\u0131\u015f bir gelecekte hayatta kalmak i\u00e7in vah\u015fi bir m\u00fccadele ba\u015flar. K\u0131r\u0131lganl\u0131\u011f\u0131n bedelinin \u00f6l\u00fcm oldu\u011fu bu tehlikeli d\u00fcnyada, organlar\u0131 i\u00e7in depolanm\u0131\u015f \u00e7ocuklar\u0131n m\u00fc\u015fterek bir hayali vard\u0131r, \u00f6zg\u00fcrce ya\u015famak. Ottomania, d\u00fcnyan\u0131n en k\u00f6t\u00fc zaman\u0131nda do\u011fmu\u015f, \u00f6l\u00fcme ve ac\u0131ya terk edilmi\u015f \u00e7ocuklar\u0131n umutla ba\u015flad\u0131klar\u0131 bir ba\u015fkald\u0131r\u0131 hik\u00e2yesi.Anadolu k\u00fclt\u00fcr\u00fc ve f\u00fct\u00fcristik teknolojinin harmanland\u0131\u011f\u0131 Ottomania, bir bilimkurgu alt t\u00fcr\u00fc olan Ottopunk\u2019\u0131n ilk \u00f6rne\u011fi. A\u011f\u0131r makineli silahlar ku\u015fanm\u0131\u015f fesli adamlar\u0131n, \u015falvarl\u0131 robotlar\u0131n, \u015fehirlere ceset ya\u011fd\u0131ran zeplinlerin, insan eti ba\u011f\u0131ml\u0131s\u0131 Wendigolar\u2019\u0131n, pe\u00e7eli katil tarikat\u0131 Kuddurlar\u2019\u0131n ve kendinden olmayan herkese kar\u015f\u0131 tehlike arz eden onlarca grubun aras\u0131nda hayatta kalmak i\u00e7in cesaret ve g\u00fc\u00e7 yeterli olmayacakt\u0131r.\u201cKararm\u0131\u015f, dev bir hayvan fosiline benzeyen pasl\u0131 merdiven basamaklar\u0131ndan yukar\u0131 \u00e7\u0131k\u0131ld\u0131k\u00e7a, ge\u00e7mi\u015fte Asya ve Avrupa k\u0131tas\u0131n\u0131 birbirine ba\u011flayan Bo\u011fazi\u00e7i K\u00f6pr\u00fcs\u00fc\u2019n\u00fcn iskeleti g\u00f6r\u00fcn\u00fcyordu. Amir, bir zamanlar d\u00fcnyada g\u00fczel bir hayat\u0131n var oldu\u011funun kan\u0131t\u0131 olarak g\u00f6r\u00fcrd\u00fc bu k\u00f6pr\u00fc enkaz\u0131n\u0131. Geceleri sandallara y\u00fcklenen cesetler ate\u015fe verilerek denizin ak\u0131nt\u0131s\u0131na b\u0131rak\u0131l\u0131rd\u0131 sevenleri taraf\u0131ndan. Asitli denizin i\u00e7inde bedenleri eriyen ruhlar\u0131n hi\u00e7bir hayvan veya insan taraf\u0131ndan didiklenmeyece\u011fi i\u00e7in huzura ereceklerine inan\u0131l\u0131rd\u0131. Karanl\u0131k denizin i\u00e7inde alev alm\u0131\u015f y\u0131ld\u0131zlara benzeyen bu ate\u015fler, k\u0131z\u0131l yakamozlar gibi Marmara Denizi\u2019nin durgun sular\u0131nda dalgalan\u0131r, uzun birer \u00e7izgiye d\u00f6n\u00fc\u015ferek yans\u0131rlard\u0131.\u201d<\/p>\n","protected":false},"excerpt":{"rendered":"<p>Zehirli sular, y\u0131k\u0131k binalar ve kirli havayla puslanm\u0131\u015f bir gelecekte hayatta kalmak i\u00e7in vah\u015fi bir m\u00fccadele ba\u015flar. K\u0131r\u0131lganl\u0131\u011f\u0131n bedelinin \u00f6l\u00fcm oldu\u011fu bu tehlikeli d\u00fcnyada, organlar\u0131 i\u00e7in<span class=\"excerpt-hellip\"> [\u2026]<\/span><\/p>\n","protected":false},"featured_media":0,"template":"","meta":{"_monsterinsights_skip_tracking":false,"_monsterinsights_sitenote_active":false,"_monsterinsights_sitenote_note":"","_monsterinsights_sitenote_category":0},"product_brand":[],"product_cat":[12540,12291],"product_tag":[],"class_list":{"0":"post-725760","1":"product","2":"type-product","3":"status-publish","5":"product_cat-bilim-kurgu","6":"product_cat-edebiyat","7":"pa_cilt-ciltsiz","8":"pa_tur-kitap","9":"pa_yayinevi-ithaki-yayinlari","10":"pa_yazar-erim-sisman","12":"first","13":"instock","14":"sale","15":"shipping-taxable","16":"purchasable","17":"product-type-simple"},"_links":{"self":[{"href":"https:\/\/roveyayinevi.com.tr\/index.php\/wp-json\/wp\/v2\/product\/725760","targetHints":{"allow":["GET"]}}],"collection":[{"href":"https:\/\/roveyayinevi.com.tr\/index.php\/wp-json\/wp\/v2\/product"}],"about":[{"href":"https:\/\/roveyayinevi.com.tr\/index.php\/wp-json\/wp\/v2\/types\/product"}],"wp:attachment":[{"href":"https:\/\/roveyayinevi.com.tr\/index.php\/wp-json\/wp\/v2\/media?parent=725760"}],"wp:term":[{"taxonomy":"product_brand","embeddable":true,"href":"https:\/\/roveyayinevi.com.tr\/index.php\/wp-json\/wp\/v2\/product_brand?post=725760"},{"taxonomy":"product_cat","embeddable":true,"href":"https:\/\/roveyayinevi.com.tr\/index.php\/wp-json\/wp\/v2\/product_cat?post=725760"},{"taxonomy":"product_tag","embeddable":true,"href":"https:\/\/roveyayinevi.com.tr\/index.php\/wp-json\/wp\/v2\/product_tag?post=725760"}],"curies":[{"name":"wp","href":"https:\/\/api.w.org\/{rel}","templated":true}]}}