{"id":725757,"date":"2025-08-27T19:55:31","date_gmt":"2025-08-27T16:55:31","guid":{"rendered":"https:\/\/roveyayinevi.com.tr\/index.php\/urun\/ara-dunya\/"},"modified":"2026-04-16T02:33:36","modified_gmt":"2026-04-15T23:33:36","slug":"ara-dunya","status":"publish","type":"product","link":"https:\/\/roveyayinevi.com.tr\/index.php\/urun\/ara-dunya\/","title":{"rendered":"Ara D\u00fcnya"},"content":{"rendered":"<p>Joey Harker fazlas\u0131yla s\u0131radan biriydi&#8230;Joey Harker kendi evinde bile kaybolurdu. Ancak bir g\u00fcn \u00f6yle bir kaybolacakt\u0131 ki kendisini paralel bir evrende bulacakt\u0131.Joey bir Y\u00fcr\u00fcy\u00fc\u015f\u00e7\u00fc\u2019yd\u00fc. Alternatif evrenler aras\u0131nda Y\u00fcr\u00fcyebilirdi. Joey, evrende bu \u00f6zelli\u011fe sahip tek ki\u015fiydi. Elbette kendi evreninde. Her alternatif evrende bir Joey vard\u0131 ve Joey\u2019ler, evrenin dengesini korumak ad\u0131na Ara D\u00fcnya ismini verdikleri bir organizasyona mensuplard\u0131.Ne zaman bir Y\u00fcr\u00fcy\u00fc\u015f\u00e7\u00fc ortaya \u00e7\u0131ksa, b\u00fcy\u00fcy\u00fc kullanarak evrenleri boyunduru\u011fu alt\u0131na almak isteyen HEX ile ayn\u0131 emeli bilime ba\u015fvurarak yerine getirmeye \u00e7al\u0131\u015fan \u0130kili, bu Y\u00fcr\u00fcy\u00fc\u015f\u00e7\u00fcleri ele ge\u00e7irmeye \u00e7al\u0131\u015f\u0131rd\u0131. Joey de ilk kez Y\u00fcr\u00fcd\u00fc\u011f\u00fcnde, tam da bu iki organizasyon aras\u0131ndaki bir \u00e7at\u0131\u015fman\u0131n ortas\u0131nda bulacakt\u0131 kendini.Ve Joey\u2019yi kurtarabilecek tek ki\u015fi yine Joey\u2019ydi. Daha do\u011frusu, Joey\u2019lerden olu\u015fan bir ordu. Her biri farkl\u0131 boyutlardan gelen Joey\u2019ler, hem b\u00fcy\u00fcn\u00fcn hem de bilimin i\u015fgalci ordular\u0131na kar\u015f\u0131 koyan, evrenlerin dengesini korumay\u0131 ama\u00e7layan Ara D\u00fcnya\u2019n\u0131n mensubuydular. Ve Joey\u2019nin de onlara kat\u0131lmas\u0131n\u0131 istiyorlard\u0131.Joey her \u015feyi unutup normal hayat\u0131na geri mi d\u00f6necekti?Yoksa sava\u015fa dahil mi olacakt\u0131?<\/p>\n","protected":false},"excerpt":{"rendered":"<p>Joey Harker fazlas\u0131yla s\u0131radan biriydi&#8230;Joey Harker kendi evinde bile kaybolurdu. Ancak bir g\u00fcn \u00f6yle bir kaybolacakt\u0131 ki kendisini paralel bir evrende bulacakt\u0131.Joey bir Y\u00fcr\u00fcy\u00fc\u015f\u00e7\u00fc\u2019yd\u00fc. Alternatif evrenler<span class=\"excerpt-hellip\"> [\u2026]<\/span><\/p>\n","protected":false},"featured_media":0,"template":"","meta":{"_monsterinsights_skip_tracking":false,"_monsterinsights_sitenote_active":false,"_monsterinsights_sitenote_note":"","_monsterinsights_sitenote_category":0},"product_brand":[],"product_cat":[12540,12291],"product_tag":[],"class_list":{"0":"post-725757","1":"product","2":"type-product","3":"status-publish","5":"product_cat-bilim-kurgu","6":"product_cat-edebiyat","7":"pa_cilt-ciltsiz","8":"pa_tur-kitap","9":"pa_yayinevi-ithaki-yayinlari","10":"pa_yazar-michael-reaves","11":"pa_yazar-neil-gaiman","13":"first","14":"instock","15":"sale","16":"shipping-taxable","17":"purchasable","18":"product-type-simple"},"_links":{"self":[{"href":"https:\/\/roveyayinevi.com.tr\/index.php\/wp-json\/wp\/v2\/product\/725757","targetHints":{"allow":["GET"]}}],"collection":[{"href":"https:\/\/roveyayinevi.com.tr\/index.php\/wp-json\/wp\/v2\/product"}],"about":[{"href":"https:\/\/roveyayinevi.com.tr\/index.php\/wp-json\/wp\/v2\/types\/product"}],"wp:attachment":[{"href":"https:\/\/roveyayinevi.com.tr\/index.php\/wp-json\/wp\/v2\/media?parent=725757"}],"wp:term":[{"taxonomy":"product_brand","embeddable":true,"href":"https:\/\/roveyayinevi.com.tr\/index.php\/wp-json\/wp\/v2\/product_brand?post=725757"},{"taxonomy":"product_cat","embeddable":true,"href":"https:\/\/roveyayinevi.com.tr\/index.php\/wp-json\/wp\/v2\/product_cat?post=725757"},{"taxonomy":"product_tag","embeddable":true,"href":"https:\/\/roveyayinevi.com.tr\/index.php\/wp-json\/wp\/v2\/product_tag?post=725757"}],"curies":[{"name":"wp","href":"https:\/\/api.w.org\/{rel}","templated":true}]}}