{"id":725756,"date":"2025-08-27T19:55:30","date_gmt":"2025-08-27T16:55:30","guid":{"rendered":"https:\/\/roveyayinevi.com.tr\/index.php\/urun\/kraken-uyaniyor\/"},"modified":"2026-04-16T02:33:36","modified_gmt":"2026-04-15T23:33:36","slug":"kraken-uyaniyor","status":"publish","type":"product","link":"https:\/\/roveyayinevi.com.tr\/index.php\/urun\/kraken-uyaniyor\/","title":{"rendered":"Kraken Uyan\u0131yor"},"content":{"rendered":"<p>Tehlikeyi hi\u00e7e say\u0131p k\u00f6r\u00fc k\u00f6r\u00fcne felakete y\u00fcr\u00fcmek&#8230;Bilimkurgu t\u00fcr\u00fcn\u00fcn en edebi kalemlerinden John Wyndham, Kraken Uyan\u0131yor&#8217;da kusursuz bir &#8221;yokolu\u015f&#8221; tasviri \u00e7iziyor ve insanl\u0131\u011f\u0131n kar\u015f\u0131 kar\u015f\u0131ya kald\u0131\u011f\u0131, direnmesi gayrim\u00fcmk\u00fcn bir istilan\u0131n getirdiklerini iki gazetecinin g\u00f6z\u00fcnden, tarafs\u0131z bir dille anlat\u0131yor.Ola\u011fan\u00fcst\u00fc bir hayatta kalma \u00e7abas\u0131na tan\u0131kl\u0131k ettiren bu roman, yaratt\u0131\u011f\u0131 korku, bilinmezlik ve tehlikeyi g\u00f6rmezden gelme atmosferiyle ta yetmi\u015f y\u0131l \u00f6ncesinden, g\u00fcn\u00fcm\u00fcz\u00fcn siyasal k\u00fclt\u00fcr ortam\u0131 ve liderlik anlay\u0131\u015f\u0131 ile ilgili \u00fcrpertici \u00f6ng\u00f6r\u00fclerde bulunuyor.Kraken Uyan\u0131yor, karanl\u0131k sulardan y\u00fckselmekte olan bir tehdidin, insanl\u0131\u011f\u0131n sonunu getirmeye haz\u0131rlanan \u00f6l\u00fcmc\u00fcl bir sald\u0131r\u0131ya d\u00f6n\u00fc\u015fme s\u00fcrecini a\u015fama a\u015fama, b\u00fct\u00fcn ayr\u0131nt\u0131lar\u0131yla aktar\u0131yor. Burnunun dibine kadar gelen tehlikeyi g\u00f6rmezden gelen insanl\u0131\u011f\u0131n, son kertede ya\u015fad\u0131\u011f\u0131 \u00e7aresizli\u011fi kusursuzca hissettiriyor.Ya\u015fam okyanuslarda do\u011fdu. Su, canl\u0131lar\u0131n her zaman vazge\u00e7ilmez hayat kayna\u011f\u0131 oldu. Fakat g\u00fcn\u00fcn birinde denizlerin ve okyanuslar\u0131n insanl\u0131\u011f\u0131n en b\u00fcy\u00fck d\u00fc\u015fman\u0131 olaca\u011f\u0131n\u0131 kimse hayal bile edemedi. Derin denizlerin taban\u0131na yerle\u015fen kimli\u011fi belirsiz varl\u0131klar, \u00f6nce usul usul, sonra a\u00e7\u0131k a\u00e7\u0131k sald\u0131r\u0131ya ge\u00e7ti; insanl\u0131k, i\u015f i\u015ften ge\u00e7ene kadar sava\u015f\u0131n fark\u0131na bile varamad\u0131. Art\u0131k yap\u0131lacak tek \u015fey, hayatta kalmaya \u00e7al\u0131\u015fmakt\u0131&#8230;Ad\u0131n\u0131 \u00fcnl\u00fc \u015fair Alfred Tennyson&#8217;un bir \u015fiirinden alan Kraken Uyan\u0131yor, kibrine ve \u00f6zg\u00fcvenine yenik d\u00fc\u015fen insanl\u0131\u011f\u0131n felakete y\u00fcr\u00fcy\u00fc\u015f\u00fcn\u00fc ve \u00e7aresizce &#8221;yokulu\u015f&#8221;unu \u015fiirsel bir \u00fcslupla resmediyor.Niran El\u00e7i&#8217;nin yetkin \u00e7evirisiyle T\u00fcrkiyeli okurlar\u0131n kar\u015f\u0131s\u0131na ilk kez \u00e7\u0131kan bu distopik eser, kaleme al\u0131nd\u0131\u011f\u0131 zaman\u0131n \u00e7ok \u00f6tesindeki hik\u00e2yesi ve kusursuz anlat\u0131m\u0131yla al\u0131\u015f\u0131lagelmi\u015f istila romanlar\u0131ndan \u00e7ok daha fazlas\u0131n\u0131 vadediyor.&#8221;Ama deniyorlar Phyl, biliyorsun&#8230;&#8221;&#8221;Deniyorlar m\u0131 ger\u00e7ekten? Bence daha ziyade, bir \u015feyleri dengeliyorlar s\u00fcrekli. Siyasi d\u00fczenin s\u00fcrmesi i\u00e7in, ne kadar insan\u0131n kayb\u0131n\u0131 kabul edebiliriz? Halk, siyasi d\u00fczen i\u00e7in tehlike olu\u015fturmaya ba\u015flamadan \u00f6nce ne kadar can kayb\u0131na tahamm\u00fcl eder? S\u0131k\u0131y\u00f6netim ilan etmek ak\u0131ll\u0131ca m\u0131, de\u011fil mi? Ak\u0131ll\u0131caysa, hangi a\u015famada ilan edilmeli? Vesaire, vesaire&#8230; Ama hay\u0131r&#8230; Yeter ki tehlikeyi itiraf edip i\u015fe giri\u015fmesinler&#8230;&#8221;&#8221;Yarat\u0131c\u0131, \u00fcrk\u00fct\u00fcc\u00fc, ustal\u0131kla anlat\u0131lm\u0131\u015f bir eser&#8230;&#8221;Guardian<\/p>\n","protected":false},"excerpt":{"rendered":"<p>Tehlikeyi hi\u00e7e say\u0131p k\u00f6r\u00fc k\u00f6r\u00fcne felakete y\u00fcr\u00fcmek&#8230;Bilimkurgu t\u00fcr\u00fcn\u00fcn en edebi kalemlerinden John Wyndham, Kraken Uyan\u0131yor&#8217;da kusursuz bir &#8221;yokolu\u015f&#8221; tasviri \u00e7iziyor ve insanl\u0131\u011f\u0131n kar\u015f\u0131 kar\u015f\u0131ya kald\u0131\u011f\u0131, direnmesi<span class=\"excerpt-hellip\"> [\u2026]<\/span><\/p>\n","protected":false},"featured_media":0,"template":"","meta":{"_monsterinsights_skip_tracking":false,"_monsterinsights_sitenote_active":false,"_monsterinsights_sitenote_note":"","_monsterinsights_sitenote_category":0},"product_brand":[],"product_cat":[12291,12711],"product_tag":[],"class_list":{"0":"post-725756","1":"product","2":"type-product","3":"status-publish","5":"product_cat-edebiyat","6":"product_cat-roman-oyku","7":"pa_cilt-ciltsiz","8":"pa_tur-kitap","9":"pa_yayinevi-delidolu","10":"pa_yazar-john-wyndham","12":"first","13":"instock","14":"sale","15":"shipping-taxable","16":"purchasable","17":"product-type-simple"},"_links":{"self":[{"href":"https:\/\/roveyayinevi.com.tr\/index.php\/wp-json\/wp\/v2\/product\/725756","targetHints":{"allow":["GET"]}}],"collection":[{"href":"https:\/\/roveyayinevi.com.tr\/index.php\/wp-json\/wp\/v2\/product"}],"about":[{"href":"https:\/\/roveyayinevi.com.tr\/index.php\/wp-json\/wp\/v2\/types\/product"}],"wp:attachment":[{"href":"https:\/\/roveyayinevi.com.tr\/index.php\/wp-json\/wp\/v2\/media?parent=725756"}],"wp:term":[{"taxonomy":"product_brand","embeddable":true,"href":"https:\/\/roveyayinevi.com.tr\/index.php\/wp-json\/wp\/v2\/product_brand?post=725756"},{"taxonomy":"product_cat","embeddable":true,"href":"https:\/\/roveyayinevi.com.tr\/index.php\/wp-json\/wp\/v2\/product_cat?post=725756"},{"taxonomy":"product_tag","embeddable":true,"href":"https:\/\/roveyayinevi.com.tr\/index.php\/wp-json\/wp\/v2\/product_tag?post=725756"}],"curies":[{"name":"wp","href":"https:\/\/api.w.org\/{rel}","templated":true}]}}