{"id":725755,"date":"2025-08-27T19:55:29","date_gmt":"2025-08-27T16:55:29","guid":{"rendered":"https:\/\/roveyayinevi.com.tr\/index.php\/urun\/jumbo-dikkat-gelistirici-aktiviteler\/"},"modified":"2026-04-16T02:33:36","modified_gmt":"2026-04-15T23:33:36","slug":"jumbo-dikkat-gelistirici-aktiviteler","status":"publish","type":"product","link":"https:\/\/roveyayinevi.com.tr\/index.php\/urun\/jumbo-dikkat-gelistirici-aktiviteler\/","title":{"rendered":"Jumbo Dikkat Geli\u015ftirici Aktiviteler"},"content":{"rendered":"<p>Bu jumbo kitapta saatlerce s\u00fcrecek e\u011flenceli aktiviteler var.Sizi neler mi bekliyor ?Gizli ResimlerLabirentlerTuhafl\u0131klarFark\u0131 BulE\u015fle\u015ftirmeYap-boz PuzzleHafiza Oyunlar\u0131<\/p>\n","protected":false},"excerpt":{"rendered":"<p>Bu jumbo kitapta saatlerce s\u00fcrecek e\u011flenceli aktiviteler var.Sizi neler mi bekliyor ?Gizli ResimlerLabirentlerTuhafl\u0131klarFark\u0131 BulE\u015fle\u015ftirmeYap-boz PuzzleHafiza Oyunlar\u0131<\/p>\n","protected":false},"featured_media":0,"template":"","meta":{"_monsterinsights_skip_tracking":false,"_monsterinsights_sitenote_active":false,"_monsterinsights_sitenote_note":"","_monsterinsights_sitenote_category":0},"product_brand":[],"product_cat":[12274,24599],"product_tag":[],"class_list":{"0":"post-725755","1":"product","2":"type-product","3":"status-publish","5":"product_cat-cocuk-ve-genclik-kitaplari","6":"product_cat-zeka-gelisimi","7":"pa_cilt-ciltsiz","8":"pa_tur-kitap","9":"pa_yayinevi-dikkat-atolyesi-yayinlari","10":"pa_yazar-kollektif","12":"first","13":"instock","14":"sale","15":"shipping-taxable","16":"purchasable","17":"product-type-simple"},"_links":{"self":[{"href":"https:\/\/roveyayinevi.com.tr\/index.php\/wp-json\/wp\/v2\/product\/725755","targetHints":{"allow":["GET"]}}],"collection":[{"href":"https:\/\/roveyayinevi.com.tr\/index.php\/wp-json\/wp\/v2\/product"}],"about":[{"href":"https:\/\/roveyayinevi.com.tr\/index.php\/wp-json\/wp\/v2\/types\/product"}],"wp:attachment":[{"href":"https:\/\/roveyayinevi.com.tr\/index.php\/wp-json\/wp\/v2\/media?parent=725755"}],"wp:term":[{"taxonomy":"product_brand","embeddable":true,"href":"https:\/\/roveyayinevi.com.tr\/index.php\/wp-json\/wp\/v2\/product_brand?post=725755"},{"taxonomy":"product_cat","embeddable":true,"href":"https:\/\/roveyayinevi.com.tr\/index.php\/wp-json\/wp\/v2\/product_cat?post=725755"},{"taxonomy":"product_tag","embeddable":true,"href":"https:\/\/roveyayinevi.com.tr\/index.php\/wp-json\/wp\/v2\/product_tag?post=725755"}],"curies":[{"name":"wp","href":"https:\/\/api.w.org\/{rel}","templated":true}]}}