{"id":725753,"date":"2025-08-27T19:55:28","date_gmt":"2025-08-27T16:55:28","guid":{"rendered":"https:\/\/roveyayinevi.com.tr\/index.php\/urun\/turkiyeye-bati-saldirisi\/"},"modified":"2026-04-16T02:33:36","modified_gmt":"2026-04-15T23:33:36","slug":"turkiyeye-bati-saldirisi","status":"publish","type":"product","link":"https:\/\/roveyayinevi.com.tr\/index.php\/urun\/turkiyeye-bati-saldirisi\/","title":{"rendered":"T\u00fcrkiye&#8217;ye Bat\u0131 Sald\u0131r\u0131s\u0131"},"content":{"rendered":"<p>Bug\u00fcn hepimiz b\u00fcy\u00fck bir ac\u0131yla tan\u0131k oluyoruz ki, T\u00fcrkiye Cumhuriyeti b\u00fcy\u00fck tehlikelerle kar\u015f\u0131 kar\u015f\u0131yad\u0131r.      Rejim ve \u00fclke b\u00fct\u00fcnl\u00fc\u011f\u00fc tehdit alt\u0131nda&#8230; Bug\u00fcn can al\u0131c\u0131 olan soru budur:  Neden ve nas\u0131l d\u00fc\u015ft\u00fck bu duruma?       Prof. Dr. Cihan Dura; \u201cT\u00fcrkiye\u2019ye Bat\u0131 Sald\u0131r\u0131s\u0131\u201dnda bu soruyu soruyor, Atat\u00fcrk T\u00fcrkiyesi\u2019nin yeniden nas\u0131l s\u00f6m\u00fcrgele\u015ftirildi\u011finin yan\u0131t\u0131n\u0131 veriyor ve \u00e7\u0131k\u0131\u015f yolunu g\u00f6steriyor.                  Neler var kitap da;   \u00b7         MER\u0130T STRATEJ\u0130S\u0130 NED\u0130R? \u00b7         BATININ EL\u0130NDEK\u0130 BE\u015e EKONOM\u0130K S\u0130LAH NED\u0130R? \u00b7         MERD\u0130VEN\u0130 \u0130TMEK: ZENG\u0130N \u00dcLKELER NASIL ZENG\u0130NLE\u015eT\u0130LER? \u00b7         AKP \u0130KT\u0130DARI T\u00dcRK\u0130YE\u2019Y\u0130 NASIL PAZARLIYOR? \u00b7         AKP \u0130KT\u0130DARINDA DI\u015e BOR\u00c7LANMA SORUNU\u2026 \u00b7         AKP \u0130KT\u0130DARININ AFFED\u0130LMEZ SU\u00c7U: \u00d6ZELLE\u015eT\u0130RMELER\u2026 \u00b7         K\u00dcRESELLE\u015eME VE AZ GEL\u0130\u015eM\u0130\u015e \u00dcLKELER \u00b7         YABANCIYA TOPRAK SATMAK NEDEN TEHL\u0130KEL\u0130D\u0130R? \u00b7         NE YAPMALI?&#8230;       Ve daha bir\u00e7ok can al\u0131c\u0131 konu\u2026 \u0130yi okumalar diliyoruz. <\/p>\n","protected":false},"excerpt":{"rendered":"<p>Bug\u00fcn hepimiz b\u00fcy\u00fck bir ac\u0131yla tan\u0131k oluyoruz ki, T\u00fcrkiye Cumhuriyeti b\u00fcy\u00fck tehlikelerle kar\u015f\u0131 kar\u015f\u0131yad\u0131r. Rejim ve \u00fclke b\u00fct\u00fcnl\u00fc\u011f\u00fc tehdit alt\u0131nda&#8230; Bug\u00fcn can al\u0131c\u0131 olan soru budur:<span class=\"excerpt-hellip\"> [\u2026]<\/span><\/p>\n","protected":false},"featured_media":0,"template":"","meta":{"_monsterinsights_skip_tracking":false,"_monsterinsights_sitenote_active":false,"_monsterinsights_sitenote_note":"","_monsterinsights_sitenote_category":0},"product_brand":[],"product_cat":[48062,12337],"product_tag":[],"class_list":{"0":"post-725753","1":"product","2":"type-product","3":"status-publish","5":"product_cat-dis-politika","6":"product_cat-politika-siyaset","7":"pa_cilt-ciltsiz","8":"pa_tur-kitap","9":"pa_yayinevi-galeati-yayincilik","10":"pa_yazar-cihan-dura","12":"first","13":"instock","14":"sale","15":"shipping-taxable","16":"purchasable","17":"product-type-simple"},"_links":{"self":[{"href":"https:\/\/roveyayinevi.com.tr\/index.php\/wp-json\/wp\/v2\/product\/725753","targetHints":{"allow":["GET"]}}],"collection":[{"href":"https:\/\/roveyayinevi.com.tr\/index.php\/wp-json\/wp\/v2\/product"}],"about":[{"href":"https:\/\/roveyayinevi.com.tr\/index.php\/wp-json\/wp\/v2\/types\/product"}],"wp:attachment":[{"href":"https:\/\/roveyayinevi.com.tr\/index.php\/wp-json\/wp\/v2\/media?parent=725753"}],"wp:term":[{"taxonomy":"product_brand","embeddable":true,"href":"https:\/\/roveyayinevi.com.tr\/index.php\/wp-json\/wp\/v2\/product_brand?post=725753"},{"taxonomy":"product_cat","embeddable":true,"href":"https:\/\/roveyayinevi.com.tr\/index.php\/wp-json\/wp\/v2\/product_cat?post=725753"},{"taxonomy":"product_tag","embeddable":true,"href":"https:\/\/roveyayinevi.com.tr\/index.php\/wp-json\/wp\/v2\/product_tag?post=725753"}],"curies":[{"name":"wp","href":"https:\/\/api.w.org\/{rel}","templated":true}]}}