{"id":725752,"date":"2025-08-27T19:55:27","date_gmt":"2025-08-27T16:55:27","guid":{"rendered":"https:\/\/roveyayinevi.com.tr\/index.php\/urun\/siradisi-durumlar-5-hastalik\/"},"modified":"2026-04-16T02:33:36","modified_gmt":"2026-04-15T23:33:36","slug":"siradisi-durumlar-5-hastalik","status":"publish","type":"product","link":"https:\/\/roveyayinevi.com.tr\/index.php\/urun\/siradisi-durumlar-5-hastalik\/","title":{"rendered":"S\u0131rad\u0131\u015f\u0131 Durumlar 5 &#8211; Hastal\u0131k"},"content":{"rendered":"<p>Kitab\u0131 dikkatle oku. Hastal\u0131klardan korunmak i\u00e7in yapman gereken baz\u0131 \u015feyler var. Ve e\u011fer bunlar\u0131 yaparsan oyunlar oynamaya devam edebilirsin. Okuldan, arkada\u015flar\u0131ndan ve tabii ki e\u011flenceden uzak kalmamak i\u00e7in sadece birka\u00e7 kural yeterli. Sa\u011fl\u0131kl\u0131 g\u00fcnler! <\/p>\n","protected":false},"excerpt":{"rendered":"<p>Kitab\u0131 dikkatle oku. Hastal\u0131klardan korunmak i\u00e7in yapman gereken baz\u0131 \u015feyler var. Ve e\u011fer bunlar\u0131 yaparsan oyunlar oynamaya devam edebilirsin. Okuldan, arkada\u015flar\u0131ndan ve tabii ki e\u011flenceden uzak<span class=\"excerpt-hellip\"> [\u2026]<\/span><\/p>\n","protected":false},"featured_media":0,"template":"","meta":{"_monsterinsights_skip_tracking":false,"_monsterinsights_sitenote_active":false,"_monsterinsights_sitenote_note":"","_monsterinsights_sitenote_category":0},"product_brand":[],"product_cat":[12274,24599],"product_tag":[],"class_list":{"0":"post-725752","1":"product","2":"type-product","3":"status-publish","5":"product_cat-cocuk-ve-genclik-kitaplari","6":"product_cat-zeka-gelisimi","7":"pa_cilt-ciltsiz","8":"pa_tur-kitap","9":"pa_yayinevi-mandolin-yayinlari","10":"pa_yazar-aysen-oy","12":"first","13":"instock","14":"sale","15":"shipping-taxable","16":"purchasable","17":"product-type-simple"},"_links":{"self":[{"href":"https:\/\/roveyayinevi.com.tr\/index.php\/wp-json\/wp\/v2\/product\/725752","targetHints":{"allow":["GET"]}}],"collection":[{"href":"https:\/\/roveyayinevi.com.tr\/index.php\/wp-json\/wp\/v2\/product"}],"about":[{"href":"https:\/\/roveyayinevi.com.tr\/index.php\/wp-json\/wp\/v2\/types\/product"}],"wp:attachment":[{"href":"https:\/\/roveyayinevi.com.tr\/index.php\/wp-json\/wp\/v2\/media?parent=725752"}],"wp:term":[{"taxonomy":"product_brand","embeddable":true,"href":"https:\/\/roveyayinevi.com.tr\/index.php\/wp-json\/wp\/v2\/product_brand?post=725752"},{"taxonomy":"product_cat","embeddable":true,"href":"https:\/\/roveyayinevi.com.tr\/index.php\/wp-json\/wp\/v2\/product_cat?post=725752"},{"taxonomy":"product_tag","embeddable":true,"href":"https:\/\/roveyayinevi.com.tr\/index.php\/wp-json\/wp\/v2\/product_tag?post=725752"}],"curies":[{"name":"wp","href":"https:\/\/api.w.org\/{rel}","templated":true}]}}