{"id":725746,"date":"2025-08-27T19:55:23","date_gmt":"2025-08-27T16:55:23","guid":{"rendered":"https:\/\/roveyayinevi.com.tr\/index.php\/urun\/turkiyenin-bati-kiyilari\/"},"modified":"2026-04-16T02:33:36","modified_gmt":"2026-04-15T23:33:36","slug":"turkiyenin-bati-kiyilari","status":"publish","type":"product","link":"https:\/\/roveyayinevi.com.tr\/index.php\/urun\/turkiyenin-bati-kiyilari\/","title":{"rendered":"T\u00fcrkiye&#8217;nin Bat\u0131 K\u0131y\u0131lar\u0131"},"content":{"rendered":"<p>T\u00fcrkiye ve tarihi hakk\u0131nda \u00e7ok say\u0131da kitaba imza atan ve 2017\u2019de uzun y\u0131llard\u0131r ya\u015fad\u0131\u011f\u0131 \u0130stanbul\u2019da hayat\u0131n\u0131 kaybeden John Freely, T\u00fcrkiye\u2019nin Bat\u0131 K\u0131y\u0131lar\u0131\u2019nda \u00e7eyrek y\u00fczy\u0131la yay\u0131lan yolculuklar\u0131nda dola\u015ft\u0131\u011f\u0131 bu co\u011frafyay\u0131 anlat\u0131yor. Kimi zaman gemiyle, tekneyle kimi zaman arabayla, otob\u00fcsle yolculuk ederek arkeolojik sitlerini dola\u015ft\u0131\u011f\u0131 bu topraklar\u0131n tarihini, mitolojik \u00f6yk\u00fclerini aktar\u0131yor. Ege ve Akdeniz\u2019in g\u00f6rkemli tarihi miras\u0131 hakk\u0131nda okuduklar\u0131n\u0131 g\u00f6rd\u00fckleriyle birle\u015ftiriyor, \u00c7anakkale\u2019den g\u00fcneye do\u011fru, Antakya\u2019ya kadar uzanarak\u2026   Haritalarla desteklenen bu kitap nitelikli bir gezi rehberi oldu\u011fu kadar Freely\u2019nin ho\u015f \u00fcslubu sayesinde zevkle okunan bir tarih anlat\u0131s\u0131\u2026 <\/p>\n","protected":false},"excerpt":{"rendered":"<p>T\u00fcrkiye ve tarihi hakk\u0131nda \u00e7ok say\u0131da kitaba imza atan ve 2017\u2019de uzun y\u0131llard\u0131r ya\u015fad\u0131\u011f\u0131 \u0130stanbul\u2019da hayat\u0131n\u0131 kaybeden John Freely, T\u00fcrkiye\u2019nin Bat\u0131 K\u0131y\u0131lar\u0131\u2019nda \u00e7eyrek y\u00fczy\u0131la yay\u0131lan yolculuklar\u0131nda<span class=\"excerpt-hellip\"> [\u2026]<\/span><\/p>\n","protected":false},"featured_media":0,"template":"","meta":{"_monsterinsights_skip_tracking":false,"_monsterinsights_sitenote_active":false,"_monsterinsights_sitenote_note":"","_monsterinsights_sitenote_category":0},"product_brand":[],"product_cat":[74169,74170],"product_tag":[],"class_list":{"0":"post-725746","1":"product","2":"type-product","3":"status-publish","5":"product_cat-cografya","6":"product_cat-turkiye-cografyasi","7":"pa_cilt-ciltsiz","8":"pa_tur-kitap","9":"pa_yayinevi-dogan-kitap","10":"pa_yazar-john-freely","12":"first","13":"instock","14":"sale","15":"shipping-taxable","16":"purchasable","17":"product-type-simple"},"_links":{"self":[{"href":"https:\/\/roveyayinevi.com.tr\/index.php\/wp-json\/wp\/v2\/product\/725746","targetHints":{"allow":["GET"]}}],"collection":[{"href":"https:\/\/roveyayinevi.com.tr\/index.php\/wp-json\/wp\/v2\/product"}],"about":[{"href":"https:\/\/roveyayinevi.com.tr\/index.php\/wp-json\/wp\/v2\/types\/product"}],"wp:attachment":[{"href":"https:\/\/roveyayinevi.com.tr\/index.php\/wp-json\/wp\/v2\/media?parent=725746"}],"wp:term":[{"taxonomy":"product_brand","embeddable":true,"href":"https:\/\/roveyayinevi.com.tr\/index.php\/wp-json\/wp\/v2\/product_brand?post=725746"},{"taxonomy":"product_cat","embeddable":true,"href":"https:\/\/roveyayinevi.com.tr\/index.php\/wp-json\/wp\/v2\/product_cat?post=725746"},{"taxonomy":"product_tag","embeddable":true,"href":"https:\/\/roveyayinevi.com.tr\/index.php\/wp-json\/wp\/v2\/product_tag?post=725746"}],"curies":[{"name":"wp","href":"https:\/\/api.w.org\/{rel}","templated":true}]}}