{"id":725744,"date":"2025-08-27T19:55:21","date_gmt":"2025-08-27T16:55:21","guid":{"rendered":"https:\/\/roveyayinevi.com.tr\/index.php\/urun\/organik-kimya-11-basimdan-ceviri-kisaltilmis-baski\/"},"modified":"2026-04-16T02:33:36","modified_gmt":"2026-04-15T23:33:36","slug":"organik-kimya-11-basimdan-ceviri-kisaltilmis-baski","status":"publish","type":"product","link":"https:\/\/roveyayinevi.com.tr\/index.php\/urun\/organik-kimya-11-basimdan-ceviri-kisaltilmis-baski\/","title":{"rendered":"Organik Kimya 11. Bas\u0131mdan \u00c7eviri K\u0131salt\u0131lm\u0131\u015f Bask\u0131"},"content":{"rendered":"<p>Daha \u00e7ok Solomons\u2019un Organik Kimya kitab\u0131 diye bilinen bu eser, d\u00fcnyada en \u00e7ok kabul g\u00f6ren ve yayg\u0131n bir \u015fekilde kullan\u0131lan alan\u0131nda en \u00e7ok okutulan kitaplardan bir tanesidir. 10\u2019un \u00fczerinde bir\u00e7ok dile \u00e7evrilmi\u015f bu eser, \u00fclkemizde de Organik Kimyan\u0131n kolayca anla\u015f\u0131lmas\u0131na ve ya\u015fam\u0131m\u0131za yapt\u0131\u011f\u0131 katk\u0131lar\u0131n yak\u0131ndan tan\u0131nmas\u0131na katk\u0131 yapacakt\u0131r. \u00d6\u011frenciler bu kitab\u0131 ba\u015ftan sona i\u015fledikten sonra kitab\u0131n \u00f6n s\u00f6z\u00fcnde de yer ald\u0131\u011f\u0131 gibi \u2018\u2018 \u0130yi ki Organik Kimya var!\u2019\u2019 diye hayk\u0131racaklard\u0131r. Orijinal \u00e7evirinin yan\u0131 s\u0131ra bu k\u0131salt\u0131lm\u0131\u015f bask\u0131, Kimya \u00d6\u011fretmenli\u011fi, Biyokimya ve Biyoloji B\u00f6l\u00fcmleri; T\u0131p, Veteriner ve Eczac\u0131l\u0131k Fak\u00fclteleri; M\u00fchendislik Fak\u00fcltelerinin Kimya, Malzeme, \u00c7evre, G\u0131da B\u00f6l\u00fcmlerindeki ve Meslek Y\u00fcksek Okullar\u0131n\u0131n Kimya ile ilgili alanlar\u0131ndaki \u00d6\u011fretim Elemanlar\u0131m\u0131za ve \u00d6\u011frencilerimize yararl\u0131 olaca\u011f\u0131na inan\u0131yoruz. <\/p>\n","protected":false},"excerpt":{"rendered":"<p>Daha \u00e7ok Solomons\u2019un Organik Kimya kitab\u0131 diye bilinen bu eser, d\u00fcnyada en \u00e7ok kabul g\u00f6ren ve yayg\u0131n bir \u015fekilde kullan\u0131lan alan\u0131nda en \u00e7ok okutulan kitaplardan bir<span class=\"excerpt-hellip\"> [\u2026]<\/span><\/p>\n","protected":false},"featured_media":0,"template":"","meta":{"_monsterinsights_skip_tracking":false,"_monsterinsights_sitenote_active":false,"_monsterinsights_sitenote_note":"","_monsterinsights_sitenote_category":0},"product_brand":[],"product_cat":[12573,12566],"product_tag":[],"class_list":{"0":"post-725744","1":"product","2":"type-product","3":"status-publish","5":"product_cat-akademik-kitaplar","6":"product_cat-egitim","7":"pa_cilt-ciltsiz","8":"pa_tur-kitap","9":"pa_yayinevi-literatur-yayinevi-akademik","10":"pa_yazar-graham-solomons-craig-b-fryhle-scott-snyder","12":"first","13":"instock","14":"sale","15":"shipping-taxable","16":"purchasable","17":"product-type-simple"},"_links":{"self":[{"href":"https:\/\/roveyayinevi.com.tr\/index.php\/wp-json\/wp\/v2\/product\/725744","targetHints":{"allow":["GET"]}}],"collection":[{"href":"https:\/\/roveyayinevi.com.tr\/index.php\/wp-json\/wp\/v2\/product"}],"about":[{"href":"https:\/\/roveyayinevi.com.tr\/index.php\/wp-json\/wp\/v2\/types\/product"}],"wp:attachment":[{"href":"https:\/\/roveyayinevi.com.tr\/index.php\/wp-json\/wp\/v2\/media?parent=725744"}],"wp:term":[{"taxonomy":"product_brand","embeddable":true,"href":"https:\/\/roveyayinevi.com.tr\/index.php\/wp-json\/wp\/v2\/product_brand?post=725744"},{"taxonomy":"product_cat","embeddable":true,"href":"https:\/\/roveyayinevi.com.tr\/index.php\/wp-json\/wp\/v2\/product_cat?post=725744"},{"taxonomy":"product_tag","embeddable":true,"href":"https:\/\/roveyayinevi.com.tr\/index.php\/wp-json\/wp\/v2\/product_tag?post=725744"}],"curies":[{"name":"wp","href":"https:\/\/api.w.org\/{rel}","templated":true}]}}