{"id":725740,"date":"2025-08-27T19:55:18","date_gmt":"2025-08-27T16:55:18","guid":{"rendered":"https:\/\/roveyayinevi.com.tr\/index.php\/urun\/heykel-cinayetleri\/"},"modified":"2026-04-16T02:33:36","modified_gmt":"2026-04-15T23:33:36","slug":"heykel-cinayetleri","status":"publish","type":"product","link":"https:\/\/roveyayinevi.com.tr\/index.php\/urun\/heykel-cinayetleri\/","title":{"rendered":"Heykel Cinayetleri"},"content":{"rendered":"<p>Olay yerine vard\u0131\u011f\u0131mda iki tane heykel kar\u015f\u0131lad\u0131 beni.\u0130nternette g\u00f6rd\u00fc\u011f\u00fcm o heykeller \u015fimdi kar\u015f\u0131mda duruyordu. B\u00f6yle bir durumda de\u011fil de k\u00fclt\u00fcr gezisi yaparken g\u00f6rseydim ya sizi, diye d\u00fc\u015f\u00fcnd\u00fcm.Yerde yatan ki\u015fi 40 ya\u015flar\u0131nda g\u00f6steriyordu. B\u00f6yle durumlarda ceset demek bana k\u00f6t\u00fc geliyordu. Ger\u00e7i benim dememem bir \u015feyi de\u011fi\u015ftirmiyordu, cesetti sonu\u00e7ta. \u0130lk dikkatimi \u00e7eken \u015fey, \u00e7ok d\u00fczg\u00fcn giyimli bir kad\u0131n olmas\u0131yd\u0131. A\u011fz\u0131 a\u00e7\u0131kt\u0131, bir \u015fey yutmu\u015ftu. O yuttu\u011fu her ne ise \u00f6l\u00fcm\u00fcne sebep olmu\u015ftu.<\/p>\n","protected":false},"excerpt":{"rendered":"<p>Olay yerine vard\u0131\u011f\u0131mda iki tane heykel kar\u015f\u0131lad\u0131 beni.\u0130nternette g\u00f6rd\u00fc\u011f\u00fcm o heykeller \u015fimdi kar\u015f\u0131mda duruyordu. B\u00f6yle bir durumda de\u011fil de k\u00fclt\u00fcr gezisi yaparken g\u00f6rseydim ya sizi, diye<span class=\"excerpt-hellip\"> [\u2026]<\/span><\/p>\n","protected":false},"featured_media":0,"template":"","meta":{"_monsterinsights_skip_tracking":false,"_monsterinsights_sitenote_active":false,"_monsterinsights_sitenote_note":"","_monsterinsights_sitenote_category":0},"product_brand":[],"product_cat":[12291,12711],"product_tag":[],"class_list":{"0":"post-725740","1":"product","2":"type-product","3":"status-publish","5":"product_cat-edebiyat","6":"product_cat-roman-oyku","7":"pa_cilt-ciltsiz","8":"pa_tur-kitap","9":"pa_yayinevi-fa-yayinlari","10":"pa_yazar-asena-ozbag","12":"first","13":"instock","14":"sale","15":"shipping-taxable","16":"purchasable","17":"product-type-simple"},"_links":{"self":[{"href":"https:\/\/roveyayinevi.com.tr\/index.php\/wp-json\/wp\/v2\/product\/725740","targetHints":{"allow":["GET"]}}],"collection":[{"href":"https:\/\/roveyayinevi.com.tr\/index.php\/wp-json\/wp\/v2\/product"}],"about":[{"href":"https:\/\/roveyayinevi.com.tr\/index.php\/wp-json\/wp\/v2\/types\/product"}],"wp:attachment":[{"href":"https:\/\/roveyayinevi.com.tr\/index.php\/wp-json\/wp\/v2\/media?parent=725740"}],"wp:term":[{"taxonomy":"product_brand","embeddable":true,"href":"https:\/\/roveyayinevi.com.tr\/index.php\/wp-json\/wp\/v2\/product_brand?post=725740"},{"taxonomy":"product_cat","embeddable":true,"href":"https:\/\/roveyayinevi.com.tr\/index.php\/wp-json\/wp\/v2\/product_cat?post=725740"},{"taxonomy":"product_tag","embeddable":true,"href":"https:\/\/roveyayinevi.com.tr\/index.php\/wp-json\/wp\/v2\/product_tag?post=725740"}],"curies":[{"name":"wp","href":"https:\/\/api.w.org\/{rel}","templated":true}]}}