{"id":725739,"date":"2025-08-27T19:55:17","date_gmt":"2025-08-27T16:55:17","guid":{"rendered":"https:\/\/roveyayinevi.com.tr\/index.php\/urun\/calisma-ekonomisi-ve-endustri-iliskileri-cozumlu-sorular\/"},"modified":"2026-04-16T02:33:36","modified_gmt":"2026-04-15T23:33:36","slug":"calisma-ekonomisi-ve-endustri-iliskileri-cozumlu-sorular","status":"publish","type":"product","link":"https:\/\/roveyayinevi.com.tr\/index.php\/urun\/calisma-ekonomisi-ve-endustri-iliskileri-cozumlu-sorular\/","title":{"rendered":"\u00c7al\u0131\u015fma Ekonomisi ve End\u00fcstri \u0130li\u015fkileri \u00c7\u00f6z\u00fcml\u00fc Sorular"},"content":{"rendered":"<p>\u0130\u00e7indekiler   \u0130\u015f Hukuku ve Teorisi \u00c7\u00f6z\u00fcml\u00fc Sorular\u2026\u2026\u2026\u2026\u2026\u2026\u2026\u2026\u2026\u2026\u2026\u2026\u2026\u2026\u2026\u2026\u2026\u2026.1 Sosyal G\u00fcvenlik Hukuku ve Teorisi \u00c7\u00f6z\u00fcml\u00fc Sorular\u2026\u2026\u2026\u2026\u2026\u2026\u2026\u2026\u2026\u2026.191 \u00c7al\u0131\u015fma Ekonomisi \u00c7\u00f6z\u00fcml\u00fc Sorular\u2026\u2026\u2026\u2026\u2026\u2026\u2026\u2026\u2026\u2026\u2026\u2026\u2026\u2026\u2026\u2026\u2026\u2026\u2026.435 Sosyal Politika \u00c7\u00f6z\u00fcml\u00fc Sorular \u2026\u2026\u2026\u2026\u2026\u2026\u2026\u2026\u2026\u2026\u2026\u2026\u2026\u2026\u2026\u2026\u2026\u2026\u2026\u2026&#8230;529 \u00c7al\u0131\u015fma Psikolojisi ve Sosyolojisi\u2026\u2026\u2026\u2026\u2026\u2026\u2026\u2026\u2026\u2026\u2026\u2026\u2026\u2026\u2026\u2026\u2026\u2026\u2026\u2026\u2026..595 SGK Denetmenlik M\u00fclakat Sorular\u0131\u2026\u2026\u2026\u2026\u2026\u2026\u2026\u2026\u2026\u2026\u2026\u2026\u2026\u2026\u2026\u2026\u2026\u2026\u2026..645 Yararlan\u0131lan Kaynaklar\u2026\u2026\u2026\u2026\u2026\u2026\u2026\u2026\u2026\u2026\u2026\u2026\u2026\u2026\u2026\u2026\u2026\u2026\u2026\u2026\u2026\u2026\u2026\u2026\u2026&#8230;.741 <\/p>\n","protected":false},"excerpt":{"rendered":"<p>\u0130\u00e7indekiler \u0130\u015f Hukuku ve Teorisi \u00c7\u00f6z\u00fcml\u00fc Sorular\u2026\u2026\u2026\u2026\u2026\u2026\u2026\u2026\u2026\u2026\u2026\u2026\u2026\u2026\u2026\u2026\u2026\u2026.1 Sosyal G\u00fcvenlik Hukuku ve Teorisi \u00c7\u00f6z\u00fcml\u00fc Sorular\u2026\u2026\u2026\u2026\u2026\u2026\u2026\u2026\u2026\u2026.191 \u00c7al\u0131\u015fma Ekonomisi \u00c7\u00f6z\u00fcml\u00fc Sorular\u2026\u2026\u2026\u2026\u2026\u2026\u2026\u2026\u2026\u2026\u2026\u2026\u2026\u2026\u2026\u2026\u2026\u2026\u2026.435 Sosyal Politika \u00c7\u00f6z\u00fcml\u00fc Sorular \u2026\u2026\u2026\u2026\u2026\u2026\u2026\u2026\u2026\u2026\u2026\u2026\u2026\u2026\u2026\u2026\u2026\u2026\u2026\u2026&#8230;529 \u00c7al\u0131\u015fma Psikolojisi ve<span class=\"excerpt-hellip\"> [\u2026]<\/span><\/p>\n","protected":false},"featured_media":0,"template":"","meta":{"_monsterinsights_skip_tracking":false,"_monsterinsights_sitenote_active":false,"_monsterinsights_sitenote_note":"","_monsterinsights_sitenote_category":0},"product_brand":[],"product_cat":[12566,25157,74156,13473],"product_tag":[],"class_list":{"0":"post-725739","1":"product","2":"type-product","3":"status-publish","5":"product_cat-egitim","6":"product_cat-kpss-kitaplari","7":"product_cat-kpss-soru-bankasi","8":"product_cat-sinavlara-hazirlik-okula-yardimci-kaynaklar","9":"pa_cilt-ciltsiz","10":"pa_tur-kitap","11":"pa_yayinevi-gazi-kitabevi","12":"pa_yazar-adem-kaya-yasin-kulaksiz","14":"first","15":"instock","16":"sale","17":"shipping-taxable","18":"purchasable","19":"product-type-simple"},"_links":{"self":[{"href":"https:\/\/roveyayinevi.com.tr\/index.php\/wp-json\/wp\/v2\/product\/725739","targetHints":{"allow":["GET"]}}],"collection":[{"href":"https:\/\/roveyayinevi.com.tr\/index.php\/wp-json\/wp\/v2\/product"}],"about":[{"href":"https:\/\/roveyayinevi.com.tr\/index.php\/wp-json\/wp\/v2\/types\/product"}],"wp:attachment":[{"href":"https:\/\/roveyayinevi.com.tr\/index.php\/wp-json\/wp\/v2\/media?parent=725739"}],"wp:term":[{"taxonomy":"product_brand","embeddable":true,"href":"https:\/\/roveyayinevi.com.tr\/index.php\/wp-json\/wp\/v2\/product_brand?post=725739"},{"taxonomy":"product_cat","embeddable":true,"href":"https:\/\/roveyayinevi.com.tr\/index.php\/wp-json\/wp\/v2\/product_cat?post=725739"},{"taxonomy":"product_tag","embeddable":true,"href":"https:\/\/roveyayinevi.com.tr\/index.php\/wp-json\/wp\/v2\/product_tag?post=725739"}],"curies":[{"name":"wp","href":"https:\/\/api.w.org\/{rel}","templated":true}]}}