{"id":725736,"date":"2025-08-27T19:55:15","date_gmt":"2025-08-27T16:55:15","guid":{"rendered":"https:\/\/roveyayinevi.com.tr\/index.php\/urun\/en-sevgili-super-kahraman\/"},"modified":"2026-04-16T02:33:36","modified_gmt":"2026-04-15T23:33:36","slug":"en-sevgili-super-kahraman","status":"publish","type":"product","link":"https:\/\/roveyayinevi.com.tr\/index.php\/urun\/en-sevgili-super-kahraman\/","title":{"rendered":"En Sevgili S\u00fcper Kahraman"},"content":{"rendered":"<p>Kahraman olmak hi\u00e7 bu kadar&#8221;sevgili&#8221; olmam\u0131\u015ft\u0131. Yaz\u0131p resimledig\u0306i kitaplarla du\u0308nyada ve u\u0308lkemizde c\u0327ok  sevilen sanatc\u0327\u0131 Rocio Bonilla&#8217;dan sevgi dolu ve c\u0327okrenkli bir hika\u0302ye. Bonilla, o\u0308du\u0308llu\u0308 sanatc\u0327\u0131 Oriol Malet&#8217;le bir araya geldig\u0306i yeni o\u0308yku\u0308su\u0308nde pek c\u0327ok su\u0308per kahraman\u0131n yan\u0131 s\u0131ra c\u0327ocuklar\u0131n ailelerinde go\u0308rdu\u0308kleri su\u0308per gu\u0308c\u0327leri, unutulmaz karakterlerle dolu c\u0327ocukluk du\u0308nyas\u0131n\u0131 resmediyor. Kitaplarla, hayallerle, do\u011fayla ve hayvanlarla i\u00e7 i\u00e7e renkli bir d\u00fcnya kuruyor. Go\u0308z al\u0131c\u0131 desenleri ve zengin go\u0308rsel anlat\u0131m\u0131yla zihinlerde say\u0131s\u0131z pencere ac\u0327an kitap, sadece c\u0327ocuklar\u0131n deg\u0306il, her yas\u0327tan okurun da kalbine dokunuyor. D\u00fcnyay\u0131 sevgiyle kurtaranlar\u0131n ve ya\u015fam\u0131n devam etmesini sa\u011flayanlar\u0131n yan\u0131ba\u015f\u0131m\u0131zda olabilece\u011fini an\u0131msat\u0131yor&#8230;Diego s\u00fcper kahramanlardan b\u00fcy\u00fclenen bir \u00e7ocuktu. Onlar\u0131n k\u0131yafetlerini giyer, dedesinin anlatt\u0131\u011f\u0131 hik\u00e2yeleri heyecanla dinlerdi. Daha fazla \u015fey okuyabilmek i\u00e7in s\u0131k s\u0131k kitap\u00e7\u0131ya giderdi. Herkesin s\u00fcper kahraman\u0131 farkl\u0131 ve \u00e7ok \u00f6zeldi. Diego hepsine bay\u0131l\u0131yordu, ama aralar\u0131ndan biri onun &#8220;en sevdi\u011fi&#8221;ydi: Mega G\u00fc\u00e7. Ola\u011fan\u00fcst\u00fc g\u00fc\u00e7lerinin yan\u0131 s\u0131ra ilgin\u00e7 bir de \u00f6zelli\u011fi vard\u0131: Diego&#8217;nun hep yak\u0131n\u0131ndayd\u0131&#8230;<\/p>\n","protected":false},"excerpt":{"rendered":"<p>Kahraman olmak hi\u00e7 bu kadar&#8221;sevgili&#8221; olmam\u0131\u015ft\u0131. Yaz\u0131p resimledig\u0306i kitaplarla du\u0308nyada ve u\u0308lkemizde c\u0327ok sevilen sanatc\u0327\u0131 Rocio Bonilla&#8217;dan sevgi dolu ve c\u0327okrenkli bir hika\u0302ye. Bonilla, o\u0308du\u0308llu\u0308 sanatc\u0327\u0131<span class=\"excerpt-hellip\"> [\u2026]<\/span><\/p>\n","protected":false},"featured_media":0,"template":"","meta":{"_monsterinsights_skip_tracking":false,"_monsterinsights_sitenote_active":false,"_monsterinsights_sitenote_note":"","_monsterinsights_sitenote_category":0},"product_brand":[],"product_cat":[12913,12274],"product_tag":[],"class_list":{"0":"post-725736","1":"product","2":"type-product","3":"status-publish","5":"product_cat-3-6-yas-kitaplari","6":"product_cat-cocuk-ve-genclik-kitaplari","7":"pa_cilt-ciltsiz","8":"pa_tur-kitap","9":"pa_yayinevi-gunisigi-kitapligi","10":"pa_yazar-rocio-bonilla","12":"first","13":"instock","14":"sale","15":"shipping-taxable","16":"purchasable","17":"product-type-simple"},"_links":{"self":[{"href":"https:\/\/roveyayinevi.com.tr\/index.php\/wp-json\/wp\/v2\/product\/725736","targetHints":{"allow":["GET"]}}],"collection":[{"href":"https:\/\/roveyayinevi.com.tr\/index.php\/wp-json\/wp\/v2\/product"}],"about":[{"href":"https:\/\/roveyayinevi.com.tr\/index.php\/wp-json\/wp\/v2\/types\/product"}],"wp:attachment":[{"href":"https:\/\/roveyayinevi.com.tr\/index.php\/wp-json\/wp\/v2\/media?parent=725736"}],"wp:term":[{"taxonomy":"product_brand","embeddable":true,"href":"https:\/\/roveyayinevi.com.tr\/index.php\/wp-json\/wp\/v2\/product_brand?post=725736"},{"taxonomy":"product_cat","embeddable":true,"href":"https:\/\/roveyayinevi.com.tr\/index.php\/wp-json\/wp\/v2\/product_cat?post=725736"},{"taxonomy":"product_tag","embeddable":true,"href":"https:\/\/roveyayinevi.com.tr\/index.php\/wp-json\/wp\/v2\/product_tag?post=725736"}],"curies":[{"name":"wp","href":"https:\/\/api.w.org\/{rel}","templated":true}]}}