{"id":725735,"date":"2025-08-27T19:55:14","date_gmt":"2025-08-27T16:55:14","guid":{"rendered":"https:\/\/roveyayinevi.com.tr\/index.php\/urun\/bir-matematik-hikayesi\/"},"modified":"2026-04-16T02:33:36","modified_gmt":"2026-04-15T23:33:36","slug":"bir-matematik-hikayesi","status":"publish","type":"product","link":"https:\/\/roveyayinevi.com.tr\/index.php\/urun\/bir-matematik-hikayesi\/","title":{"rendered":"Bir Matematik Hikayesi"},"content":{"rendered":"<p>Matemati\u011fi sevmek ya da sevmemek. \u0130\u015fte b\u00fct\u00fcn mesele bu!Matemati\u011fe kar\u015f\u0131 beslenen \u00f6nyarg\u0131lar\u0131 y\u0131kmak ve \u00e7ocuklar\u0131 say\u0131lar\u0131n d\u00fcnyas\u0131na yakla\u015ft\u0131rmak gibi idealist bir felsefesi bulunan deneyimli \u00f6\u011fretmen S\u00fcmeyra G\u00fczel&#8217;in kaleme ald\u0131\u011f\u0131 Bir Matematik Hik\u00e2yesi; matemati\u011fin g\u00fcndelik hayat\u0131m\u0131zdaki yerine dikkat \u00e7ekiyor.Say\u0131lar\u0131n ard\u0131nda yatan ger\u00e7ekleri merak edenlerin ya da her f\u0131rsatta matemati\u011fin ne kadar zor ve gereksiz oldu\u011funu dile getirenlerin zihinlerinde u\u00e7u\u015fup duran soru balonlar\u0131na yan\u0131t bulmaya \u00e7al\u0131\u015fan bu sohbet tad\u0131ndaki kitap, \u00f6\u011freticili\u011fe ka\u00e7madan, matemati\u011fi y\u00fcrekten sevmenin k\u0131sa yollar\u0131n\u0131 payla\u015f\u0131yor.Mizahtan beslenen e\u011flenceli \u00fcslubuyla, hem g\u00fcld\u00fcren hem de d\u00fc\u015f\u00fcnd\u00fcren Bir Matematik Hik\u00e2yesi, fark\u0131nda olmadan kulland\u0131\u011f\u0131m\u0131z matematiksel durumlara i\u015faret ediyor ve matematik bilenlerin i\u015fini \u015fansa de\u011fil, akla b\u0131rakacaklar\u0131n\u0131 hat\u0131rlat\u0131yor.Bir \u00e7ay ka\u015f\u0131\u011f\u0131na ka\u00e7 pirin\u00e7 tanesi s\u0131\u011far?Zenginin paras\u0131 z\u00fc\u011f\u00fcrd\u00fcn nesine yarar?Peki, bir tepsi mant\u0131n\u0131n matematikle ne ilgisi var?Mant\u0131kl\u0131 d\u00fc\u015f\u00fcnmek bir matematik meselesidir demi\u015fler. O halde gelin matematik \u00fczerine biraz kafa yoral\u0131m. Milattan \u00d6ncesine uzan\u0131p \u0131\u015f\u0131k h\u0131z\u0131yla g\u00fcn\u00fcm\u00fcze d\u00f6nelim. Pisagor ve Gauss&#8217;la birlikte d\u00fc\u015f\u00fcnmenin yollar\u0131n\u0131 ara\u015ft\u0131ral\u0131m. Sonsuzlu\u011fun sonu olup olmad\u0131\u011f\u0131n\u0131 tart\u0131\u015f\u0131p Pi say\u0131s\u0131n\u0131 sorgulayal\u0131m. Matematik sayesinde yapabilece\u011fimiz iyiliklerin b\u00fcy\u00fckl\u00fc\u011f\u00fcn\u00fc hesaplayal\u0131m. Evet, yanl\u0131\u015f okumad\u0131n\u0131z, bunlar\u0131n hepsini ve \u00e7ok daha fazlas\u0131n\u0131 matematikle yapmak m\u00fcmk\u00fcn! Gelin, \u00f6nyarg\u0131lar\u0131m\u0131z\u0131 bir kenara b\u0131rak\u0131p bir kez olsun matemati\u011fe s\u00f6z hakk\u0131 tan\u0131yal\u0131m&#8230;Ya\u015fam\u0131m\u0131z\u0131 d\u00fczenlemek i\u00e7in att\u0131\u011f\u0131m\u0131z her ad\u0131mda kap\u0131s\u0131n\u0131 t\u0131klatt\u0131\u011f\u0131m\u0131z matemati\u011fi g\u00fcnl\u00fck hayat\u0131m\u0131zdan kesitler e\u015fli\u011finde aktarma yoluna giden S\u00fcmeyra G\u00fczel bu kitab\u0131yla, matemati\u011fin bize sadece say\u0131lar\u0131 de\u011fil, ayn\u0131 zamanda insanl\u0131\u011f\u0131 da anlatt\u0131\u011f\u0131n\u0131 savunarak zihinleri a\u00e7\u0131yor.<\/p>\n","protected":false},"excerpt":{"rendered":"<p>Matemati\u011fi sevmek ya da sevmemek. \u0130\u015fte b\u00fct\u00fcn mesele bu!Matemati\u011fe kar\u015f\u0131 beslenen \u00f6nyarg\u0131lar\u0131 y\u0131kmak ve \u00e7ocuklar\u0131 say\u0131lar\u0131n d\u00fcnyas\u0131na yakla\u015ft\u0131rmak gibi idealist bir felsefesi bulunan deneyimli \u00f6\u011fretmen S\u00fcmeyra<span class=\"excerpt-hellip\"> [\u2026]<\/span><\/p>\n","protected":false},"featured_media":0,"template":"","meta":{"_monsterinsights_skip_tracking":false,"_monsterinsights_sitenote_active":false,"_monsterinsights_sitenote_note":"","_monsterinsights_sitenote_category":0},"product_brand":[],"product_cat":[12274,15842],"product_tag":[],"class_list":{"0":"post-725735","1":"product","2":"type-product","3":"status-publish","5":"product_cat-cocuk-ve-genclik-kitaplari","6":"product_cat-egitici-kitaplar","7":"pa_cilt-ciltsiz","8":"pa_tur-kitap","9":"pa_yayinevi-tudem-yayinlari","10":"pa_yazar-sumeyra-guzel","12":"first","13":"instock","14":"sale","15":"shipping-taxable","16":"purchasable","17":"product-type-simple"},"_links":{"self":[{"href":"https:\/\/roveyayinevi.com.tr\/index.php\/wp-json\/wp\/v2\/product\/725735","targetHints":{"allow":["GET"]}}],"collection":[{"href":"https:\/\/roveyayinevi.com.tr\/index.php\/wp-json\/wp\/v2\/product"}],"about":[{"href":"https:\/\/roveyayinevi.com.tr\/index.php\/wp-json\/wp\/v2\/types\/product"}],"wp:attachment":[{"href":"https:\/\/roveyayinevi.com.tr\/index.php\/wp-json\/wp\/v2\/media?parent=725735"}],"wp:term":[{"taxonomy":"product_brand","embeddable":true,"href":"https:\/\/roveyayinevi.com.tr\/index.php\/wp-json\/wp\/v2\/product_brand?post=725735"},{"taxonomy":"product_cat","embeddable":true,"href":"https:\/\/roveyayinevi.com.tr\/index.php\/wp-json\/wp\/v2\/product_cat?post=725735"},{"taxonomy":"product_tag","embeddable":true,"href":"https:\/\/roveyayinevi.com.tr\/index.php\/wp-json\/wp\/v2\/product_tag?post=725735"}],"curies":[{"name":"wp","href":"https:\/\/api.w.org\/{rel}","templated":true}]}}