{"id":725734,"date":"2025-08-27T19:55:14","date_gmt":"2025-08-27T16:55:14","guid":{"rendered":"https:\/\/roveyayinevi.com.tr\/index.php\/urun\/psikoloji-diyor-ki-duygularinin-kolesi-olmayan-hayatinin-efendisi-olur\/"},"modified":"2026-04-16T02:33:36","modified_gmt":"2026-04-15T23:33:36","slug":"psikoloji-diyor-ki-duygularinin-kolesi-olmayan-hayatinin-efendisi-olur","status":"publish","type":"product","link":"https:\/\/roveyayinevi.com.tr\/index.php\/urun\/psikoloji-diyor-ki-duygularinin-kolesi-olmayan-hayatinin-efendisi-olur\/","title":{"rendered":"Psikoloji Diyor ki Duygular\u0131n\u0131n K\u00f6lesi Olmayan Hayat\u0131n\u0131n Efendisi Olur"},"content":{"rendered":"<p>Duygular anne karn\u0131nda ba\u015flar. Bebeklik ve \u00e7ocuklukta geli\u015fir. \u00c7ocuklukta bast\u0131r\u0131lm\u0131\u015f ve ya\u015fanmam\u0131\u015f duygular gelecekteki ya\u015fam\u0131m\u0131z\u0131 olumsuz etkiler. Ya\u015fama anlam katmak i\u00e7in \u00f6nce duygular\u0131n fark\u0131na varmal\u0131 ve iyile\u015fmek i\u00e7in duygular\u0131m\u0131z\u0131 \u00f6zg\u00fcrce ya\u015famal\u0131y\u0131z.Duygular bizim iyi ve k\u00f6t\u00fc hissetmemize neden olan i\u015faretlerdir, insan\u0131 kesin iyi ve k\u00f6t\u00fc yapmazlar. Pozitif duygular ama\u00e7lar\u0131m\u0131za ula\u015fmam\u0131zda motivasyon sa\u011flar ve hayat\u0131m\u0131za renk katar. Negatif duygular a\u015f\u0131r\u0131 \u015fekilde ya\u015fand\u0131\u011f\u0131 zaman strese, verimsizli\u011fe, t\u00fckenmi\u015fli\u011fe ve b\u0131kk\u0131nl\u0131\u011fa neden olur. \u00d6nemli olan b\u00fct\u00fcn duygular\u0131 dengede tutabilmektir. Bu kitapta duygular\u0131n\u0131 ke\u015ffedip onlar\u0131 nas\u0131l dengede tutabilece\u011fini anlatmaya \u00e7al\u0131\u015ft\u0131m \u00e7\u00fcnk\u00fc duygular\u0131 soldurmak da ye\u015fertmek de senin elinde.<\/p>\n","protected":false},"excerpt":{"rendered":"<p>Duygular anne karn\u0131nda ba\u015flar. Bebeklik ve \u00e7ocuklukta geli\u015fir. \u00c7ocuklukta bast\u0131r\u0131lm\u0131\u015f ve ya\u015fanmam\u0131\u015f duygular gelecekteki ya\u015fam\u0131m\u0131z\u0131 olumsuz etkiler. Ya\u015fama anlam katmak i\u00e7in \u00f6nce duygular\u0131n fark\u0131na varmal\u0131 ve<span class=\"excerpt-hellip\"> [\u2026]<\/span><\/p>\n","protected":false},"featured_media":0,"template":"","meta":{"_monsterinsights_skip_tracking":false,"_monsterinsights_sitenote_active":false,"_monsterinsights_sitenote_note":"","_monsterinsights_sitenote_category":0},"product_brand":[],"product_cat":[12364,12376],"product_tag":[],"class_list":{"0":"post-725734","1":"product","2":"type-product","3":"status-publish","5":"product_cat-genel-konular","6":"product_cat-kisisel-gelisim","7":"pa_cilt-ciltsiz","8":"pa_tur-kitap","9":"pa_yayinevi-destek-yayinlari","10":"pa_yazar-burak-oge","12":"first","13":"instock","14":"sale","15":"shipping-taxable","16":"purchasable","17":"product-type-simple"},"_links":{"self":[{"href":"https:\/\/roveyayinevi.com.tr\/index.php\/wp-json\/wp\/v2\/product\/725734","targetHints":{"allow":["GET"]}}],"collection":[{"href":"https:\/\/roveyayinevi.com.tr\/index.php\/wp-json\/wp\/v2\/product"}],"about":[{"href":"https:\/\/roveyayinevi.com.tr\/index.php\/wp-json\/wp\/v2\/types\/product"}],"wp:attachment":[{"href":"https:\/\/roveyayinevi.com.tr\/index.php\/wp-json\/wp\/v2\/media?parent=725734"}],"wp:term":[{"taxonomy":"product_brand","embeddable":true,"href":"https:\/\/roveyayinevi.com.tr\/index.php\/wp-json\/wp\/v2\/product_brand?post=725734"},{"taxonomy":"product_cat","embeddable":true,"href":"https:\/\/roveyayinevi.com.tr\/index.php\/wp-json\/wp\/v2\/product_cat?post=725734"},{"taxonomy":"product_tag","embeddable":true,"href":"https:\/\/roveyayinevi.com.tr\/index.php\/wp-json\/wp\/v2\/product_tag?post=725734"}],"curies":[{"name":"wp","href":"https:\/\/api.w.org\/{rel}","templated":true}]}}