{"id":725730,"date":"2025-08-27T19:55:11","date_gmt":"2025-08-27T16:55:11","guid":{"rendered":"https:\/\/roveyayinevi.com.tr\/index.php\/urun\/ataturkun-yasaklanan-kitabi\/"},"modified":"2026-04-16T02:33:36","modified_gmt":"2026-04-15T23:33:36","slug":"ataturkun-yasaklanan-kitabi","status":"publish","type":"product","link":"https:\/\/roveyayinevi.com.tr\/index.php\/urun\/ataturkun-yasaklanan-kitabi\/","title":{"rendered":"Atat\u00fcrk\u2019\u00fcn Yasaklanan Kitab\u0131"},"content":{"rendered":"<p>Osmanl\u0131 Ortado\u011fu\u2019yu ve Kud\u00fcs\u2019\u00fc kaybederken kendi i\u00e7imizde bizimle beraber ya\u015fayanlar bizi ma\u011flubiyete ta\u015f\u0131yan sonucu tayin etmi\u015flerdi. N\u0130L\u0130 Yahudi yerel istihbarat \u00f6rg\u00fct\u00fc, \u0130ngiliz ordusuna Osmanl\u0131 ordusunun geri plan\u0131 hakk\u0131nda bilgi aktar\u0131yordu. Kud\u00fcs bu y\u00fczden kaybedilmi\u015fti.Bu tarihsel arka plan\u0131n tan\u0131\u011f\u0131 Mustafa Kemal Atat\u00fcrk, Siyonist \u0130srail Devleti\u2019nin kurulu\u015f s\u00fcrecinde, 1937 y\u0131l\u0131nda \u015funlar\u0131 s\u00f6ylemek durumunda kalm\u0131\u015ft\u0131:\u201c\u015eimdi kendimize k\u00e2fi derecede g\u00fcvenip ve kudretimizi bildi\u011fimiz i\u00e7in, \u0130slamiyet\u2019in mukaddes yerlerinin Musevilerin ve H\u0131ristiyanlar\u0131n n\u00fcfuzunun alt\u0131na girmesine m\u00e2ni olaca\u011f\u0131z. Buralar\u0131n Avrupa emperyalizminin oyun sahas\u0131 olmas\u0131na m\u00fcsaade etmeyece\u011fiz. Peygamber\u2019in son arzusunu, mukaddes topraklar\u0131n daima \u0130slam h\u00e2kimiyetinde kalmas\u0131n\u0131 temin i\u00e7in hemen bug\u00fcn kan\u0131m\u0131z\u0131 d\u00f6kmeye haz\u0131r\u0131z.\u201dHaziran 1937, TBMMBa\u015fbakanl\u0131k Cumhuriyet Ar\u015fivleriAtat\u00fcrk taraf\u0131ndan bas\u0131lma emri verilen ve yine Atat\u00fcrk\u2019\u00fcn kurdu\u011fu devletin kurumlar\u0131 taraf\u0131ndan toplat\u0131larak yasaklanan elinizde tuttu\u011funuz bu kitap hik\u00e2ye tad\u0131nda bir istihbarat kitab\u0131 olmas\u0131n\u0131n yan\u0131nda stratejik ve gizli bilgiler i\u00e7ermektedir.ATAT\u00dcRK\u2019\u00dcN YASAKLANAN K\u0130TABI Siyonizm\u2019in geli\u015fim s\u00fcrecine ve devletle\u015fmesine farkl\u0131 bir bak\u0131\u015f a\u00e7\u0131s\u0131 getiren, g\u00fcn\u00fcm\u00fcz olaylar\u0131yla ba\u011flant\u0131s\u0131n\u0131 kuran, Mescid-i Aksa tart\u0131\u015fmalar\u0131n\u0131n g\u00fcncel oldu\u011fu bir d\u00f6nemde her bak\u0131mdan tart\u0131\u015fma yaratacakt\u0131r.E\u011fer bu kitapta yer alan bilgiler ve ya\u015fanm\u0131\u015fl\u0131klar T\u00fcrk ordusuna iyice \u00f6\u011fretilmi\u015f olsayd\u0131, Ergenekon, Balyoz, Sar\u0131k\u0131z gibi isimlerle adland\u0131r\u0131lan yurtd\u0131\u015f\u0131 kaynakl\u0131 istihbarat ve devlet m\u00fcdahaleleri ger\u00e7ekle\u015fmezdi. Daha \u00f6tesi 15 Temmuz darbe giri\u015fimi hi\u00e7 ya\u015fanmazd\u0131.<\/p>\n","protected":false},"excerpt":{"rendered":"<p>Osmanl\u0131 Ortado\u011fu\u2019yu ve Kud\u00fcs\u2019\u00fc kaybederken kendi i\u00e7imizde bizimle beraber ya\u015fayanlar bizi ma\u011flubiyete ta\u015f\u0131yan sonucu tayin etmi\u015flerdi. N\u0130L\u0130 Yahudi yerel istihbarat \u00f6rg\u00fct\u00fc, \u0130ngiliz ordusuna Osmanl\u0131 ordusunun geri<span class=\"excerpt-hellip\"> [\u2026]<\/span><\/p>\n","protected":false},"featured_media":0,"template":"","meta":{"_monsterinsights_skip_tracking":false,"_monsterinsights_sitenote_active":false,"_monsterinsights_sitenote_note":"","_monsterinsights_sitenote_category":0},"product_brand":[],"product_cat":[12370,12304],"product_tag":[],"class_list":{"0":"post-725730","1":"product","2":"type-product","3":"status-publish","5":"product_cat-arastirma-inceleme","6":"product_cat-tarih","7":"pa_cilt-ciltsiz","8":"pa_tur-kitap","9":"pa_yayinevi-destek-yayinlari","10":"pa_yazar-huseyin-hakki-kahveci","12":"first","13":"instock","14":"sale","15":"shipping-taxable","16":"purchasable","17":"product-type-simple"},"_links":{"self":[{"href":"https:\/\/roveyayinevi.com.tr\/index.php\/wp-json\/wp\/v2\/product\/725730","targetHints":{"allow":["GET"]}}],"collection":[{"href":"https:\/\/roveyayinevi.com.tr\/index.php\/wp-json\/wp\/v2\/product"}],"about":[{"href":"https:\/\/roveyayinevi.com.tr\/index.php\/wp-json\/wp\/v2\/types\/product"}],"wp:attachment":[{"href":"https:\/\/roveyayinevi.com.tr\/index.php\/wp-json\/wp\/v2\/media?parent=725730"}],"wp:term":[{"taxonomy":"product_brand","embeddable":true,"href":"https:\/\/roveyayinevi.com.tr\/index.php\/wp-json\/wp\/v2\/product_brand?post=725730"},{"taxonomy":"product_cat","embeddable":true,"href":"https:\/\/roveyayinevi.com.tr\/index.php\/wp-json\/wp\/v2\/product_cat?post=725730"},{"taxonomy":"product_tag","embeddable":true,"href":"https:\/\/roveyayinevi.com.tr\/index.php\/wp-json\/wp\/v2\/product_tag?post=725730"}],"curies":[{"name":"wp","href":"https:\/\/api.w.org\/{rel}","templated":true}]}}