{"id":725728,"date":"2025-08-27T19:55:10","date_gmt":"2025-08-27T16:55:10","guid":{"rendered":"https:\/\/roveyayinevi.com.tr\/index.php\/urun\/peter-pan-15\/"},"modified":"2026-04-16T02:33:36","modified_gmt":"2026-04-15T23:33:36","slug":"peter-pan-15","status":"publish","type":"product","link":"https:\/\/roveyayinevi.com.tr\/index.php\/urun\/peter-pan-15\/","title":{"rendered":"Peter Pan"},"content":{"rendered":"<p>B\u00fct\u00fcn \u00e7ocuklar b\u00fcy\u00fcr; biri d\u0131\u015f\u0131nda.\u201dDarling ailesinin \u00e7ocuklar\u0131 Wendy, Michael ve John, geceleri ziyaret ettikleri hayal \u00e2leminde Peter Pan\u2019le tan\u0131\u015f\u0131r. Ele avuca s\u0131\u011fmayan bu tuhaf \u00e7ocuk, Wendy ve karde\u015flerine u\u00e7may\u0131 \u00f6\u011fretecek, onlar\u0131 ya\u015fad\u0131\u011f\u0131 Yok\u00fclke\u2019ye, hayatlar\u0131n\u0131n en unutulmaz maceralar\u0131na g\u00f6t\u00fcrecektir.\u00c7ocuklu\u011fun sihirli \u00fclkesinde, korsanlar, periler ve Peter\u2019\u0131n dostlar\u0131 Kay\u0131p \u00c7ocuklar aras\u0131nda ge\u00e7en, hayal g\u00fcc\u00fcne, masumiyete ve b\u00fcy\u00fcmeye dair hi\u00e7 eskimeyecek bir hik\u00e2ye Peter Pan.J. M. Barrie\u2019nin klasik roman\u0131 y\u00fcz y\u0131l\u0131 a\u015fk\u0131n zamand\u0131r her ya\u015ftan okuru b\u00fcy\u00fclemeye devam ediyor.<\/p>\n","protected":false},"excerpt":{"rendered":"<p>B\u00fct\u00fcn \u00e7ocuklar b\u00fcy\u00fcr; biri d\u0131\u015f\u0131nda.\u201dDarling ailesinin \u00e7ocuklar\u0131 Wendy, Michael ve John, geceleri ziyaret ettikleri hayal \u00e2leminde Peter Pan\u2019le tan\u0131\u015f\u0131r. Ele avuca s\u0131\u011fmayan bu tuhaf \u00e7ocuk, Wendy<span class=\"excerpt-hellip\"> [\u2026]<\/span><\/p>\n","protected":false},"featured_media":0,"template":"","meta":{"_monsterinsights_skip_tracking":false,"_monsterinsights_sitenote_active":false,"_monsterinsights_sitenote_note":"","_monsterinsights_sitenote_category":0},"product_brand":[],"product_cat":[12275,12274],"product_tag":[],"class_list":{"0":"post-725728","1":"product","2":"type-product","3":"status-publish","5":"product_cat-6-12-yas-kitaplari","6":"product_cat-cocuk-ve-genclik-kitaplari","7":"pa_cilt-ciltsiz","8":"pa_tur-kitap","9":"pa_yayinevi-yapi-kredi-yayinlari","10":"pa_yazar-james-matthew-barrie","12":"first","13":"instock","14":"sale","15":"shipping-taxable","16":"purchasable","17":"product-type-simple"},"_links":{"self":[{"href":"https:\/\/roveyayinevi.com.tr\/index.php\/wp-json\/wp\/v2\/product\/725728","targetHints":{"allow":["GET"]}}],"collection":[{"href":"https:\/\/roveyayinevi.com.tr\/index.php\/wp-json\/wp\/v2\/product"}],"about":[{"href":"https:\/\/roveyayinevi.com.tr\/index.php\/wp-json\/wp\/v2\/types\/product"}],"wp:attachment":[{"href":"https:\/\/roveyayinevi.com.tr\/index.php\/wp-json\/wp\/v2\/media?parent=725728"}],"wp:term":[{"taxonomy":"product_brand","embeddable":true,"href":"https:\/\/roveyayinevi.com.tr\/index.php\/wp-json\/wp\/v2\/product_brand?post=725728"},{"taxonomy":"product_cat","embeddable":true,"href":"https:\/\/roveyayinevi.com.tr\/index.php\/wp-json\/wp\/v2\/product_cat?post=725728"},{"taxonomy":"product_tag","embeddable":true,"href":"https:\/\/roveyayinevi.com.tr\/index.php\/wp-json\/wp\/v2\/product_tag?post=725728"}],"curies":[{"name":"wp","href":"https:\/\/api.w.org\/{rel}","templated":true}]}}