{"id":725723,"date":"2025-08-27T19:55:06","date_gmt":"2025-08-27T16:55:06","guid":{"rendered":"https:\/\/roveyayinevi.com.tr\/index.php\/urun\/kocamin-adi-agzimin-tadi\/"},"modified":"2026-04-16T02:33:35","modified_gmt":"2026-04-15T23:33:35","slug":"kocamin-adi-agzimin-tadi","status":"publish","type":"product","link":"https:\/\/roveyayinevi.com.tr\/index.php\/urun\/kocamin-adi-agzimin-tadi\/","title":{"rendered":"Kocam\u0131n Ad\u0131 A\u011fz\u0131m\u0131n Tad\u0131"},"content":{"rendered":"<p>\u201cBiz onunla kimsesizli\u011fimizi s\u0131rtlar\u0131m\u0131za di\u015fledik. D\u00f6rt duvar aras\u0131nda her \u015fey olur. Utand\u0131rmay\u0131n beni. Aman!\u201d\u201c\u00c7ok g\u00fcnlerimiz ge\u00e7ti beraber. Yedik, i\u00e7tik, g\u00fcld\u00fck, e\u011flendik, geldik, ge\u00e7tik. Hayat ne tuhaf. Orda da ya\u015fam ak\u0131yor. Burada da. Sen ordas\u0131n ben burada. Ama bize benzeyen kimse yok. Uza\u011f\u0131nda olmak, bir yuma\u011fa dolanmak. Dal ser\u00e7esi. Art\u0131k g\u00fcnleri \u015f\u00f6yle say\u0131yorum; sensiz \u00f6ncesi, senli, senli ertesi, sensizlik \u00f6ncesi, sensizlik \u00f6ncesi ertesi, uzun sensizlik. Ve daha \u00f6tesi. Var m\u0131 ki?\u201dEsra Erdo\u011fan\u2019dan geni\u015f bir duygu yelpazesine sahip, capcanl\u0131 bir ilk kitap. K\u0131sa ve enerjik c\u00fcmlelerle kurulmu\u015f, incelikli ve derin \u00f6yk\u00fclerin her bir c\u00fcmlesi, hik\u00e2ye ki\u015fisinin tuzla buz olmu\u015f kalbinin bir par\u00e7as\u0131. Adeta. <\/p>\n","protected":false},"excerpt":{"rendered":"<p>\u201cBiz onunla kimsesizli\u011fimizi s\u0131rtlar\u0131m\u0131za di\u015fledik. D\u00f6rt duvar aras\u0131nda her \u015fey olur. Utand\u0131rmay\u0131n beni. Aman!\u201d\u201c\u00c7ok g\u00fcnlerimiz ge\u00e7ti beraber. Yedik, i\u00e7tik, g\u00fcld\u00fck, e\u011flendik, geldik, ge\u00e7tik. Hayat ne tuhaf.<span class=\"excerpt-hellip\"> [\u2026]<\/span><\/p>\n","protected":false},"featured_media":0,"template":"","meta":{"_monsterinsights_skip_tracking":false,"_monsterinsights_sitenote_active":false,"_monsterinsights_sitenote_note":"","_monsterinsights_sitenote_category":0},"product_brand":[],"product_cat":[12291,12711],"product_tag":[],"class_list":{"0":"post-725723","1":"product","2":"type-product","3":"status-publish","5":"product_cat-edebiyat","6":"product_cat-roman-oyku","7":"pa_cilt-ciltsiz","8":"pa_tur-kitap","9":"pa_yayinevi-yapi-kredi-yayinlari","10":"pa_yazar-esra-erdogan","12":"first","13":"instock","14":"sale","15":"shipping-taxable","16":"purchasable","17":"product-type-simple"},"_links":{"self":[{"href":"https:\/\/roveyayinevi.com.tr\/index.php\/wp-json\/wp\/v2\/product\/725723","targetHints":{"allow":["GET"]}}],"collection":[{"href":"https:\/\/roveyayinevi.com.tr\/index.php\/wp-json\/wp\/v2\/product"}],"about":[{"href":"https:\/\/roveyayinevi.com.tr\/index.php\/wp-json\/wp\/v2\/types\/product"}],"wp:attachment":[{"href":"https:\/\/roveyayinevi.com.tr\/index.php\/wp-json\/wp\/v2\/media?parent=725723"}],"wp:term":[{"taxonomy":"product_brand","embeddable":true,"href":"https:\/\/roveyayinevi.com.tr\/index.php\/wp-json\/wp\/v2\/product_brand?post=725723"},{"taxonomy":"product_cat","embeddable":true,"href":"https:\/\/roveyayinevi.com.tr\/index.php\/wp-json\/wp\/v2\/product_cat?post=725723"},{"taxonomy":"product_tag","embeddable":true,"href":"https:\/\/roveyayinevi.com.tr\/index.php\/wp-json\/wp\/v2\/product_tag?post=725723"}],"curies":[{"name":"wp","href":"https:\/\/api.w.org\/{rel}","templated":true}]}}