{"id":725719,"date":"2025-08-27T19:55:02","date_gmt":"2025-08-27T16:55:02","guid":{"rendered":"https:\/\/roveyayinevi.com.tr\/index.php\/urun\/mutluluk-isi\/"},"modified":"2026-04-13T02:41:32","modified_gmt":"2026-04-12T23:41:32","slug":"mutluluk-isi","status":"publish","type":"product","link":"https:\/\/roveyayinevi.com.tr\/index.php\/urun\/mutluluk-isi\/","title":{"rendered":"Mutluluk \u0130\u015fi"},"content":{"rendered":"<p>\u00d6ncelikle bu kitapta temel hedefim mutlulu\u011fa dair bir felsefeci olarak neler d\u00fc\u015f\u00fcnd\u00fc\u011f\u00fcm\u00fc payla\u015fmak de\u011fil. \u00c7\u00fcnk\u00fc biliyorum ki, en e\u011fitimden yoksun kalm\u0131\u015f ki\u015fiden akademik basamaklar\u0131 birer birer \u00e7\u0131km\u0131\u015f en bilge ki\u015filere kadar herkes d\u00fc\u015f\u00fcnmektedir. \u0130stemesek bile d\u00fc\u015f\u00fcnd\u00fc\u011f\u00fcm\u00fcz i\u00e7in asl\u0131nda hepimiz k\u0131smen birer felsefeciyiz. Belki felsefe e\u011fitimi alanlar\u0131 almayanlardan ay\u0131ran tek fark, felsefecinin sistemli d\u00fc\u015f\u00fcnmeyi meslek haline getirmi\u015f olmas\u0131d\u0131r. Yani istesek de istemesek de d\u00fc\u015f\u00fcn\u00fcyoruz ve hepsinden \u00f6nemlisi hepimiz ya\u015f\u0131yoruz. Bu y\u00fczden asl\u0131nda mutluluk hepimizin derdi. Hayata gelmi\u015f olmam\u0131z yeterli. Demek istedi\u011fim; s\u0131radan bir insan olarak, kimli\u011finden, e\u011fitiminden, hobilerinden, \u015fundan bundan soyunmu\u015f olarak, basit ve sade bir isim olarak ben mutluluktan ne anl\u0131yorum ve neler deneyip mutlulu\u011fumu art\u0131rabildim, bunu payla\u015fmak istiyorum. \u015e\u00fcphesiz herkes i\u00e7in gelir ge\u00e7er bir mutluluk re\u00e7etesi yoktur. O y\u00fczden ben burada esnek bir yol haritas\u0131 sunuyorum\u2026\u201dBu kitap ilginizi \u00e7ekti de\u011fil mi? \u00c7\u00fcnk\u00fc siz de herkes gibi mutlu olmak istiyorsunuz. O zaman haz\u0131r olun \u00e7\u00fcnk\u00fc yazar Deniz Ertu\u011f geli\u015ftirdi\u011fi \u2018Yarat\u0131c\u0131 Ya\u015fam\u2019 y\u00f6ntemiyle hayat\u0131n\u0131zdan \u00f6m\u00fcr boyu memnun olman\u0131z\u0131n size \u00f6zel anahtar\u0131n\u0131 sizlerle payla\u015f\u0131yor. Y\u00f6ntemi birebir uygulad\u0131k\u00e7a hayat\u0131n\u0131zdaki mutlu anlar\u0131n her ge\u00e7en g\u00fcn artaca\u011f\u0131n\u0131 deneyimleyeceksiniz.<\/p>\n","protected":false},"excerpt":{"rendered":"<p>\u00d6ncelikle bu kitapta temel hedefim mutlulu\u011fa dair bir felsefeci olarak neler d\u00fc\u015f\u00fcnd\u00fc\u011f\u00fcm\u00fc payla\u015fmak de\u011fil. \u00c7\u00fcnk\u00fc biliyorum ki, en e\u011fitimden yoksun kalm\u0131\u015f ki\u015fiden akademik basamaklar\u0131 birer birer<span class=\"excerpt-hellip\"> [\u2026]<\/span><\/p>\n","protected":false},"featured_media":0,"template":"","meta":{"_monsterinsights_skip_tracking":false,"_monsterinsights_sitenote_active":false,"_monsterinsights_sitenote_note":"","_monsterinsights_sitenote_category":0},"product_brand":[],"product_cat":[12364,12376],"product_tag":[],"class_list":{"0":"post-725719","1":"product","2":"type-product","3":"status-publish","5":"product_cat-genel-konular","6":"product_cat-kisisel-gelisim","7":"pa_cilt-ciltsiz","8":"pa_tur-kitap","9":"pa_yayinevi-luna-yayinlari","10":"pa_yazar-deniz-ertug","12":"first","13":"instock","14":"sale","15":"shipping-taxable","16":"purchasable","17":"product-type-simple"},"_links":{"self":[{"href":"https:\/\/roveyayinevi.com.tr\/index.php\/wp-json\/wp\/v2\/product\/725719","targetHints":{"allow":["GET"]}}],"collection":[{"href":"https:\/\/roveyayinevi.com.tr\/index.php\/wp-json\/wp\/v2\/product"}],"about":[{"href":"https:\/\/roveyayinevi.com.tr\/index.php\/wp-json\/wp\/v2\/types\/product"}],"wp:attachment":[{"href":"https:\/\/roveyayinevi.com.tr\/index.php\/wp-json\/wp\/v2\/media?parent=725719"}],"wp:term":[{"taxonomy":"product_brand","embeddable":true,"href":"https:\/\/roveyayinevi.com.tr\/index.php\/wp-json\/wp\/v2\/product_brand?post=725719"},{"taxonomy":"product_cat","embeddable":true,"href":"https:\/\/roveyayinevi.com.tr\/index.php\/wp-json\/wp\/v2\/product_cat?post=725719"},{"taxonomy":"product_tag","embeddable":true,"href":"https:\/\/roveyayinevi.com.tr\/index.php\/wp-json\/wp\/v2\/product_tag?post=725719"}],"curies":[{"name":"wp","href":"https:\/\/api.w.org\/{rel}","templated":true}]}}