{"id":725718,"date":"2025-08-27T19:55:02","date_gmt":"2025-08-27T16:55:02","guid":{"rendered":"https:\/\/roveyayinevi.com.tr\/index.php\/urun\/ulus-insa-surecinde-ojenik-siyaset-ve-irkcilik\/"},"modified":"2026-04-16T02:33:35","modified_gmt":"2026-04-15T23:33:35","slug":"ulus-insa-surecinde-ojenik-siyaset-ve-irkcilik","status":"publish","type":"product","link":"https:\/\/roveyayinevi.com.tr\/index.php\/urun\/ulus-insa-surecinde-ojenik-siyaset-ve-irkcilik\/","title":{"rendered":"Ulus \u0130n\u015fa S\u00fcrecinde \u00d6jenik Siyaset ve Irk\u00e7\u0131l\u0131k"},"content":{"rendered":"<p>Francis Galton taraf\u0131ndan sistemle\u015ftirilen \u00f6jenik d\u00fc\u015f\u00fcnce, 19. y\u00fczy\u0131l\u0131n sonundan itibaren, \u00f6zellikle de iki d\u00fcnya sava\u015f\u0131 aras\u0131 d\u00f6nemde, Avrupa ve Amerika k\u0131tas\u0131 \u00fclkeleri ba\u015fta olmak \u00fczere; pek \u00e7ok d\u00fcnya \u00fclkesinin n\u00fcfusa, aileye, sa\u011fl\u0131\u011fa, spora ve bedene ili\u015fkin politikalar\u0131nda uygulama alan\u0131 bulmu\u015ftur. Bu kitap, 1883-1946 aras\u0131 d\u00f6nemde Bat\u0131 \u00fclkelerinde ve T\u00fcrkiye\u2019de uygulanan \u00f6jenik politikalar\u0131 incelemektedir. \u0130ncelemeye konu \u00fclkeler ABD, \u0130ngiltere, Fransa, Almanya, \u0130talya, Sovyet Rusya, \u0130skandinav \u00fclkeleri, Latin Amerika \u00fclkeleri, Orta ve G\u00fcneydo\u011fu Avrupa \u00fclkeleri ve T\u00fcrkiye\u2019dir. Kitap, d\u00fcnya \u00fclkeleri ve T\u00fcrkiye\u2019deki \u00f6jenik uygulamalar\u0131 modernite, ulus in\u015f\u00e2 s\u00fcreci, etnik milliyet\u00e7ilik ve \u0131rk\u00e7\u0131l\u0131k ba\u011flam\u0131nda kar\u015f\u0131la\u015ft\u0131rmal\u0131 olarak tart\u0131\u015fmaktad\u0131r<\/p>\n","protected":false},"excerpt":{"rendered":"<p>Francis Galton taraf\u0131ndan sistemle\u015ftirilen \u00f6jenik d\u00fc\u015f\u00fcnce, 19. y\u00fczy\u0131l\u0131n sonundan itibaren, \u00f6zellikle de iki d\u00fcnya sava\u015f\u0131 aras\u0131 d\u00f6nemde, Avrupa ve Amerika k\u0131tas\u0131 \u00fclkeleri ba\u015fta olmak \u00fczere; pek<span class=\"excerpt-hellip\"> [\u2026]<\/span><\/p>\n","protected":false},"featured_media":0,"template":"","meta":{"_monsterinsights_skip_tracking":false,"_monsterinsights_sitenote_active":false,"_monsterinsights_sitenote_note":"","_monsterinsights_sitenote_category":0},"product_brand":[],"product_cat":[13590,12337],"product_tag":[],"class_list":{"0":"post-725718","1":"product","2":"type-product","3":"status-publish","5":"product_cat-arastirma-inceleme-politika-siyaset","6":"product_cat-politika-siyaset","7":"pa_cilt-ciltsiz","8":"pa_tur-kitap","9":"pa_yayinevi-liberte-yayinlari","10":"pa_yazar-ertugrul-eryucel","12":"first","13":"instock","14":"sale","15":"shipping-taxable","16":"purchasable","17":"product-type-simple"},"_links":{"self":[{"href":"https:\/\/roveyayinevi.com.tr\/index.php\/wp-json\/wp\/v2\/product\/725718","targetHints":{"allow":["GET"]}}],"collection":[{"href":"https:\/\/roveyayinevi.com.tr\/index.php\/wp-json\/wp\/v2\/product"}],"about":[{"href":"https:\/\/roveyayinevi.com.tr\/index.php\/wp-json\/wp\/v2\/types\/product"}],"wp:attachment":[{"href":"https:\/\/roveyayinevi.com.tr\/index.php\/wp-json\/wp\/v2\/media?parent=725718"}],"wp:term":[{"taxonomy":"product_brand","embeddable":true,"href":"https:\/\/roveyayinevi.com.tr\/index.php\/wp-json\/wp\/v2\/product_brand?post=725718"},{"taxonomy":"product_cat","embeddable":true,"href":"https:\/\/roveyayinevi.com.tr\/index.php\/wp-json\/wp\/v2\/product_cat?post=725718"},{"taxonomy":"product_tag","embeddable":true,"href":"https:\/\/roveyayinevi.com.tr\/index.php\/wp-json\/wp\/v2\/product_tag?post=725718"}],"curies":[{"name":"wp","href":"https:\/\/api.w.org\/{rel}","templated":true}]}}